{"id":150559,"date":"2015-05-19T15:08:17","date_gmt":"2015-05-19T13:08:17","guid":{"rendered":"https:\/\/plumvillage.org\/thich-nhat-hanh\/"},"modified":"2022-01-24T20:37:35","modified_gmt":"2022-01-24T19:37:35","slug":"thich-nhat-hanh","status":"publish","type":"page","link":"https:\/\/plumvillage.org\/es\/thich-nhat-hanh","title":{"rendered":"Thich Nhat Hanh"},"content":{"rendered":"\n<div class=\"wp-block-cover alignfull is-style-align-left\"><img loading=\"lazy\" decoding=\"async\" width=\"1680\" height=\"870\" class=\"wp-block-cover__image-background wp-image-246914\" alt=\"\" src=\"https:\/\/plumvillage.org\/wp-content\/uploads\/2022\/01\/Thich-Nhat-Hanh-Compassion-Chant.jpg\" style=\"object-position:60% 43%\" data-object-fit=\"cover\" data-object-position=\"60% 43%\" srcset=\"https:\/\/plumvillage.org\/wp-content\/uploads\/2022\/01\/Thich-Nhat-Hanh-Compassion-Chant.jpg 1680w, https:\/\/plumvillage.org\/wp-content\/uploads\/2022\/01\/Thich-Nhat-Hanh-Compassion-Chant-499x258.jpg 499w, https:\/\/plumvillage.org\/wp-content\/uploads\/2022\/01\/Thich-Nhat-Hanh-Compassion-Chant-1024x530.jpg 1024w, https:\/\/plumvillage.org\/wp-content\/uploads\/2022\/01\/Thich-Nhat-Hanh-Compassion-Chant-768x398.jpg 768w, https:\/\/plumvillage.org\/wp-content\/uploads\/2022\/01\/Thich-Nhat-Hanh-Compassion-Chant-1536x795.jpg 1536w\" sizes=\"auto, (max-width: 1680px) 100vw, 1680px\" \/><div class=\"wp-block-cover__inner-container is-layout-flow wp-block-cover-is-layout-flow\">\n<figure class=\"wp-block-pullquote is-tnh-quote\"><blockquote class=\"has-text-color has-cloud-color\"><p>Soy una continuaci\u00f3n, como la lluvia es una continuaci\u00f3n de la nube.<\/p><cite>Thich Nhat Hanh<\/cite><\/blockquote><\/figure>\n\n\n\n<p><\/p>\n<\/div><\/div>\n\n\n\n<div class=\"wp-block-group alignfull is-style-narrow-inner-width has-fresh-earth-background-color has-background is-layout-flow wp-block-group-is-layout-flow\">\n<h2 class=\"has-text-align-center wp-block-heading\">Con una respiraci\u00f3n profunda y consciente, anunciamos que nuestro amado maestro Zen Master Thich Nhat Hanh falleci\u00f3 pac\u00edficamente el 22 de enero de 2022.<\/h2>\n\n\n\n<hr class=\"wp-block-separator is-style-wide\"\/>\n\n\n\n<h4 class=\"wp-block-heading\">M\u00e1s informaci\u00f3n<\/h4>\n\n\n\n<ul class=\"wp-block-list\"><li><a href=\"https:\/\/plumvillage.org\/about\/thich-nhat-hanh\/thich-nhat-hanhs-health\/\">Live Updates<\/a><\/li><li><a href=\"https:\/\/plumvillage.org\/memorial\/\">Upcoming Memorial Services<\/a><\/li><li><a href=\"https:\/\/plumvillage.org\/memorial-practice-resources\/\">Memorial Practice Resources<\/a><\/li><li><a href=\"https:\/\/plumvillage.org\/gratitude-for-thich-nhat-hanh\/\">Share your gratitude<\/a><\/li><li><a href=\"https:\/\/plumvillage.org\/es\/thich-nhat-hanh\/press\/\" data-type=\"page\" data-id=\"155637\">Prensa &amp; Medios<\/a><\/li><li><a href=\"https:\/\/plumvillage.org\/es\/thich-nhat-hanh\/biografia-de-thay-en-espanol-version-de-20-paginas\/\" data-type=\"page\" data-id=\"249637\">Amplia biograf\u00eda de Thich Nhat Hanh<\/a><\/li><\/ul>\n<\/div>\n\n\n<div class=\"menu-block-container\">\n\t<div class=\"menu-block\">\n\t\t\t<\/div>\n<\/div>\n\n\n<h1 class=\"has-text-align-center wp-block-heading\">El maestro zen Thich Nhat Hanh es un l\u00edder espiritual mundial, un poeta y un activista por la paz reverenciado en todo el mundo por sus ense\u00f1anzas pioneras sobre la plena conciencia, una \u00e9tica global y la paz.<\/h1>\n\n\n\n<div class=\"wp-block-media-text alignwide is-stacked-on-mobile is-vertically-aligned-top has-fresh-tree-background-color has-background\" style=\"grid-template-columns:55% auto\"><figure class=\"wp-block-media-text__media\"><img loading=\"lazy\" decoding=\"async\" width=\"800\" height=\"594\" src=\"https:\/\/plumvillage.org\/wp-content\/uploads\/2019\/10\/07-Thich-Nhat-Hanh-with-MLK-31-May-1966-Chicago-Sheraton-Hotel-PHOTO-unknown.jpg\" alt=\"\" class=\"wp-image-139887 size-full\" srcset=\"https:\/\/plumvillage.org\/wp-content\/uploads\/2019\/10\/07-Thich-Nhat-Hanh-with-MLK-31-May-1966-Chicago-Sheraton-Hotel-PHOTO-unknown.jpg 800w, https:\/\/plumvillage.org\/wp-content\/uploads\/2019\/10\/07-Thich-Nhat-Hanh-with-MLK-31-May-1966-Chicago-Sheraton-Hotel-PHOTO-unknown-499x371.jpg 499w, https:\/\/plumvillage.org\/wp-content\/uploads\/2019\/10\/07-Thich-Nhat-Hanh-with-MLK-31-May-1966-Chicago-Sheraton-Hotel-PHOTO-unknown-768x570.jpg 768w\" sizes=\"auto, (max-width: 800px) 100vw, 800px\" \/><\/figure><div class=\"wp-block-media-text__content\">\n<h4 class=\"wp-block-heading\">Biograf\u00eda<\/h4>\n\n\n\n<figure class=\"wp-block-pullquote is-style-no-padding\"><blockquote class=\"has-text-color has-ink-color\"><p>Nuestra propia vida debe ser el mensaje.<\/p><cite>Thich Nhat Hanh<\/cite><\/blockquote><\/figure>\n\n\n\n<div class=\"wp-block-group text-column-2 is-layout-flow wp-block-group-is-layout-flow\">\n<p>Ordenado monje en Vietnam a los 16 a\u00f1os, Thich Nhat Hanh pronto concibi\u00f3 un tipo de budismo comprometido que pudiera responder a las necesidades de la sociedad. <\/p>\n\n\n\n<p>Antes de ser exiliado por haber realizado un llamamiento a la paz, ya era un activista social y destacado maestro en su pa\u00eds natal. <\/p>\n\n\n\n<p>En occidente jug\u00f3 un papel esencial en introducir la plena conciencia (<em>mindfulness<\/em>) y cre\u00f3 comunidades conscientes (<em>sanghas<\/em>) por todo el mundo. Sus ense\u00f1anzas han tenido una gran influencia sobre pol\u00edticos, l\u00edderes empresariales, activistas, maestros y un gran n\u00famero de personas.<\/p>\n\n\n\n<p><a href=\"https:\/\/plumvillage.org\/es\/thich-nhat-hanh\/la-vida-de-thich-nhat-hanh\/\">Conoce la vida de Thich Nhat Hanh<\/a><\/p>\n<\/div>\n<\/div><\/div>\n\n\n\n<div class=\"wp-block-media-text has-media-on-the-right is-stacked-on-mobile tnh-landing-books\"><figure class=\"wp-block-media-text__media\"><img loading=\"lazy\" decoding=\"async\" width=\"510\" height=\"488\" src=\"https:\/\/plumvillage.org\/wp-content\/uploads\/2019\/08\/books.png\" alt=\"\" class=\"wp-image-139547 size-full\" srcset=\"https:\/\/plumvillage.org\/wp-content\/uploads\/2019\/08\/books.png 510w, https:\/\/plumvillage.org\/wp-content\/uploads\/2019\/08\/books-499x477.png 499w\" sizes=\"auto, (max-width: 510px) 100vw, 510px\" \/><\/figure><div class=\"wp-block-media-text__content\">\n<h4 class=\"wp-block-heading\">Autor de gran \u00e9xito<\/h4>\n\n\n\n<h3 class=\"wp-block-heading\">Thich Nhat Hanh ha publicado m\u00e1s de 100 libros, entre los que se encuentran cl\u00e1sicos como <em>El milagro del mindfulness<\/em> y <em>Hacia la paz interior<\/em>. <\/h3>\n\n\n\n<p><a href=\"https:\/\/plumvillage.org\/es\/thich-nhat-hanh\/key-books\/\">Explora sus libros<\/a><\/p>\n<\/div><\/div>\n\n\n\n<div class=\"wp-block-cover alignfull is-style-with-background\"><img loading=\"lazy\" decoding=\"async\" width=\"1680\" height=\"1120\" class=\"wp-block-cover__image-background wp-image-139545\" alt=\"\" src=\"https:\/\/plumvillage.org\/wp-content\/uploads\/2019\/08\/157-2012-TNH-thousands-attend-a-sitting-meditation-in-Trafalgar-Square-PHOTO-Nathanael-Corre.jpg\" style=\"object-position:50% 50%\" data-object-fit=\"cover\" data-object-position=\"50% 50%\" srcset=\"https:\/\/plumvillage.org\/wp-content\/uploads\/2019\/08\/157-2012-TNH-thousands-attend-a-sitting-meditation-in-Trafalgar-Square-PHOTO-Nathanael-Corre.jpg 1680w, https:\/\/plumvillage.org\/wp-content\/uploads\/2019\/08\/157-2012-TNH-thousands-attend-a-sitting-meditation-in-Trafalgar-Square-PHOTO-Nathanael-Corre-499x333.jpg 499w, https:\/\/plumvillage.org\/wp-content\/uploads\/2019\/08\/157-2012-TNH-thousands-attend-a-sitting-meditation-in-Trafalgar-Square-PHOTO-Nathanael-Corre-768x512.jpg 768w, https:\/\/plumvillage.org\/wp-content\/uploads\/2019\/08\/157-2012-TNH-thousands-attend-a-sitting-meditation-in-Trafalgar-Square-PHOTO-Nathanael-Corre-1024x683.jpg 1024w\" sizes=\"auto, (max-width: 1680px) 100vw, 1680px\" \/><div class=\"wp-block-cover__inner-container is-layout-flow wp-block-cover-is-layout-flow\">\n<h4 class=\"wp-block-heading\">Hacer el budismo accesible<\/h4>\n\n\n\n<h3 class=\"has-text-align-left mb-4 wp-block-heading\">Gracias a sus sencillas pero profundas ense\u00f1anzas, la pr\u00e1ctica de la plena conciencia ha llegado al p\u00fablico general<\/h3>\n\n\n\n<p>Con la energ\u00eda de la plena conciencia, cualquier acci\u00f3n de la vida cotidiana (como caminar, comer, cepillarnos los dientes o lavar la vajilla) puede convertirse en un acto alegre, relajado y lleno de sentido. Es un enfoque revolucionario que nos aporta paz, claridad y visiones profundas.<\/p>\n\n\n\n<p><a class=\"advanced-url has-arrow\" href=\"https:\/\/plumvillage.org\/mindfulness-practice\/\" data-link-type=\"website\" target=\"\" data-link-description=\"\">Descubre las pr\u00e1cticas de la plena conciencia de Plum Village<\/a><\/p>\n<\/div><\/div>\n\n\n\n<h4 class=\"has-text-align-center wp-block-heading\"><strong>L\u00edder espiritual global<\/strong><\/h4>\n\n\n\n<h2 class=\"has-text-align-center wp-block-heading\">Ha aplicado la visi\u00f3n budista en todos los aspectos de la sociedad: el \u00e1mbito educativo, empresarial, tecnol\u00f3gico y la crisis medioambiental.<\/h2>\n\n\n\n<p class=\"has-text-align-center\"><a href=\"https:\/\/plumvillage.org\/es\/thich-nhat-hanh\/key-teachings\/\">Descubre sus ense\u00f1anzas<\/a><\/p>\n\n\n<figure class=\"video-embed align max-width-700 center-me mt-4\"\">\n\n    <script>var $eh2G6_1i6tA = '<iframe loading=\"lazy\" id=\"hyperyoutubeplayer\" data-player-type=\"youtube\" title=\"The Art of Being Peace | Dharma Talk by Thich Nhat Hanh, 2008 05 13\" width=\"520\" height=\"390\" src=\"https:\/\/www.youtube.com\/embed\/eh2G6_1i6tA?start=224&#038;feature=oembed&#038;rel=0&#038;enablejsapi=1&#038;origin=https:\/\/plumvillage.org&#038;playsinline=1&#038;modestbranding=1&#038;autoplay=1\" frameborder=\"0\" allow=\"accelerometer; autoplay; clipboard-write; encrypted-media; gyroscope; picture-in-picture; web-share\" referrerpolicy=\"strict-origin-when-cross-origin\" allowfullscreen><\/iframe>';<\/script>    <div class=\"video-wrapper\">\n              <a\n          class=\"play \"\n          aria-label=\"Play Video\"\n          href=\"#\"\n          data-embed-link=\"$eh2G6_1i6tA\"\n          data-target=\"eh2G6_1i6tA347\">\n          <img loading=\"lazy\" decoding=\"async\" width=\"654\" height=\"392\" src=\"https:\/\/plumvillage.org\/wp-content\/uploads\/2019\/10\/Screenshot-2019-10-10-at-02.29.31-1024x613.png\" class=\"attachment-large size-large\" alt=\"\" srcset=\"https:\/\/plumvillage.org\/wp-content\/uploads\/2019\/10\/Screenshot-2019-10-10-at-02.29.31-1024x613.png 1024w, https:\/\/plumvillage.org\/wp-content\/uploads\/2019\/10\/Screenshot-2019-10-10-at-02.29.31-499x299.png 499w, https:\/\/plumvillage.org\/wp-content\/uploads\/2019\/10\/Screenshot-2019-10-10-at-02.29.31-768x460.png 768w, https:\/\/plumvillage.org\/wp-content\/uploads\/2019\/10\/Screenshot-2019-10-10-at-02.29.31.png 1954w\" sizes=\"auto, (max-width: 654px) 100vw, 654px\" \/>          <span class=\"icon icon-bg icon-play\"><\/span>\n        <\/a>\n                    <div class=\"iframe-target iframe-target-eh2G6_1i6tA347\">\n          <span class=\"icon icon-close\"><\/span>\n          <div class=\"iframe-container ratio ratio-16x9 dropzone\"><\/div>\n        <\/div>\n          <\/div>\n    \n<\/figure>\n\n\n<hr class=\"wp-block-separator\"\/>\n\n\n\n<h4 class=\"wp-block-heading\">Erudito budista<\/h4>\n\n\n\n<div class=\"wp-block-columns is-layout-flex wp-container-core-columns-is-layout-9d6595d7 wp-block-columns-is-layout-flex\">\n<div class=\"wp-block-column is-layout-flow wp-block-column-is-layout-flow\" style=\"flex-basis:66.66%\">\n<h3 class=\"wp-block-heading\">Thich Nhat Hanh ha realizado traducciones modernas de textos budistas esenciales y ha tratado una amplia gama de cuestiones globales.<\/h3>\n<\/div>\n\n\n\n<div class=\"wp-block-column is-layout-flow wp-block-column-is-layout-flow\" style=\"flex-basis:33.33%\"><\/div>\n<\/div>\n\n\n\n<div class=\"wp-block-columns is-layout-flex wp-container-core-columns-is-layout-9d6595d7 wp-block-columns-is-layout-flex\">\n<div class=\"wp-block-column is-layout-flow wp-block-column-is-layout-flow\">\n<h4 class=\"wp-block-heading\">Entrevistas<\/h4>\n\n\n\t\t<ul class=\"small post-list\">\t\t\t\t\t\t<li id=\"post-158363\" class=\"list-item\">\n\t<a href=\"https:\/\/plumvillage.org\/es\/about\/thich-nhat-hanh\/interviews-with-thich-nhat-hanh\/an-italian-journalist-reports-from-plum-village\" rel=\"bookmark\">Happiness is Now<\/a>\n\t<div class=\"entry-meta\">\n\t\t\t\t\t<span class=\"entry-source\">\n\t\t\t\t\t\t\t\t\t<a target=\"_blank\" href=\"http:\/\/www.lastampa.it\/2014\/09\/09\/cultura\/la-felicit-adesso-bqMuTSouvTDQdcOALbWMpL\/pagina.html\">La Stampa (Italy), 10th septiembre, 2014<span class=\"icon icon-external-link\"><\/span><\/a>\n\t\t\t\t\t\t\t<\/span>\n\t\t\t<\/div><!-- .entry-meta -->\n\n<\/li><!-- #post-158363 --><li id=\"post-158371\" class=\"list-item\">\n\t<a href=\"https:\/\/plumvillage.org\/es\/about\/thich-nhat-hanh\/interviews-with-thich-nhat-hanh\/la-contra-spain-28-june-2014\" rel=\"bookmark\">Lack of understanding makes us victims<\/a>\n\t<div class=\"entry-meta\">\n\t\t\t\t\t<span class=\"entry-source\">\n\t\t\t\t\t\t\t\t\tLa Contra (Spain), 30th junio, 2014\t\t\t\t\t\t\t<\/span>\n\t\t\t<\/div><!-- .entry-meta -->\n\n<\/li><!-- #post-158371 --><li id=\"post-158384\" class=\"list-item\">\n\t<a href=\"https:\/\/plumvillage.org\/es\/about\/thich-nhat-hanh\/interviews-with-thich-nhat-hanh\/the-guardian-uk-28-march-2014\" rel=\"bookmark\">Is mindfulness being corrupted by business and finance?<\/a>\n\t<div class=\"entry-meta\">\n\t\t\t\t\t<span class=\"entry-source\">\n\t\t\t\t\t\t\t\t\t<a target=\"_blank\" href=\"https:\/\/www.theguardian.com\/sustainable-business\/thich-nhat-hanh-mindfulness-google-tech\">The Guardian (UK), 28th marzo, 2014<span class=\"icon icon-external-link\"><\/span><\/a>\n\t\t\t\t\t\t\t<\/span>\n\t\t\t<\/div><!-- .entry-meta -->\n\n<\/li><!-- #post-158384 -->\t\t\t<\/ul>\n\n\n<p class=\"has-small-font-size\"><i><a href=\"https:\/\/plumvillage.org\/about\/thich-nhat-hanh\/interviews-with-thich-nhat-hanh\/\" class=\"advanced-url has-arrow\" data-link-description=\"start\" data-link-type=\"website\" target=\"\">Accede a otras entrevistas<\/a><\/i><\/p>\n<\/div>\n\n\n\n<div class=\"wp-block-column is-layout-flow wp-block-column-is-layout-flow\">\n<h4 class=\"wp-block-heading\">Cartas y declaraciones p\u00fablicas<\/h4>\n\n\n\t\t<ul class=\"small post-list\">\t\t\t\t\t\t<li id=\"post-178015\" class=\"list-item\">\n\t<a href=\"https:\/\/plumvillage.org\/es\/about\/thich-nhat-hanh\/letters\/viendo-a-thay-en-la-sangha\" rel=\"bookmark\">Viendo a Thay en la Sangha<\/a>\n\t<div class=\"entry-meta\">\n\t\t\t\t\t1st diciembre, 2020\t\t\t<\/div><!-- .entry-meta -->\n\n<\/li><!-- #post-178015 --><li id=\"post-150578\" class=\"list-item\">\n\t<a href=\"https:\/\/plumvillage.org\/es\/about\/thich-nhat-hanh\/letters\/connecting-to-our-root-teacher-a-letter-from-thay-27-sept-2014\" rel=\"bookmark\">Conectar con nuestro maestro primigenio: Buda<\/a>\n\t<div class=\"entry-meta\">\n\t\t\t\t\t26th junio, 2015\t\t\t<\/div><!-- .entry-meta -->\n\n<\/li><!-- #post-150578 --><li id=\"post-145956\" class=\"list-item\">\n\t<a href=\"https:\/\/plumvillage.org\/es\/about\/thich-nhat-hanh\/letters\/monastic-fashion\" rel=\"bookmark\">New Designs for Monastic Robes<\/a>\n\t<div class=\"entry-meta\">\n\t\t\t\t\t26th octubre, 2014\t\t\t<\/div><!-- .entry-meta -->\n\n<\/li><!-- #post-145956 -->\t\t\t<\/ul>\n\n\n<p class=\"has-small-font-size\"><i><a href=\"https:\/\/plumvillage.org\/about\/thich-nhat-hanh\/letters\/\" class=\"advanced-url has-arrow\" data-link-description=\"start\" data-link-type=\"website\" target=\"\">Accede a m\u00e1s cartas<\/a><\/i><\/p>\n<\/div>\n\n\n\n<div class=\"wp-block-column is-layout-flow wp-block-column-is-layout-flow\">\n<h4 class=\"wp-block-heading\">Traducciones<\/h4>\n\n\n\t\t<ul class=\"small post-list\">\t\t\t\t\t\t<li id=\"post-480279\" class=\"list-item\">\n\t<a href=\"https:\/\/plumvillage.org\/es\/sutra-es\/sutra-hemos-comprendido-a-buda-parte-ii\" rel=\"bookmark\">Sutra \/ \u00bfHemos comprendido a Buda? (Parte II)<\/a>\n\t<div class=\"entry-meta\">\n\t\t\t\t\t30th noviembre, 2024\t\t\t<\/div><!-- .entry-meta -->\n\n<\/li><!-- #post-480279 -->\t\t\t<\/ul>\n\n\n<p class=\"has-small-font-size\"><i><a href=\"https:\/\/plumvillage.org\/category\/sutra\/\" class=\"advanced-url has-arrow\" data-link-description=\"start\" data-link-type=\"website\" target=\"\">Accede a otras traducciones<\/a><\/i><\/p>\n<\/div>\n<\/div>\n\n\n\n<p class=\"has-small-font-size\">\u00bfEres periodista o miembro de alguna instituci\u00f3n de comunicaci\u00f3n? Accede a nuestros <a href=\"https:\/\/plumvillage.org\/about\/thich-nhat-hanh\/press\/\" data-link-description=\"start\" data-link-type=\"website\" target=\"\" class=\"advanced-url\">recursos para la prensa.<\/a><\/p>\n\n\n\n<div class=\"wp-block-group alignfull has-fresh-sun-background-color has-background is-layout-flow wp-block-group-is-layout-flow\">\n<div class=\"wp-block-columns align-items-center is-layout-flex wp-container-core-columns-is-layout-9d6595d7 wp-block-columns-is-layout-flex\">\n<div class=\"wp-block-column is-layout-flow wp-block-column-is-layout-flow\">\n<h4 class=\"wp-block-heading\">Maestro de la caligraf\u00eda<\/h4>\n\n\n\n<h2 class=\"wp-block-heading\">Las simples y elegantes caligraf\u00edas de Thich Nhat Hanh transmiten poderosas ense\u00f1anzas y han sido exhibidas en todo el mundo.<\/h2>\n\n\n\n<p><em><a href=\"https:\/\/plumvillage.org\/about\/thich-nhat-hanh\/calligraphy\/\" class=\"advanced-url has-arrow\" data-link-description=\"start\" data-link-type=\"website\" target=\"\">Accede a otras caligraf\u00edas<\/a><\/em><\/p>\n<\/div>\n\n\n\n<div class=\"wp-block-column is-layout-flow wp-block-column-is-layout-flow\">    <div\n                class=\"block-slider slider \n        square align\">\n                                    <div class=\"slider-image\">\n                    <picture>\n                                                    <source srcset=\"https:\/\/plumvillage.org\/wp-content\/uploads\/2019\/08\/Screenshot-2019-08-26-at-00.34.29.png\" media=\"(min-height: 1536px)\">\n                                                                            <source srcset=\"https:\/\/plumvillage.org\/wp-content\/uploads\/2019\/08\/Screenshot-2019-08-26-at-00.34.29.png\" media=\"(min-height: 1024px)\">\n                                                                            <source srcset=\"https:\/\/plumvillage.org\/wp-content\/uploads\/2019\/08\/Screenshot-2019-08-26-at-00.34.29-968x1024.png\" media=\"(min-height: 675px)\">\n                                                                            <source srcset=\"https:\/\/plumvillage.org\/wp-content\/uploads\/2019\/08\/Screenshot-2019-08-26-at-00.34.29-768x813.png\" media=\"(min-height: 438px)\">\n                                                                            <source srcset=\"https:\/\/plumvillage.org\/wp-content\/uploads\/2019\/08\/Screenshot-2019-08-26-at-00.34.29-499x528.png\" media=\"(min-height: 300px)\">\n                                                                            <source srcset=\"https:\/\/plumvillage.org\/wp-content\/uploads\/2019\/08\/Screenshot-2019-08-26-at-00.34.29-300x300.png\" media=\"(max-height: 300px)\">\n                                                <img decoding=\"async\" src=\"https:\/\/plumvillage.org\/wp-content\/uploads\/2019\/08\/Screenshot-2019-08-26-at-00.34.29-968x1024.png\" alt=\"\">\n                    <\/picture>\n                                                        <\/div>\n                        <\/div>\n<\/div>\n<\/div>\n<\/div>\n\n\n\n<div class=\"wp-block-columns is-layout-flex wp-container-core-columns-is-layout-9d6595d7 wp-block-columns-is-layout-flex\">\n<div class=\"wp-block-column is-layout-flow wp-block-column-is-layout-flow\">\n<figure class=\"wp-block-pullquote is-style-solid-color\"><blockquote class=\"has-text-color has-ink-color\"><p>El momento presente est\u00e1 lleno de alegr\u00eda y felicidad. Si prestas atenci\u00f3n, podr\u00e1s verlo.<\/p><cite>Thich Nhat Hanh<\/cite><\/blockquote><\/figure>\n<\/div>\n\n\n\n<div class=\"wp-block-column is-layout-flow wp-block-column-is-layout-flow\">\n<h4 class=\"wp-block-heading\">Estado de salud &#8211; Actualizaciones<\/h4>\n\n\n\n<p>El 11 de noviembre de 2014, un mes despu\u00e9s de cumplir 89 a\u00f1os, Thich Nhat Hanh sufri\u00f3 una grave hemorragia cerebral (ictus).<\/p>\n\n\n\n<p>Le agradecemos que siga envi\u00e1ndole energ\u00eda de compasi\u00f3n y sanaci\u00f3n para ayudar a su recuperaci\u00f3n.<\/p>\n\n\n\n<h4 class=\"wp-block-heading\">Noticias recientes<\/h4>\n\n\n\n\n\n<p class=\"has-small-font-size\"><i><a href=\"https:\/\/plumvillage.org\/about\/thich-nhat-hanh\/thich-nhat-hanhs-health\/\" class=\"advanced-url has-arrow\" data-link-description=\"start\" data-link-type=\"website\" target=\"\">M\u00e1s novedades<\/a><\/i><\/p>\n<\/div>\n<\/div>\n\n\n\n<hr class=\"wp-block-separator\"\/>\n\n\n\n<div class=\"wp-block-media-text is-stacked-on-mobile retreats-block has-fresh-earth-background-color has-background\"><figure class=\"wp-block-media-text__media\"><img loading=\"lazy\" decoding=\"async\" width=\"779\" height=\"1024\" src=\"https:\/\/plumvillage.org\/wp-content\/uploads\/2019\/08\/Screenshot-2019-08-24-at-06.44.10-779x1024.png\" alt=\"\" class=\"wp-image-139571 size-full\" srcset=\"https:\/\/plumvillage.org\/wp-content\/uploads\/2019\/08\/Screenshot-2019-08-24-at-06.44.10-779x1024.png 779w, https:\/\/plumvillage.org\/wp-content\/uploads\/2019\/08\/Screenshot-2019-08-24-at-06.44.10-499x656.png 499w, https:\/\/plumvillage.org\/wp-content\/uploads\/2019\/08\/Screenshot-2019-08-24-at-06.44.10-768x1009.png 768w, https:\/\/plumvillage.org\/wp-content\/uploads\/2019\/08\/Screenshot-2019-08-24-at-06.44.10.png 1076w\" sizes=\"auto, (max-width: 779px) 100vw, 779px\" \/><\/figure><div class=\"wp-block-media-text__content\">\n<h4 class=\"wp-block-heading\">Experimenta sus ense\u00f1anzas<\/h4>\n\n\n\n<h4 class=\"wp-block-heading\">Su continuaci\u00f3n es la comunidad de Thich Nhat Hanh.<\/h4>\n\n\n\n<p>Thich Nhat Hanh ha ofrecido retiros de plena conciencia por todo el mundo. Sus estudiantes mon\u00e1sticos y laicos mantienen vivas sus ense\u00f1anzas y siguen ofreciendo retiros que han cambiado la vida a muchas personas.<\/p>\n\n\n\n<p><a href=\"https:\/\/plumvillage.org\/retreats\/when-can-you-visit-us\/\" class=\"advanced-url has-arrow\" data-link-description=\"start\" data-link-type=\"website\" target=\"\"><em>Accede a los retiros<\/em><\/a><\/p>\n<\/div><\/div>\n","protected":false},"excerpt":{"rendered":"<p>Con una respiraci\u00f3n profunda y consciente, anunciamos que nuestro amado maestro Zen Master Thich Nhat Hanh falleci\u00f3 pac\u00edficamente el 22 de enero de 2022. M\u00e1s informaci\u00f3n Live Updates Upcoming Memorial Services Memorial Practice Resources Share your gratitude Prensa &amp; Medios Amplia biograf\u00eda de Thich Nhat Hanh El maestro zen Thich Nhat Hanh es un l\u00edder<\/p>\n","protected":false},"author":1157,"featured_media":247921,"parent":0,"menu_order":0,"comment_status":"closed","ping_status":"closed","template":"page_full-width.php","meta":{"_acf_changed":false,"sync_status":"","episode_type":"","audio_file":"","podmotor_file_id":"","podmotor_episode_id":"","castos_file_data":"","cover_image":"","cover_image_id":"","duration":"","filesize":"","filesize_raw":"","date_recorded":"","explicit":"","block":"","itunes_episode_number":"","itunes_title":"","itunes_season_number":"","itunes_episode_type":"","ep_exclude_from_search":false,"footnotes":""},"class_list":["post-150559","page","type-page","status-publish","has-post-thumbnail","hentry"],"acf":[],"_links":{"self":[{"href":"https:\/\/plumvillage.org\/es\/wp-json\/wp\/v2\/pages\/150559","targetHints":{"allow":["GET"]}}],"collection":[{"href":"https:\/\/plumvillage.org\/es\/wp-json\/wp\/v2\/pages"}],"about":[{"href":"https:\/\/plumvillage.org\/es\/wp-json\/wp\/v2\/types\/page"}],"author":[{"embeddable":true,"href":"https:\/\/plumvillage.org\/es\/wp-json\/wp\/v2\/users\/1157"}],"replies":[{"embeddable":true,"href":"https:\/\/plumvillage.org\/es\/wp-json\/wp\/v2\/comments?post=150559"}],"version-history":[{"count":0,"href":"https:\/\/plumvillage.org\/es\/wp-json\/wp\/v2\/pages\/150559\/revisions"}],"wp:featuredmedia":[{"embeddable":true,"href":"https:\/\/plumvillage.org\/es\/wp-json\/wp\/v2\/media\/247921"}],"wp:attachment":[{"href":"https:\/\/plumvillage.org\/es\/wp-json\/wp\/v2\/media?parent=150559"}],"curies":[{"name":"wp","href":"https:\/\/api.w.org\/{rel}","templated":true}]}}