{"id":156128,"date":"2017-11-20T11:31:26","date_gmt":"2017-11-20T10:31:26","guid":{"rendered":"https:\/\/plumvillage.org\/dharma-teachers\/"},"modified":"2025-10-26T00:01:16","modified_gmt":"2025-10-25T22:01:16","slug":"dharma-teachers","status":"publish","type":"page","link":"https:\/\/plumvillage.org\/es\/dharma-teachers","title":{"rendered":"Maestros de Dharma"},"content":{"rendered":"\n<p class=\"has-large-font-size\">Aqu\u00ed se encuentran los perfiles de nuestros maestros de Dharma senior que ofrecen ense\u00f1anzas regularmente en Plum Village Francia.<\/p>\n\n\n    <div class=\"align to-right-edge\">\n        <div class=\"row row-collapsable\">\n                                            <div class=\"index-item index-monastic col-6 col-md-4 \">\n                    <a href=\"https:\/\/plumvillage.org\/people\/dharma-teachers\/sister-chan-khong\"><img loading=\"lazy\" decoding=\"async\" width=\"480\" height=\"286\" src=\"https:\/\/plumvillage.org\/wp-content\/uploads\/2018\/12\/sr-chan-khong-homebox-480x286.jpg\" class=\"attachment-landscape size-landscape\" alt=\"\" \/><\/a>\n                    <figcaption><a href=\"https:\/\/plumvillage.org\/people\/dharma-teachers\/sister-chan-khong\">Sister Chan Khong<\/a><\/figcaption>\n                <\/div>\n                                            <div class=\"index-item index-monastic col-6 col-md-4 \">\n                    <a href=\"https:\/\/plumvillage.org\/people\/dharma-teachers\/sr-chan-duc\"><img loading=\"lazy\" decoding=\"async\" width=\"480\" height=\"280\" src=\"https:\/\/plumvillage.org\/wp-content\/uploads\/2018\/12\/sr-chan-duc-dt-profile-480x280.jpg\" class=\"attachment-landscape size-landscape\" alt=\"\" \/><\/a>\n                    <figcaption><a href=\"https:\/\/plumvillage.org\/people\/dharma-teachers\/sr-chan-duc\">Sister Chan Duc<\/a><\/figcaption>\n                <\/div>\n                                            <div class=\"index-item index-monastic col-6 col-md-4 \">\n                    <a href=\"https:\/\/plumvillage.org\/people\/dharma-teachers\/sr-dieu-nghiem\"><img loading=\"lazy\" decoding=\"async\" width=\"480\" height=\"290\" src=\"https:\/\/plumvillage.org\/wp-content\/uploads\/2017\/12\/maxresdefault-2-480x290.jpg\" class=\"attachment-landscape size-landscape\" alt=\"\" srcset=\"https:\/\/plumvillage.org\/wp-content\/uploads\/2017\/12\/maxresdefault-2-480x290.jpg 480w, https:\/\/plumvillage.org\/wp-content\/uploads\/2017\/12\/maxresdefault-2-720x435.jpg 720w\" sizes=\"auto, (max-width: 480px) 100vw, 480px\" \/><\/a>\n                    <figcaption><a href=\"https:\/\/plumvillage.org\/people\/dharma-teachers\/sr-dieu-nghiem\">Sister Chan Dieu Nghiem<\/a><\/figcaption>\n                <\/div>\n                                            <div class=\"index-item index-monastic col-6 col-md-4 \">\n                    <a href=\"https:\/\/plumvillage.org\/people\/dharma-teachers\/sr-tu-nghiem\"><img loading=\"lazy\" decoding=\"async\" width=\"480\" height=\"290\" src=\"https:\/\/plumvillage.org\/wp-content\/uploads\/2017\/11\/IMG_7644-e1513699793877-480x290.jpg\" class=\"attachment-landscape size-landscape\" alt=\"\" srcset=\"https:\/\/plumvillage.org\/wp-content\/uploads\/2017\/11\/IMG_7644-e1513699793877-480x290.jpg 480w, https:\/\/plumvillage.org\/wp-content\/uploads\/2017\/11\/IMG_7644-e1513699793877-720x435.jpg 720w\" sizes=\"auto, (max-width: 480px) 100vw, 480px\" \/><\/a>\n                    <figcaption><a href=\"https:\/\/plumvillage.org\/people\/dharma-teachers\/sr-tu-nghiem\">Sister Chan Tu Nghiem<\/a><\/figcaption>\n                <\/div>\n                                            <div class=\"index-item index-monastic col-6 col-md-4 \">\n                    <a href=\"https:\/\/plumvillage.org\/people\/dharma-teachers\/sister-chan-thoai-nghiem\"><img loading=\"lazy\" decoding=\"async\" width=\"480\" height=\"290\" src=\"https:\/\/plumvillage.org\/wp-content\/uploads\/2020\/11\/DSC_1247-1.jpg\" class=\"attachment-landscape size-landscape\" alt=\"\" \/><\/a>\n                    <figcaption><a href=\"https:\/\/plumvillage.org\/people\/dharma-teachers\/sister-chan-thoai-nghiem\">Sister Chan Thoai Nghiem<\/a><\/figcaption>\n                <\/div>\n                                            <div class=\"index-item index-monastic col-6 col-md-4 \">\n                    <a href=\"https:\/\/plumvillage.org\/people\/dharma-teachers\/brother-chan-phap-ung\"><img loading=\"lazy\" decoding=\"async\" width=\"480\" height=\"290\" src=\"https:\/\/plumvillage.org\/wp-content\/uploads\/2020\/02\/Still-2024-11-05-161117_1.8.3-e1746194297759-480x290.jpg\" class=\"attachment-landscape size-landscape\" alt=\"\" srcset=\"https:\/\/plumvillage.org\/wp-content\/uploads\/2020\/02\/Still-2024-11-05-161117_1.8.3-e1746194297759-480x290.jpg 480w, https:\/\/plumvillage.org\/wp-content\/uploads\/2020\/02\/Still-2024-11-05-161117_1.8.3-e1746194297759-720x435.jpg 720w\" sizes=\"auto, (max-width: 480px) 100vw, 480px\" \/><\/a>\n                    <figcaption><a href=\"https:\/\/plumvillage.org\/people\/dharma-teachers\/brother-chan-phap-ung\">Brother Chan Phap Ung<\/a><\/figcaption>\n                <\/div>\n                                            <div class=\"index-item index-monastic col-6 col-md-4 \">\n                    <a href=\"https:\/\/plumvillage.org\/people\/dharma-teachers\/sister-chan-dinh-nghiem-2\"><img loading=\"lazy\" decoding=\"async\" width=\"480\" height=\"290\" src=\"https:\/\/plumvillage.org\/wp-content\/uploads\/2025\/05\/Still-2024-10-18-192327_1.57.1-e1746193785229-480x290.jpg\" class=\"attachment-landscape size-landscape\" alt=\"\" srcset=\"https:\/\/plumvillage.org\/wp-content\/uploads\/2025\/05\/Still-2024-10-18-192327_1.57.1-e1746193785229-480x290.jpg 480w, https:\/\/plumvillage.org\/wp-content\/uploads\/2025\/05\/Still-2024-10-18-192327_1.57.1-e1746193785229-720x435.jpg 720w\" sizes=\"auto, (max-width: 480px) 100vw, 480px\" \/><\/a>\n                    <figcaption><a href=\"https:\/\/plumvillage.org\/people\/dharma-teachers\/sister-chan-dinh-nghiem-2\">Sister Chan Dinh Nghiem<\/a><\/figcaption>\n                <\/div>\n                                            <div class=\"index-item index-monastic col-6 col-md-4 \">\n                    <a href=\"https:\/\/plumvillage.org\/people\/dharma-teachers\/sr-tue-nghiem\"><img loading=\"lazy\" decoding=\"async\" width=\"480\" height=\"290\" src=\"https:\/\/plumvillage.org\/wp-content\/uploads\/2017\/11\/DSC_3848-e1513700229444-480x290.jpg\" class=\"attachment-landscape size-landscape\" alt=\"\" srcset=\"https:\/\/plumvillage.org\/wp-content\/uploads\/2017\/11\/DSC_3848-e1513700229444-480x290.jpg 480w, https:\/\/plumvillage.org\/wp-content\/uploads\/2017\/11\/DSC_3848-e1513700229444-720x435.jpg 720w\" sizes=\"auto, (max-width: 480px) 100vw, 480px\" \/><\/a>\n                    <figcaption><a href=\"https:\/\/plumvillage.org\/people\/dharma-teachers\/sr-tue-nghiem\">Sister Chan Tue Nghiem<\/a><\/figcaption>\n                <\/div>\n                                            <div class=\"index-item index-monastic col-6 col-md-4 \">\n                    <a href=\"https:\/\/plumvillage.org\/people\/dharma-teachers\/sister-chan-giac-nghiem-2\"><img loading=\"lazy\" decoding=\"async\" width=\"369\" height=\"230\" src=\"https:\/\/plumvillage.org\/wp-content\/uploads\/2021\/03\/Francophone-2017-2-1-3-edited-1.jpg\" class=\"attachment-landscape size-landscape\" alt=\"\" \/><\/a>\n                    <figcaption><a href=\"https:\/\/plumvillage.org\/people\/dharma-teachers\/sister-chan-giac-nghiem-2\">Sister Chan Giac Nghiem<\/a><\/figcaption>\n                <\/div>\n                                            <div class=\"index-item index-monastic col-6 col-md-4 \">\n                    <a href=\"https:\/\/plumvillage.org\/people\/dharma-teachers\/sr-hoi-nghiem\"><img loading=\"lazy\" decoding=\"async\" width=\"480\" height=\"290\" src=\"https:\/\/plumvillage.org\/wp-content\/uploads\/2018\/01\/Sr.-Hoi-Nghiem-e1516718678236-480x290.jpg\" class=\"attachment-landscape size-landscape\" alt=\"\" srcset=\"https:\/\/plumvillage.org\/wp-content\/uploads\/2018\/01\/Sr.-Hoi-Nghiem-e1516718678236-480x290.jpg 480w, https:\/\/plumvillage.org\/wp-content\/uploads\/2018\/01\/Sr.-Hoi-Nghiem-e1516718678236-720x435.jpg 720w\" sizes=\"auto, (max-width: 480px) 100vw, 480px\" \/><\/a>\n                    <figcaption><a href=\"https:\/\/plumvillage.org\/people\/dharma-teachers\/sr-hoi-nghiem\">Sister Chan Hoi Nghiem<\/a><\/figcaption>\n                <\/div>\n                                            <div class=\"index-item index-monastic col-6 col-md-4 \">\n                    <a href=\"https:\/\/plumvillage.org\/people\/dharma-teachers\/br-phap-huu\"><img loading=\"lazy\" decoding=\"async\" width=\"480\" height=\"290\" src=\"https:\/\/plumvillage.org\/wp-content\/uploads\/2017\/12\/d0bc4801-035f-4a31-9455-72fa62ae62bf-e1744971614177-480x290.jpg\" class=\"attachment-landscape size-landscape\" alt=\"\" srcset=\"https:\/\/plumvillage.org\/wp-content\/uploads\/2017\/12\/d0bc4801-035f-4a31-9455-72fa62ae62bf-e1744971614177-480x290.jpg 480w, https:\/\/plumvillage.org\/wp-content\/uploads\/2017\/12\/d0bc4801-035f-4a31-9455-72fa62ae62bf-e1744971614177-720x435.jpg 720w\" sizes=\"auto, (max-width: 480px) 100vw, 480px\" \/><\/a>\n                    <figcaption><a href=\"https:\/\/plumvillage.org\/people\/dharma-teachers\/br-phap-huu\">Brother Chan Phap Huu<\/a><\/figcaption>\n                <\/div>\n                                            <div class=\"index-item index-monastic col-6 col-md-4 \">\n                    <a href=\"https:\/\/plumvillage.org\/people\/dharma-teachers\/br-phap-lai\"><img loading=\"lazy\" decoding=\"async\" width=\"480\" height=\"286\" src=\"https:\/\/plumvillage.org\/wp-content\/uploads\/2018\/11\/br-phap-lai-homebox-480x286.jpg\" class=\"attachment-landscape size-landscape\" alt=\"\" \/><\/a>\n                    <figcaption><a href=\"https:\/\/plumvillage.org\/people\/dharma-teachers\/br-phap-lai\">Brother Chan Phap Lai<\/a><\/figcaption>\n                <\/div>\n                                            <div class=\"index-item index-monastic col-6 col-md-4 \">\n                    <a href=\"https:\/\/plumvillage.org\/people\/dharma-teachers\/br-phap-lieu\"><img loading=\"lazy\" decoding=\"async\" width=\"480\" height=\"290\" src=\"https:\/\/plumvillage.org\/wp-content\/uploads\/2018\/04\/DSC00241-480x290.jpg\" class=\"attachment-landscape size-landscape\" alt=\"\" srcset=\"https:\/\/plumvillage.org\/wp-content\/uploads\/2018\/04\/DSC00241-480x290.jpg 480w, https:\/\/plumvillage.org\/wp-content\/uploads\/2018\/04\/DSC00241-720x435.jpg 720w\" sizes=\"auto, (max-width: 480px) 100vw, 480px\" \/><\/a>\n                    <figcaption><a href=\"https:\/\/plumvillage.org\/people\/dharma-teachers\/br-phap-lieu\">Brother Chan Phap Lieu<\/a><\/figcaption>\n                <\/div>\n                                            <div class=\"index-item index-monastic col-6 col-md-4 \">\n                    <a href=\"https:\/\/plumvillage.org\/people\/dharma-teachers\/sr-lang-nghiem\"><img loading=\"lazy\" decoding=\"async\" width=\"480\" height=\"290\" src=\"https:\/\/plumvillage.org\/wp-content\/uploads\/2018\/06\/Sr.-Lang-Nghiem-4-480x290.jpg\" class=\"attachment-landscape size-landscape\" alt=\"\" srcset=\"https:\/\/plumvillage.org\/wp-content\/uploads\/2018\/06\/Sr.-Lang-Nghiem-4-480x290.jpg 480w, https:\/\/plumvillage.org\/wp-content\/uploads\/2018\/06\/Sr.-Lang-Nghiem-4-720x435.jpg 720w\" sizes=\"auto, (max-width: 480px) 100vw, 480px\" \/><\/a>\n                    <figcaption><a href=\"https:\/\/plumvillage.org\/people\/dharma-teachers\/sr-lang-nghiem\">Sister Chan\u00a0Lang Nghiem<\/a><\/figcaption>\n                <\/div>\n                                            <div class=\"index-item index-monastic col-6 col-md-4 \">\n                    <a href=\"https:\/\/plumvillage.org\/people\/dharma-teachers\/sr-dao-nghiem\"><img loading=\"lazy\" decoding=\"async\" width=\"480\" height=\"285\" src=\"https:\/\/plumvillage.org\/wp-content\/uploads\/2018\/11\/sr-dao-nghiem-homebox-480x285.jpg\" class=\"attachment-landscape size-landscape\" alt=\"\" \/><\/a>\n                    <figcaption><a href=\"https:\/\/plumvillage.org\/people\/dharma-teachers\/sr-dao-nghiem\">Sister Chan Dao Nghiem\u00a0<\/a><\/figcaption>\n                <\/div>\n                                            <div class=\"index-item index-monastic col-6 col-md-4 \">\n                    <a href=\"https:\/\/plumvillage.org\/people\/dharma-teachers\/sister-chan-thuan-nghiem\"><img loading=\"lazy\" decoding=\"async\" width=\"480\" height=\"290\" src=\"https:\/\/plumvillage.org\/wp-content\/uploads\/2020\/04\/youtube-480x290.jpg\" class=\"attachment-landscape size-landscape\" alt=\"\" srcset=\"https:\/\/plumvillage.org\/wp-content\/uploads\/2020\/04\/youtube-480x290.jpg 480w, https:\/\/plumvillage.org\/wp-content\/uploads\/2020\/04\/youtube-720x435.jpg 720w\" sizes=\"auto, (max-width: 480px) 100vw, 480px\" \/><\/a>\n                    <figcaption><a href=\"https:\/\/plumvillage.org\/people\/dharma-teachers\/sister-chan-thuan-nghiem\">Sister Chan Thuan Nghiem<\/a><\/figcaption>\n                <\/div>\n                                            <div class=\"index-item index-monastic col-6 col-md-4 \">\n                    <a href=\"https:\/\/plumvillage.org\/people\/dharma-teachers\/sister-phuong-nghiem\"><img loading=\"lazy\" decoding=\"async\" width=\"480\" height=\"290\" src=\"https:\/\/plumvillage.org\/wp-content\/uploads\/2024\/01\/Sr.-Phuong-Nghiem_1x1-480x290.webp\" class=\"attachment-landscape size-landscape\" alt=\"\" \/><\/a>\n                    <figcaption><a href=\"https:\/\/plumvillage.org\/people\/dharma-teachers\/sister-phuong-nghiem\">Sister Chan Phuong Nghiem<\/a><\/figcaption>\n                <\/div>\n                                            <div class=\"index-item index-monastic col-6 col-md-4 \">\n                    <a href=\"https:\/\/plumvillage.org\/people\/dharma-teachers\/brother-phap-linh\"><img loading=\"lazy\" decoding=\"async\" width=\"480\" height=\"290\" src=\"https:\/\/plumvillage.org\/wp-content\/uploads\/2020\/03\/2024.06.12-NH-RobWalshMedia6A2A5835-e1744985365374-480x290.jpg\" class=\"attachment-landscape size-landscape\" alt=\"\" \/><\/a>\n                    <figcaption><a href=\"https:\/\/plumvillage.org\/people\/dharma-teachers\/brother-phap-linh\">Brother Chan Phap Linh<\/a><\/figcaption>\n                <\/div>\n                                            <div class=\"index-item index-monastic col-6 col-md-4 \">\n                    <a href=\"https:\/\/plumvillage.org\/people\/dharma-teachers\/sister-hien-nghiem\"><img loading=\"lazy\" decoding=\"async\" width=\"480\" height=\"290\" src=\"https:\/\/plumvillage.org\/wp-content\/uploads\/2020\/02\/sr-hien-nghiem_lower-hamlet_20250817_twanpeeters_02-edited-e1767430351816-480x290.jpg\" class=\"attachment-landscape size-landscape\" alt=\"\" srcset=\"https:\/\/plumvillage.org\/wp-content\/uploads\/2020\/02\/sr-hien-nghiem_lower-hamlet_20250817_twanpeeters_02-edited-e1767430351816-480x290.jpg 480w, https:\/\/plumvillage.org\/wp-content\/uploads\/2020\/02\/sr-hien-nghiem_lower-hamlet_20250817_twanpeeters_02-edited-e1767430351816-720x435.jpg 720w\" sizes=\"auto, (max-width: 480px) 100vw, 480px\" \/><\/a>\n                    <figcaption><a href=\"https:\/\/plumvillage.org\/people\/dharma-teachers\/sister-hien-nghiem\">Sister Chan Hien Nghiem<\/a><\/figcaption>\n                <\/div>\n                                            <div class=\"index-item index-monastic col-6 col-md-4 \">\n                    <a href=\"https:\/\/plumvillage.org\/people\/dharma-teachers\/brother-chan-phap-ly\"><img loading=\"lazy\" decoding=\"async\" width=\"480\" height=\"290\" src=\"https:\/\/plumvillage.org\/wp-content\/uploads\/2025\/04\/Br.-Phap-Ly-3-480x290.jpg\" class=\"attachment-landscape size-landscape\" alt=\"\" srcset=\"https:\/\/plumvillage.org\/wp-content\/uploads\/2025\/04\/Br.-Phap-Ly-3-480x290.jpg 480w, https:\/\/plumvillage.org\/wp-content\/uploads\/2025\/04\/Br.-Phap-Ly-3-720x435.jpg 720w\" sizes=\"auto, (max-width: 480px) 100vw, 480px\" \/><\/a>\n                    <figcaption><a href=\"https:\/\/plumvillage.org\/people\/dharma-teachers\/brother-chan-phap-ly\">Brother Chan Phap Ly<\/a><\/figcaption>\n                <\/div>\n                                            <div class=\"index-item index-monastic col-6 col-md-4 \">\n                    <a href=\"https:\/\/plumvillage.org\/people\/dharma-teachers\/sister-chan-tai-nghiem\"><img loading=\"lazy\" decoding=\"async\" width=\"480\" height=\"290\" src=\"https:\/\/plumvillage.org\/wp-content\/uploads\/2023\/04\/Sr.-Tai-N-480x290.jpg\" class=\"attachment-landscape size-landscape\" alt=\"\" srcset=\"https:\/\/plumvillage.org\/wp-content\/uploads\/2023\/04\/Sr.-Tai-N-480x290.jpg 480w, https:\/\/plumvillage.org\/wp-content\/uploads\/2023\/04\/Sr.-Tai-N-720x435.jpg 720w\" sizes=\"auto, (max-width: 480px) 100vw, 480px\" \/><\/a>\n                    <figcaption><a href=\"https:\/\/plumvillage.org\/people\/dharma-teachers\/sister-chan-tai-nghiem\">Sister Chan Tai Nghiem<\/a><\/figcaption>\n                <\/div>\n                                            <div class=\"index-item index-monastic col-6 col-md-4 \">\n                    <a href=\"https:\/\/plumvillage.org\/people\/dharma-teachers\/sister-trai-nghiem\"><img loading=\"lazy\" decoding=\"async\" width=\"480\" height=\"290\" src=\"https:\/\/plumvillage.org\/wp-content\/uploads\/2021\/08\/DSC8188-e1744970542988-480x290.jpg\" class=\"attachment-landscape size-landscape\" alt=\"\" srcset=\"https:\/\/plumvillage.org\/wp-content\/uploads\/2021\/08\/DSC8188-e1744970542988-480x290.jpg 480w, https:\/\/plumvillage.org\/wp-content\/uploads\/2021\/08\/DSC8188-e1744970542988-720x435.jpg 720w\" sizes=\"auto, (max-width: 480px) 100vw, 480px\" \/><\/a>\n                    <figcaption><a href=\"https:\/\/plumvillage.org\/people\/dharma-teachers\/sister-trai-nghiem\">Sister Chan Trai Nghiem<\/a><\/figcaption>\n                <\/div>\n                                            <div class=\"index-item index-monastic col-6 col-md-4 \">\n                    <a href=\"https:\/\/plumvillage.org\/people\/dharma-teachers\/brother-bao-tang\"><img loading=\"lazy\" decoding=\"async\" width=\"480\" height=\"290\" src=\"https:\/\/plumvillage.org\/wp-content\/uploads\/2020\/03\/Bao-Tang-Photo-5-480x290.jpg\" class=\"attachment-landscape size-landscape\" alt=\"\" srcset=\"https:\/\/plumvillage.org\/wp-content\/uploads\/2020\/03\/Bao-Tang-Photo-5-480x290.jpg 480w, https:\/\/plumvillage.org\/wp-content\/uploads\/2020\/03\/Bao-Tang-Photo-5-720x435.jpg 720w\" sizes=\"auto, (max-width: 480px) 100vw, 480px\" \/><\/a>\n                    <figcaption><a href=\"https:\/\/plumvillage.org\/people\/dharma-teachers\/brother-bao-tang\">Brother Chan Troi Bao Tang<\/a><\/figcaption>\n                <\/div>\n                                            <div class=\"index-item index-monastic col-6 col-md-4 \">\n                    <a href=\"https:\/\/plumvillage.org\/people\/dharma-teachers\/sister-t-mai-thon\"><img loading=\"lazy\" decoding=\"async\" width=\"480\" height=\"290\" src=\"https:\/\/plumvillage.org\/wp-content\/uploads\/2020\/03\/IMG_2829-e1745213241884-480x290.jpg\" class=\"attachment-landscape size-landscape\" alt=\"\" srcset=\"https:\/\/plumvillage.org\/wp-content\/uploads\/2020\/03\/IMG_2829-e1745213241884-480x290.jpg 480w, https:\/\/plumvillage.org\/wp-content\/uploads\/2020\/03\/IMG_2829-e1745213241884-720x435.jpg 720w\" sizes=\"auto, (max-width: 480px) 100vw, 480px\" \/><\/a>\n                    <figcaption><a href=\"https:\/\/plumvillage.org\/people\/dharma-teachers\/sister-t-mai-thon\">Sister Chan Trang Mai Thon<\/a><\/figcaption>\n                <\/div>\n                                            <div class=\"index-item index-monastic col-6 col-md-4 \">\n                    <a href=\"https:\/\/plumvillage.org\/people\/dharma-teachers\/brother-pham-hanh\"><img loading=\"lazy\" decoding=\"async\" width=\"480\" height=\"290\" src=\"https:\/\/plumvillage.org\/wp-content\/uploads\/2021\/07\/Pham-Hanh-_2-e1746193637574-480x290.jpg\" class=\"attachment-landscape size-landscape\" alt=\"\" srcset=\"https:\/\/plumvillage.org\/wp-content\/uploads\/2021\/07\/Pham-Hanh-_2-e1746193637574-480x290.jpg 480w, https:\/\/plumvillage.org\/wp-content\/uploads\/2021\/07\/Pham-Hanh-_2-e1746193637574-720x435.jpg 720w\" sizes=\"auto, (max-width: 480px) 100vw, 480px\" \/><\/a>\n                    <figcaption><a href=\"https:\/\/plumvillage.org\/people\/dharma-teachers\/brother-pham-hanh\">Brother Chan Troi Pham Hanh<\/a><\/figcaption>\n                <\/div>\n                    <\/div>\n    <\/div>\n\n\n\n<h4 class=\"wp-block-heading\">Convertirse en Maestro de Dharma<\/h4>\n\n\n\n<p>Los Maestros de Dharma (Dharmach\u0101ryas) son miembros de la comunidad que han sido seleccionados como maestros por su extensa pr\u00e1ctica espiritual y por cumplir con los requisitos para una vida plena. El Maestro Zen Th\u00edch Nh\u1ea5t H\u1ea1nh (a quien sus alumnos llaman cari\u00f1osamente \u00abTh\u1ea7y\u00bb), al igual que muchos otros maestros, conf\u00eda en que sus alumnos contin\u00faen y perseveren en su labor, ya que Th\u1ea7y no puede estar siempre presente donde se necesitan las ense\u00f1anzas. Cuando la sangha detecta que alguien est\u00e1 dispuesto y preparado para ense\u00f1ar el Dharma, no solo por sus palabras, sino por sus acciones y su pr\u00e1ctica diaria, esa persona recibe la autorizaci\u00f3n oficial para ense\u00f1ar mediante una ceremonia en la que se transmite la L\u00e1mpara del Dharma.<\/p>\n\n\n\n<p>Por lo general, un monje o una monja debe llevar ordenado al menos ocho a\u00f1os para ser considerado candidato a recibir la L\u00e1mpara del Dharma. Para ser considerado un Maestro de Dharma laico, se requieren muchos a\u00f1os de pr\u00e1ctica, participaci\u00f3n en la Orden del Interser y la nominaci\u00f3n de la sangha local.<\/p>\n\n\n\n<p>La Ceremonia de Transmisi\u00f3n de la L\u00e1mpara es solo una parte del proceso de convertirse en Maestro de Dharma. Los Maestros de Dharma contin\u00faan practicando dentro de la tradici\u00f3n de Plum Village, asisten a retiros en los Centros de Plum Village, organizan sus propios retiros y ayudan a construir la sangha para profundizar sus conocimientos y habilidades. El papel de los Maestros de Dharma es, en \u00faltima instancia, brindar alegr\u00eda y confianza a la comunidad y a todos los que acuden a practicar con ella.<\/p>\n\n\n\n<p>Lea m\u00e1s sobre la \u00abOrden del Interser\u00bb.<\/p>\n\n\n\n<p><\/p>\n","protected":false},"excerpt":{"rendered":"<p>Aqu\u00ed se encuentran los perfiles de nuestros maestros de Dharma senior que ofrecen ense\u00f1anzas regularmente en Plum Village Francia. Convertirse en Maestro de Dharma Los Maestros de Dharma (Dharmach\u0101ryas) son miembros de la comunidad que han sido seleccionados como maestros por su extensa pr\u00e1ctica espiritual y por cumplir con los requisitos para una vida plena.<\/p>\n","protected":false},"author":9,"featured_media":0,"parent":0,"menu_order":0,"comment_status":"closed","ping_status":"closed","template":"","meta":{"_acf_changed":false,"sync_status":"","episode_type":"","audio_file":"","podmotor_file_id":"","podmotor_episode_id":"","castos_file_data":"","cover_image":"","cover_image_id":"","duration":"","filesize":"","filesize_raw":"","date_recorded":"","explicit":"","block":"","itunes_episode_number":"","itunes_title":"","itunes_season_number":"","itunes_episode_type":"","ep_exclude_from_search":false,"footnotes":""},"class_list":["post-156128","page","type-page","status-publish","hentry"],"acf":[],"_links":{"self":[{"href":"https:\/\/plumvillage.org\/es\/wp-json\/wp\/v2\/pages\/156128","targetHints":{"allow":["GET"]}}],"collection":[{"href":"https:\/\/plumvillage.org\/es\/wp-json\/wp\/v2\/pages"}],"about":[{"href":"https:\/\/plumvillage.org\/es\/wp-json\/wp\/v2\/types\/page"}],"author":[{"embeddable":true,"href":"https:\/\/plumvillage.org\/es\/wp-json\/wp\/v2\/users\/9"}],"replies":[{"embeddable":true,"href":"https:\/\/plumvillage.org\/es\/wp-json\/wp\/v2\/comments?post=156128"}],"version-history":[{"count":4,"href":"https:\/\/plumvillage.org\/es\/wp-json\/wp\/v2\/pages\/156128\/revisions"}],"predecessor-version":[{"id":581791,"href":"https:\/\/plumvillage.org\/es\/wp-json\/wp\/v2\/pages\/156128\/revisions\/581791"}],"wp:attachment":[{"href":"https:\/\/plumvillage.org\/es\/wp-json\/wp\/v2\/media?parent=156128"}],"curies":[{"name":"wp","href":"https:\/\/api.w.org\/{rel}","templated":true}]}}