{"id":156147,"date":"2019-08-02T09:14:17","date_gmt":"2019-08-02T07:14:17","guid":{"rendered":"https:\/\/plumvillage.org\/thich-nhat-hanh\/letters\/"},"modified":"2019-08-02T09:14:17","modified_gmt":"2019-08-02T07:14:17","slug":"letters","status":"publish","type":"page","link":"https:\/\/plumvillage.org\/es\/thich-nhat-hanh\/letters","title":{"rendered":"Letters from Thich Nhat Hanh"},"content":{"rendered":"\n<div class=\"wp-block-image\"><figure class=\"alignright\"><img loading=\"lazy\" decoding=\"async\" width=\"499\" height=\"372\" src=\"https:\/\/plumvillage.org\/wp-content\/uploads\/2019\/08\/Screenshot-2019-07-31-at-16.28.58-1024x763-499x372.png\" alt=\"\" class=\"wp-image-139243\" srcset=\"https:\/\/plumvillage.org\/wp-content\/uploads\/2019\/08\/Screenshot-2019-07-31-at-16.28.58-1024x763-499x372.png 499w, https:\/\/plumvillage.org\/wp-content\/uploads\/2019\/08\/Screenshot-2019-07-31-at-16.28.58-1024x763-768x572.png 768w, https:\/\/plumvillage.org\/wp-content\/uploads\/2019\/08\/Screenshot-2019-07-31-at-16.28.58-1024x763.png 1024w\" sizes=\"auto, (max-width: 499px) 100vw, 499px\" \/><\/figure><\/div>\n\n\n\n<p class=\"has-large-font-size\">Explore the Zen Master\u2019s open letters on community-building and current affairs, including remarkable messages to <em>Martin Luther King Jr.<\/em>, <em>President G.W. Bush<\/em>, and to a <em>young man on Death Row<\/em> in the U.S.<\/p>\n\n\n\t  <div class=\"filter-block center-without-border\">\n   <h5 class=\"filter-title\">Filtrado por Tema<\/h5>\n   <div class=\"filter-list\"><a href=\"#filter=*\" class=\"reset-filter selected\" data-filter=\"*\"> Mostrar Todo<\/a>,\n     <a href=\"#filter=topics-peace-es\" class=\"filter-products trigger-topics-peace-es\" data-filter=\".topics-peace-es\">Peace<\/a>, <a href=\"#filter=topics-community-building-es\" class=\"filter-products trigger-topics-community-building-es\" data-filter=\".topics-community-building-es\">Community Building<\/a>, <a href=\"#filter=topics-monastic-life-es\" class=\"filter-products trigger-topics-monastic-life-es\" data-filter=\".topics-monastic-life-es\">Monastic Life<\/a>, <a href=\"#filter=topics-buddhism-es\" class=\"filter-products trigger-topics-buddhism-es\" data-filter=\".topics-buddhism-es\">Buddhism<\/a>, <a href=\"#filter=topics-healing-reconciliation-es\" class=\"filter-products trigger-topics-healing-reconciliation-es\" data-filter=\".topics-healing-reconciliation-es\">Healing &amp; Reconciliation<\/a>     <span class=\"toggle-filter-list icon-circle-caret-down\"><\/span>\n   <\/div>\n   <hr>\n <\/div>\t<div class=\"to-left-edge to-right-edge\">\n\t\t<div class=\"row post-overview\">\n\t\t\t\t\t\t\t\t\t\t\t\n<article id=\"post-178015\" class=\"index-item index-letter col-sm-6 col-md-4 col-lg-3 topics-community-building-es\">\n\t<header class=\"entry-header\">\n\t\t<div class=\"entry-meta\">\n\t\t\t<span class=\"posted-on\"><a href=\"https:\/\/plumvillage.org\/es\/about\/thich-nhat-hanh\/letters\/viendo-a-thay-en-la-sangha\" rel=\"bookmark\"><time class=\"entry-date published updated\" datetime=\"2020-12-01T17:31:32+01:00\">diciembre 1, 2020<\/time><\/a><\/span>\t\t<\/div><!-- .entry-meta -->\n\t\t<h4 class=\"entry-title\"><a href=\"https:\/\/plumvillage.org\/es\/about\/thich-nhat-hanh\/letters\/viendo-a-thay-en-la-sangha\" rel=\"bookmark\">Viendo a Thay en la Sangha<\/a><\/h4>\t<\/header><!-- .entry-header -->\n\n\t<div class=\"entry-content\">\n\t\t<p>A los amigos y compa\u00f1eros en la pr\u00e1ctica en el retiro \u00abUn solo Buda no es suficiente\u00bb Queridos amigos, Este es Thay de nuevo escribiendo nuevamente desde el Hospital General de Massachusetts. El tratamiento&#8230;<\/p>\n\t<\/div><!-- .entry-content -->\n\t\n<\/article><!-- #post-178015 -->\t\t\t\t\t\t\t\t\t\t\t\n<article id=\"post-150578\" class=\"index-item index-letter col-sm-6 col-md-4 col-lg-3 topics-buddhism-es topics-monastic-life-es\">\n\t<header class=\"entry-header\">\n\t\t<div class=\"entry-meta\">\n\t\t\t<span class=\"posted-on\"><a href=\"https:\/\/plumvillage.org\/es\/about\/thich-nhat-hanh\/letters\/connecting-to-our-root-teacher-a-letter-from-thay-27-sept-2014\" rel=\"bookmark\"><time class=\"entry-date published updated\" datetime=\"2015-06-26T15:15:36+02:00\">junio 26, 2015<\/time><\/a><\/span>\t\t<\/div><!-- .entry-meta -->\n\t\t<h4 class=\"entry-title\"><a href=\"https:\/\/plumvillage.org\/es\/about\/thich-nhat-hanh\/letters\/connecting-to-our-root-teacher-a-letter-from-thay-27-sept-2014\" rel=\"bookmark\">Conectar con nuestro maestro primigenio: Buda<\/a><\/h4>\t<\/header><!-- .entry-header -->\n\n\t<div class=\"entry-content\">\n\t\t<p>Thay wrote this letter in autumn 2014, as his health was weakening. He teaches us how to keep our practice authentic and alive, and see the\u00a0Buddha not as a God, but as our very&#8230;<\/p>\n\t<\/div><!-- .entry-content -->\n\t\n<\/article><!-- #post-150578 -->\t\t\t\t\t\t\t\t\t\t\t\n<article id=\"post-145956\" class=\"index-item index-letter col-sm-6 col-md-4 col-lg-3 topics-monastic-life-es\">\n\t<header class=\"entry-header\">\n\t\t<div class=\"entry-meta\">\n\t\t\t<span class=\"posted-on\"><a href=\"https:\/\/plumvillage.org\/es\/about\/thich-nhat-hanh\/letters\/monastic-fashion\" rel=\"bookmark\"><time class=\"entry-date published updated\" datetime=\"2014-10-26T20:21:43+01:00\">octubre 26, 2014<\/time><\/a><\/span>\t\t<\/div><!-- .entry-meta -->\n\t\t<h4 class=\"entry-title\"><a href=\"https:\/\/plumvillage.org\/es\/about\/thich-nhat-hanh\/letters\/monastic-fashion\" rel=\"bookmark\">New Designs for Monastic Robes<\/a><\/h4>\t<\/header><!-- .entry-header -->\n\n\t<div class=\"entry-content\">\n\t\t<p>From the hospital in Agen, Thay writes to his monastic students recommending they design new robes for working meditation, sports and swimming, and sustainable unisex canvas shoes.<\/p>\n\t<\/div><!-- .entry-content -->\n\t\n<\/article><!-- #post-145956 -->\t\t\t\t\t\t\t\t\t\t\t\n<article id=\"post-150536\" class=\"index-item index-letter col-sm-6 col-md-4 col-lg-3 topics-peace-es\">\n\t<header class=\"entry-header\">\n\t\t<div class=\"entry-meta\">\n\t\t\t<span class=\"posted-on\"><a href=\"https:\/\/plumvillage.org\/es\/about\/thich-nhat-hanh\/letters\/call-for-a-collective-awakening-speech-to-unesco\" rel=\"bookmark\"><time class=\"entry-date published updated\" datetime=\"2006-10-26T20:44:42+02:00\">octubre 26, 2006<\/time><\/a><\/span>\t\t<\/div><!-- .entry-meta -->\n\t\t<h4 class=\"entry-title\"><a href=\"https:\/\/plumvillage.org\/es\/about\/thich-nhat-hanh\/letters\/call-for-a-collective-awakening-speech-to-unesco\" rel=\"bookmark\">Llamado para un despertar colectivo: charla ofrecida en la Unesco<\/a><\/h4>\t<\/header><!-- .entry-header -->\n\n\t<div class=\"entry-content\">\n\t\t<p>Thich Nhat Hanh dio esta charla en la sede de la Unesco en Par\u00eds, el 7 de octubre de 2006. Hace diez a\u00f1os, el director de la Unesco, su excelencia Federico Mayor, me pidi\u00f3&#8230;<\/p>\n\t<\/div><!-- .entry-content -->\n\t\n<\/article><!-- #post-150536 -->\t\t\t\t\t\t\t\t\t\t\t\n<article id=\"post-151100\" class=\"index-item index-letter col-sm-6 col-md-4 col-lg-3 topics-peace-es\">\n\t<header class=\"entry-header\">\n\t\t<div class=\"entry-meta\">\n\t\t\t<span class=\"posted-on\"><a href=\"https:\/\/plumvillage.org\/es\/about\/thich-nhat-hanh\/letters\/letter-to-president-g-w-bush-august-8-2006\" rel=\"bookmark\"><time class=\"entry-date published updated\" datetime=\"2006-08-26T16:11:04+02:00\">agosto 26, 2006<\/time><\/a><\/span>\t\t<\/div><!-- .entry-meta -->\n\t\t<h4 class=\"entry-title\"><a href=\"https:\/\/plumvillage.org\/es\/about\/thich-nhat-hanh\/letters\/letter-to-president-g-w-bush-august-8-2006\" rel=\"bookmark\">Carta al presidente G.W.Bush<\/a><\/h4>\t<\/header><!-- .entry-header -->\n\n\t<div class=\"entry-content\">\n\t\t<p>Una carta manuscrita de Thay al presidente Bush invit\u00e1ndolo a abrir su coraz\u00f3n a las muertes que estaban ocurriendo en Oriente Medio.<\/p>\n\t<\/div><!-- .entry-content -->\n\t\n<\/article><!-- #post-151100 -->\t\t\t\t\t\t\t\t\t\t\t\n<article id=\"post-145955\" class=\"index-item index-letter col-sm-6 col-md-4 col-lg-3 topics-healing-reconciliation-es\">\n\t<header class=\"entry-header\">\n\t\t<div class=\"entry-meta\">\n\t\t\t<span class=\"posted-on\"><a href=\"https:\/\/plumvillage.org\/es\/about\/thich-nhat-hanh\/letters\/embracing-our-pain-comments-on-2005-asia-tsunami\" rel=\"bookmark\"><time class=\"entry-date published updated\" datetime=\"2004-12-30T20:15:00+01:00\">diciembre 30, 2004<\/time><\/a><\/span>\t\t<\/div><!-- .entry-meta -->\n\t\t<h4 class=\"entry-title\"><a href=\"https:\/\/plumvillage.org\/es\/about\/thich-nhat-hanh\/letters\/embracing-our-pain-comments-on-2005-asia-tsunami\" rel=\"bookmark\">Abrazar nuestro dolor: comentarios tras el tsunami en Asia de 2004<\/a><\/h4>\t<\/header><!-- .entry-header -->\n\n\t<div class=\"entry-content\">\n\t\t<p>Par\u00eds, Francia &#8212; Toda la especie humana est\u00e1 de luto\u2026 En los \u00faltimos d\u00edas he hecho ofrendas de incienso y he recitado el nombre de Buda cada d\u00eda para enviar energ\u00eda a las v\u00edctimas&#8230;<\/p>\n\t<\/div><!-- .entry-content -->\n\t\n<\/article><!-- #post-145955 -->\t\t\t\t\t\t\t\t\t\t\t\n<article id=\"post-150561\" class=\"index-item index-letter col-sm-6 col-md-4 col-lg-3 topics-community-building-es\">\n\t<header class=\"entry-header\">\n\t\t<div class=\"entry-meta\">\n\t\t\t<span class=\"posted-on\"><a href=\"https:\/\/plumvillage.org\/es\/about\/thich-nhat-hanh\/letters\/giving-back-to-our-motherland\" rel=\"bookmark\"><time class=\"entry-date published updated\" datetime=\"1974-07-18T19:56:15+01:00\">julio 18, 1974<\/time><\/a><\/span>\t\t<\/div><!-- .entry-meta -->\n\t\t<h4 class=\"entry-title\"><a href=\"https:\/\/plumvillage.org\/es\/about\/thich-nhat-hanh\/letters\/giving-back-to-our-motherland\" rel=\"bookmark\">Devolvi\u00e9ndole a nuestra tierra natal<\/a><\/h4>\t<\/header><!-- .entry-header -->\n\n\t<div class=\"entry-content\">\n\t\t<p>Writing from exile in Paris in 1974, Thay wrote these words of encouragement and inspiration to his social workers back in Vietnam, dreaming of creating a village and practice center together.<\/p>\n\t<\/div><!-- .entry-content -->\n\t\n<\/article><!-- #post-150561 -->\t\t\t\t\t\t\t\t\t\t\t\n<article id=\"post-150557\" class=\"index-item index-letter col-sm-6 col-md-4 col-lg-3 topics-peace-es\">\n\t<header class=\"entry-header\">\n\t\t<div class=\"entry-meta\">\n\t\t\t<span class=\"posted-on\"><a href=\"https:\/\/plumvillage.org\/es\/about\/thich-nhat-hanh\/letters\/in-search-of-the-enemy-of-man\" rel=\"bookmark\"><time class=\"entry-date published updated\" datetime=\"1965-06-01T20:26:00+01:00\">junio 1, 1965<\/time><\/a><\/span>\t\t<\/div><!-- .entry-meta -->\n\t\t<h4 class=\"entry-title\"><a href=\"https:\/\/plumvillage.org\/es\/about\/thich-nhat-hanh\/letters\/in-search-of-the-enemy-of-man\" rel=\"bookmark\">In Search of the Enemy of Man<\/a><\/h4>\t<\/header><!-- .entry-header -->\n\n\t<div class=\"entry-content\">\n\t\t<p>Thay&#8217;s first letter to the Rev. Martin Luther King, sent on June 1, 1965. This was the start of their correspondence and friendship, and they met for the first time in Chicago one year&#8230;<\/p>\n\t<\/div><!-- .entry-content -->\n\t\n<\/article><!-- #post-150557 -->\t\t\t\t\t<\/div>\n\t<\/div>\n\n","protected":false},"excerpt":{"rendered":"<p>Explore the Zen Master\u2019s open letters on community-building and current affairs, including remarkable messages to Martin Luther King Jr., President G.W. Bush, and to a young man on Death Row in the U.S.<\/p>\n","protected":false},"author":1088,"featured_media":0,"parent":150559,"menu_order":0,"comment_status":"closed","ping_status":"closed","template":"","meta":{"_acf_changed":false,"sync_status":"","episode_type":"","audio_file":"","podmotor_file_id":"","podmotor_episode_id":"","castos_file_data":"","cover_image":"","cover_image_id":"","duration":"","filesize":"","filesize_raw":"","date_recorded":"","explicit":"","block":"","itunes_episode_number":"","itunes_title":"","itunes_season_number":"","itunes_episode_type":"","ep_exclude_from_search":false,"footnotes":""},"class_list":["post-156147","page","type-page","status-publish","hentry"],"acf":[],"_links":{"self":[{"href":"https:\/\/plumvillage.org\/es\/wp-json\/wp\/v2\/pages\/156147","targetHints":{"allow":["GET"]}}],"collection":[{"href":"https:\/\/plumvillage.org\/es\/wp-json\/wp\/v2\/pages"}],"about":[{"href":"https:\/\/plumvillage.org\/es\/wp-json\/wp\/v2\/types\/page"}],"author":[{"embeddable":true,"href":"https:\/\/plumvillage.org\/es\/wp-json\/wp\/v2\/users\/1088"}],"replies":[{"embeddable":true,"href":"https:\/\/plumvillage.org\/es\/wp-json\/wp\/v2\/comments?post=156147"}],"version-history":[{"count":0,"href":"https:\/\/plumvillage.org\/es\/wp-json\/wp\/v2\/pages\/156147\/revisions"}],"up":[{"embeddable":true,"href":"https:\/\/plumvillage.org\/es\/wp-json\/wp\/v2\/pages\/150559"}],"wp:attachment":[{"href":"https:\/\/plumvillage.org\/es\/wp-json\/wp\/v2\/media?parent=156147"}],"curies":[{"name":"wp","href":"https:\/\/api.w.org\/{rel}","templated":true}]}}