{"id":156181,"date":"2013-01-03T15:23:20","date_gmt":"2013-01-03T14:23:20","guid":{"rendered":"https:\/\/plumvillage.org\/retreats\/"},"modified":"2026-01-28T20:40:40","modified_gmt":"2026-01-28T19:40:40","slug":"retreats","status":"publish","type":"page","link":"https:\/\/plumvillage.org\/es\/retreats","title":{"rendered":"Calendario de retiros"},"content":{"rendered":"\n<p class=\"has-large-font-size\">Aqu\u00ed encontrar\u00e1s todos los pr\u00f3ximos retiros de Plum Village.<\/p>\n\n\n<style>.kadence-column156181_d4fa4c-3a > .kt-inside-inner-col,.kadence-column156181_d4fa4c-3a > .kt-inside-inner-col:before{border-top-left-radius:0px;border-top-right-radius:0px;border-bottom-right-radius:0px;border-bottom-left-radius:0px;}.kadence-column156181_d4fa4c-3a > .kt-inside-inner-col{column-gap:var(--global-kb-gap-sm, 1rem);}.kadence-column156181_d4fa4c-3a > .kt-inside-inner-col{flex-direction:column;}.kadence-column156181_d4fa4c-3a > .kt-inside-inner-col > .aligncenter{width:100%;}.kadence-column156181_d4fa4c-3a > .kt-inside-inner-col:before{opacity:0.3;}.kadence-column156181_d4fa4c-3a{position:relative;}@media all and (max-width: 1024px){.kadence-column156181_d4fa4c-3a > .kt-inside-inner-col{flex-direction:column;justify-content:center;}}@media all and (max-width: 767px){.kadence-column156181_d4fa4c-3a > .kt-inside-inner-col{flex-direction:column;justify-content:center;}}<\/style>\n<div class=\"wp-block-kadence-column kadence-column156181_d4fa4c-3a\"><div class=\"kt-inside-inner-col\">\n<h2 class=\"wp-block-heading\"><a href=\"https:\/\/plumvillage.org\/es\/courses\/serenando-la-mente-temerosa#entry-content\">Serenando la mente temerosa (retiro en l\u00ednea)<\/a><\/h2>\n<\/div><\/div>\n\n\n\n<figure class=\"wp-block-image size-large\"><a href=\"https:\/\/plumvillage.org\/es\/event\/curso-en-linea\/retiro-online-guarda-las-fechas\"><img loading=\"lazy\" decoding=\"async\" width=\"1024\" height=\"683\" src=\"https:\/\/plumvillage.org\/wp-content\/uploads\/2025\/10\/Buda-grass-1024x683.jpg\" alt=\"\" class=\"wp-image-580876\" srcset=\"https:\/\/plumvillage.org\/wp-content\/uploads\/2025\/10\/Buda-grass-1024x683.jpg 1024w, https:\/\/plumvillage.org\/wp-content\/uploads\/2025\/10\/Buda-grass-499x333.jpg 499w, https:\/\/plumvillage.org\/wp-content\/uploads\/2025\/10\/Buda-grass-768x512.jpg 768w, https:\/\/plumvillage.org\/wp-content\/uploads\/2025\/10\/Buda-grass-1536x1024.jpg 1536w, https:\/\/plumvillage.org\/wp-content\/uploads\/2025\/10\/Buda-grass.jpg 1920w\" sizes=\"auto, (max-width: 1024px) 100vw, 1024px\" \/><\/a><\/figure>\n\n\n\n<h2 class=\"wp-block-heading\"><a href=\"https:\/\/plumvillage.org\/es\/event\/in-person-retreat-es\/retiro-de-plum-village-en-mexico\" data-type=\"link\" data-id=\"https:\/\/plumvillage.org\/es\/event\/in-person-retreat-es\/retiro-de-plum-village-en-mexico\">Retiro de Plum Village en M\u00e9xico <\/a><\/h2>\n\n\n\n<figure class=\"wp-block-image size-large\"><a href=\"https:\/\/plumvillage.org\/es\/event\/in-person-retreat-es\/retiro-de-plum-village-en-mexico\"><img loading=\"lazy\" decoding=\"async\" width=\"1024\" height=\"682\" src=\"https:\/\/plumvillage.org\/wp-content\/uploads\/2026\/01\/nopales-y-tunas-2-1024x682.jpg\" alt=\"\" class=\"wp-image-626281\" srcset=\"https:\/\/plumvillage.org\/wp-content\/uploads\/2026\/01\/nopales-y-tunas-2-1024x682.jpg 1024w, https:\/\/plumvillage.org\/wp-content\/uploads\/2026\/01\/nopales-y-tunas-2-499x333.jpg 499w, https:\/\/plumvillage.org\/wp-content\/uploads\/2026\/01\/nopales-y-tunas-2-768x512.jpg 768w, https:\/\/plumvillage.org\/wp-content\/uploads\/2026\/01\/nopales-y-tunas-2.jpg 1280w\" sizes=\"auto, (max-width: 1024px) 100vw, 1024px\" \/><\/a><\/figure>\n\n\n\n<p><\/p>\n\n\n\n<div class=\"wp-block-group is-layout-flow wp-block-group-is-layout-flow\">\n<p><\/p>\n<\/div>\n","protected":false},"excerpt":{"rendered":"<p>Aqu\u00ed encontrar\u00e1s todos los pr\u00f3ximos retiros de Plum Village. Serenando la mente temerosa (retiro en l\u00ednea) Retiro de Plum Village en M\u00e9xico<\/p>\n","protected":false},"author":9,"featured_media":193125,"parent":0,"menu_order":1,"comment_status":"closed","ping_status":"closed","template":"","meta":{"_acf_changed":false,"sync_status":"","episode_type":"","audio_file":"","podmotor_file_id":"","podmotor_episode_id":"","castos_file_data":"","cover_image":"","cover_image_id":"","duration":"","filesize":"","filesize_raw":"","date_recorded":"","explicit":"","block":"","itunes_episode_number":"","itunes_title":"","itunes_season_number":"","itunes_episode_type":"","ep_exclude_from_search":false,"footnotes":""},"class_list":["post-156181","page","type-page","status-publish","has-post-thumbnail","hentry"],"acf":[],"_links":{"self":[{"href":"https:\/\/plumvillage.org\/es\/wp-json\/wp\/v2\/pages\/156181","targetHints":{"allow":["GET"]}}],"collection":[{"href":"https:\/\/plumvillage.org\/es\/wp-json\/wp\/v2\/pages"}],"about":[{"href":"https:\/\/plumvillage.org\/es\/wp-json\/wp\/v2\/types\/page"}],"author":[{"embeddable":true,"href":"https:\/\/plumvillage.org\/es\/wp-json\/wp\/v2\/users\/9"}],"replies":[{"embeddable":true,"href":"https:\/\/plumvillage.org\/es\/wp-json\/wp\/v2\/comments?post=156181"}],"version-history":[{"count":4,"href":"https:\/\/plumvillage.org\/es\/wp-json\/wp\/v2\/pages\/156181\/revisions"}],"predecessor-version":[{"id":626291,"href":"https:\/\/plumvillage.org\/es\/wp-json\/wp\/v2\/pages\/156181\/revisions\/626291"}],"wp:featuredmedia":[{"embeddable":true,"href":"https:\/\/plumvillage.org\/es\/wp-json\/wp\/v2\/media\/193125"}],"wp:attachment":[{"href":"https:\/\/plumvillage.org\/es\/wp-json\/wp\/v2\/media?parent=156181"}],"curies":[{"name":"wp","href":"https:\/\/api.w.org\/{rel}","templated":true}]}}