{"id":156184,"date":"2013-02-28T17:17:22","date_gmt":"2013-02-28T16:17:22","guid":{"rendered":"https:\/\/plumvillage.org\/retreats\/visiting-us\/accomodation-price\/"},"modified":"2025-11-18T00:08:10","modified_gmt":"2025-11-17T23:08:10","slug":"accomodation-price","status":"publish","type":"page","link":"https:\/\/plumvillage.org\/es\/visiting-us\/accomodation-price","title":{"rendered":"Alojamiento &#038; Precios"},"content":{"rendered":"\n<p class=\"has-large-font-size\"><em>Todo el alojamiento en Plum Village es comunitario. La mayor\u00eda de las salas de estar y todas las habitaciones son compartidas, para fomentar la vida en comunidad y el apoyo mutuo en nuestra pr\u00e1ctica. No podemos proporcionar habitaciones individuales.<\/em><\/p>\n\n\n\n<div class=\"jump-to align\" id=\"alojamiento\">\n\t<hr>\n\t<span class=\"jump-to-text\"><span class=\"label\">Ir a <span class=\"icon icon-arrow-tiny\"><\/span><\/span>\n\t\t<a class=\"active\" href=\"#alojamiento\">alojamiento<\/a>, <a  href=\"#contribuciones\">contribuciones <\/a>, <a  href=\"#cancelacion-y-reembolso\">Cancelaci\u00f3n y reembolso<\/a>, <a  href=\"#otras-reducciones\">Otras Reducciones<\/a><\/span>\n<\/div>\n\n\n<p>La mayor\u00eda de las camas son individuales y algunas de las camas en habitaciones compartidas son literas. <\/p>\n\n\n\n<p>En casas de hu\u00e9spedes de alquiler puede existir la opci\u00f3n de una cama doble para parejas.<\/p>\n\n\n\n<p>Si una habitaci\u00f3n con dos camas para una pareja es demasiado cara, puedes <\/p>\n\n\n\n<h4 class=\"wp-block-heading\"><strong>Accesibilidad<\/strong><\/h4>\n\n\n\n<p>Tenemos algunas habitaciones disponibles con acceso para sillas de ruedas y con un \u00e1rea cercana de estacionamiento adaptada para ello (los hu\u00e9spedes deber\u00e1n traer su propia silla de ruedas). <\/p>\n\n\n\n<p>Recomendamos que los usuarios de sillas de ruedas vengan a Plum Village con un autom\u00f3vil debido a los desplazamientos que es necesario hacer entre las aldeas (Th\u00e9nac, Loub\u00e8s-Bernac y Dieulivol) durante los retiros.<\/p>\n\n\n\n<p> Tambi\u00e9n recomendamos que los usuarios de sillas de ruedas y los hu\u00e9spedes con capacidades diferentes traigan a alguien que pueda brindar apoyo adicional durante su estancia, ya que actualmente nuestras instalaciones y recursos de accesibilidad son limitados y est\u00e1n en desarrollo. <\/p>\n\n\n\n<p>Por favor comun\u00edcate con uno de los hamlets para obtener m\u00e1s informaci\u00f3n y ver c\u00f3mo podemos ayudarte mejor.<\/p>\n\n\n\n<h4 class=\"wp-block-heading\"><strong>Ropa de cama<\/strong><\/h4>\n\n\n\n<p>Durante la mayor\u00eda de las \u00e9pocas del a\u00f1o, aparte de los retiros grandes, se proporciona toda la ropa de cama: colchones, almohadas, s\u00e1banas, edredones y fundas. En los meses m\u00e1s fr\u00edos, quiz\u00e1s quieras traer tu propio saco de dormir o una manta liviana para disfrutar de mayor calidez y comodidad.<\/p>\n\n\n\n<p>Durante los <a href=\"https:\/\/plumvillage.org\/es\/visiting-us\/sample-schedule\">retiros grandes<\/a>, como el Retiro de verano de julio, cada aldea puede tener una pol\u00edtica diferente:Algunas aldeas solo proporcionar\u00e1n un colch\u00f3n y una almohada, otras proporcionar\u00e1n s\u00e1banas y fundas para almohadas. Consulta con la aldea en la que te has registrado para saber qu\u00e9 necesitas traer.<\/p>\n\n\n\n<h4 class=\"wp-block-heading\"><strong>Camping<\/strong><\/h4>\n\n\n\n<p>Disponemos de zonas de acampada r\u00fastica en cada aldea, a veces en desnivel. El camping solo est\u00e1 disponible en los meses m\u00e1s c\u00e1lidos del a\u00f1o, desde finales de primavera hasta oto\u00f1o (desde mediados de marzo hasta el 1 de noviembre). Trae tu propia tienda de campa\u00f1a, una colchoneta\/almohadilla de espuma, saco de dormir, almohada y cualquier otro art\u00edculo que haga que tu campamento sea c\u00f3modo. Los ba\u00f1os y aseos del lugar est\u00e1n disponibles para los campistas. \u00danicamente en Lower Hamlet y New Hamlet, hay un n\u00famero limitado de tiendas de campa\u00f1a disponibles para alquilar por orden de llegada (Upper Hamlet no ofrece tiendas de campa\u00f1a en alquiler).<\/p>\n\n\n\n<h4 class=\"wp-block-heading\"><strong>Autocaravana<\/strong><\/h4>\n\n\n\n<p>Puedes venir con tu propia autocaravana, pero ten en cuenta que no hay conexiones de servicios p\u00fablicos (agua o electricidad). Puedes estacionar tu autocaravana en el estacionamiento arbolado de la aldea en la que te hospedas.<\/p>\n\n\n\n<h4 class=\"wp-block-heading\"><strong>Visitante de d\u00eda<\/strong> (Commuter)<\/h4>\n\n\n\n<p>Si eliges venir como un \u00abvisitante de d\u00eda\u00bb (\u00abCommuter\u00bb), debes encontrar alojamiento t\u00fa mismo fuera de Plum Village y pagarlo por separado, adem\u00e1s de la tarifa que aportes a Plum Village para los gastos del retiro (que incluyen la comida, las Ense\u00f1anzas y todas las instalaciones y servicios de Plum Village). <\/p>\n\n\n\n<p>La aldea en la que te registres puede proporcionarte una lista de \u00abgites\u00bb (casas de hu\u00e9spedes) locales si la solicitas.<\/p>\n\n\n\n<div class=\"jump-to align\" id=\"contribuciones\">\n\t<hr>\n\t<span class=\"jump-to-text\"><span class=\"label\">Ir a <span class=\"icon icon-arrow-tiny\"><\/span><\/span>\n\t\t<a  href=\"#alojamiento\">alojamiento<\/a>, <a class=\"active\" href=\"#contribuciones\">contribuciones <\/a>, <a  href=\"#cancelacion-y-reembolso\">Cancelaci\u00f3n y reembolso<\/a>, <a  href=\"#otras-reducciones\">Otras Reducciones<\/a><\/span>\n<\/div>\n\n\n<h2 class=\"wp-block-heading\">Contribuciones <\/h2>\n\n\n\n<p>Las contribuciones para el retiro en Plum Village se calculan seg\u00fan los precios actuales en Francia y se destinan a cubrir todos los gastos de su estancia y experiencia.<\/p>\n\n\n\n<p>La Pol\u00edtica de Precios, Cancelaci\u00f3n y Reembolso de 2025 est\u00e1 disponible<a href=\"https:\/\/plumvillage.org\/es\/politica-de-precios-cancelacion-y-reembolso-2025\" data-type=\"link\" data-id=\"https:\/\/plumvillage.org\/es\/politica-de-precios-cancelacion-y-reembolso-2025\"> aqu\u00ed. <\/a>Los detalles a continuaci\u00f3n corresponden a los retiros a partir del 3 de enero de 2026.<\/p>\n\n\n\n<p>Los aspectos pr\u00e1cticos incluyen: alojamiento (desde 18 \u20ac hasta 50 \u20ac\/d\u00eda), pensi\u00f3n completa y refrigerios (aprox. 12 \u20ac\/d\u00eda), contribuci\u00f3n para las instalaciones y el lugar del retiro (desde aprox. 25 \u20ac\/d\u00eda) y una tasa administrativa de inscripci\u00f3n y pago de aproximadamente el 5 %.<\/p>\n\n\n\n<p>Adem\u00e1s, la contribuci\u00f3n incluye una ofrenda de \u00abdana\u00bb que se destina al sostenimiento de las ense\u00f1anzas y la comunidad mon\u00e1stica (desde aprox. 100 \u20ac\/semana). <\/p>\n\n\n\n<p>Las becas para dormitorios, tiendas de campa\u00f1a, autocaravanas y conmuters no incluyen esta ofrenda de \u00abdana\u00bb. La contribuci\u00f3n solo alcanza para cubrir los gastos pr\u00e1cticos (comida, alojamiento, instalaciones) y no incluye una contribuci\u00f3n para las ense\u00f1anzas ni la comunidad mon\u00e1stica.<\/p>\n\n\n\n<pre class=\"wp-block-verse\">Estamos muy agradecidos por su contribuci\u00f3n, que nos ayuda a mantener y desarrollar el campus, los terrenos y las instalaciones del             monasterio, para que podamos crear un entorno curativo y pac\u00edfico     para su retiro y para las generaciones futuras.<br><br>Su contribuci\u00f3n apoya el programa internacional de capacitaci\u00f3n y      servicio de la comunidad residencial para j\u00f3venes monjes y                    practicantes, ayud\u00e1ndonos a nutrir las ra\u00edces del Dharma viviente en  Occidente.<br><br>Es gracias a su apoyo que la comunidad mon\u00e1stica puede prosperar y   compartir el camino de la pr\u00e1ctica de la atenci\u00f3n plena, tanto en Plum Village como m\u00e1s all\u00e1.<br><br>El monasterio de Plum Village es una organizaci\u00f3n ben\u00e9fica sin fines   de lucro y una congregaci\u00f3n religiosa registrada apoyada por \"dana\".<br><br>\u00abDana\u00bb es una palabra en Pali y s\u00e1nscrito que significa \u00abdonaci\u00f3n\u00bb u \u00abofrenda\u00bb. Durante m\u00e1s de 2500 a\u00f1os, la comunidad mon\u00e1stica budista se ha sostenido gracias a las generosas donaciones de sus practicantes, en lugar de mediante impuestos, tierras u otras riquezas acumuladas.<br><br>Aceptamos con gratitud <a href=\"https:\/\/plumvillage.org\/es\/donar\" data-type=\"link\" data-id=\"https:\/\/plumvillage.org\/es\/donar\">donaciones<\/a> adicionales para apoyar a nuestros monasterios y proyectos de servicio en todo el mundo.<br><br><\/pre>\n\n\n\n<figure class=\"wp-block-image size-full\"><img loading=\"lazy\" decoding=\"async\" width=\"1024\" height=\"498\" src=\"https:\/\/plumvillage.org\/wp-content\/uploads\/2025\/11\/white-lotus_crop-1024x498-1.jpg\" alt=\"\" class=\"wp-image-593571\" srcset=\"https:\/\/plumvillage.org\/wp-content\/uploads\/2025\/11\/white-lotus_crop-1024x498-1.jpg 1024w, https:\/\/plumvillage.org\/wp-content\/uploads\/2025\/11\/white-lotus_crop-1024x498-1-499x243.jpg 499w, https:\/\/plumvillage.org\/wp-content\/uploads\/2025\/11\/white-lotus_crop-1024x498-1-768x374.jpg 768w\" sizes=\"auto, (max-width: 1024px) 100vw, 1024px\" \/><\/figure>\n\n\n\n<p><strong>Nuestro nuevo sistema de precios escalonados<\/strong> hace que los retiros sean m\u00e1s accesibles y ampl\u00eda nuestras becas, al mismo tiempo que apoya el trabajo de Plum Village en el mundo. <strong>Por favor considera elegir la tarifa m\u00e1s alta que puedas ofrecer.<\/strong><\/p>\n\n\n\n<p>Las contribuciones para los retiros var\u00edan seg\u00fan el tipo de alojamiento que elija y son por persona y por semana.<\/p>\n\n\n\n<h2 class=\"wp-block-heading\">Niveles de precios<\/h2>\n\n\n\n<ul class=\"wp-block-list\">\n<li><strong>*Beca (-25%)<\/strong> Para quienes necesitan ayuda financiera. Esta tarifa reducida est\u00e1 disponible gracias a la generosidad de otros participantes del retiro. La disponibilidad es limitada. <\/li>\n\n\n\n<li><strong>B\u00e1sica<\/strong> Cubre los costos esenciales de tu retiro. Ofrecemos esta tarifa para que nuestros retiros sean accesibles para todos.<\/li>\n\n\n\n<li> <strong>Sostenible<\/strong> Esta tarifa cubre completamente los costos de tu retiro y contribuye a la formaci\u00f3n mon\u00e1stica, el mantenimiento de las instalaciones y nuestro trabajo comprometido en el mundo.<\/li>\n\n\n\n<li><strong>Apoyo <\/strong>Tu generosa contribuci\u00f3n ayuda a brindar atenci\u00f3n m\u00e9dica a los monjes, financiar proyectos esenciales y mantener un refugio acogedor para todos. <\/li>\n<\/ul>\n\n\n\n<p>Los precios incluyen el 10% de IVA. Dado que cobramos el IVA, podemos recuperar el IVA que pagamos en construcci\u00f3n, mantenimiento y otros gastos. Esto nos ayuda a garantizar que su contribuci\u00f3n se utilice de la manera m\u00e1s eficaz posible para apoyar a Plum Village.<\/p>\n\n\n\n<div class=\"wp-block-columns is-layout-flex wp-container-core-columns-is-layout-9d6595d7 wp-block-columns-is-layout-flex\">\n<div class=\"wp-block-column is-layout-flow wp-block-column-is-layout-flow\" style=\"flex-basis:100%\">\n<figure class=\"wp-block-table is-style-stripes\"><table class=\"has-fixed-layout\"><tbody><tr><td>Alojamiento<\/td><td>Beca<\/td><td>Basico<\/td><td>Sostenible<\/td><td>Apoyo<\/td><\/tr><tr><td>cama en habitaci\u00f3n doble, ba\u00f1o privado<\/td><td>\u20ac 619<\/td><td>\u20ac 825<\/td><td>\u20ac 1,238<\/td><td>\u20ac 1,650<\/td><\/tr><tr><td>cama en habitaci\u00f3n doble, ba\u00f1o compartido<\/td><td>\u20ac 555<\/td><td>\u20ac 740<\/td><td>\u20ac 1,110<\/td><td>\u20ac 1,480<\/td><\/tr><tr><td>cama en habitaci\u00f3n para 3, 4 personas, ba\u00f1o privado<\/td><td>\u20ac555<\/td><td>\u20ac740<\/td><td>\u20ac1,110<\/td><td>\u20ac1,480<\/td><\/tr><tr><td>cama en habitaci\u00f3n de 3, 4-personas con ba\u00f1o compartido<\/td><td>\u20ac 525<\/td><td>\u20ac 700<\/td><td>\u20ac1,050<\/td><td>\u20ac 1,400<\/td><\/tr><tr><td>cama en dormitorio, ba\u00f1o privado<\/td><td>\u20ac465<\/td><td><strong> <\/strong>\u20ac 620<\/td><td>\u20ac 930<\/td><td>\u20ac 1,240<\/td><\/tr><tr><td>cama en dormitorio, ba\u00f1o compartido<\/td><td>\u20ac 401<\/td><td>\u20ac 535<\/td><td>\u20ac 803<\/td><td>\u20ac 1,070<\/td><\/tr><tr><td>Tienda de campa\u00f1a\/ autocaravana<\/td><td>\u20ac 326<\/td><td>\u20ac 435<\/td><td>\u20ac 653<\/td><td>\u20ac 870<\/td><\/tr><tr><td>Visitante de d\u00eda (Commuter)<\/td><td>\u20ac 326<\/td><td>\u20ac 435<\/td><td>\u20ac 653<\/td><td>\u20ac 870<\/td><\/tr><\/tbody><\/table><figcaption class=\"wp-element-caption\">Contribuciones actualizadas por adulto y semana para 2026 (v\u00e1lidas para las semanas de retiro que comienzan el 3 de enero de 2026). Los precios incluyen el 10 % de IVA. Dado que cobramos el IVA, podemos recuperar el IVA que pagamos en construcci\u00f3n, mantenimiento y otros gastos. Esto nos permite garantizar que su aportaci\u00f3n se utilice de la manera m\u00e1s eficaz posible para apoyar a Plum Village.<\/figcaption><\/figure>\n\n\n\n<p>(La pol\u00edtica de precios, cancelaci\u00f3n y reembolso de 2025 est\u00e1 disponible <a href=\"https:\/\/plumvillage.org\/es\/politica-de-precios-cancelacion-y-reembolso-2025\" data-type=\"link\" data-id=\"https:\/\/plumvillage.org\/es\/politica-de-precios-cancelacion-y-reembolso-2025\">aqu\u00ed<\/a>).<\/p>\n<\/div>\n<\/div>\n\n\n\n<p>*Para los estudiantes de 25 a\u00f1os o menos, o aquellos que reciben beneficios de desempleo, que puedan necesitar mayor asistencia financiera,<a href=\"https:\/\/plumvillage.org\/es\/visiting-us\/accomodation-price#otras-reducciones\"> consulte las Reducciones adicionales<\/a> m\u00e1s abajo.<\/p>\n\n\n\n<ul class=\"wp-block-list\">\n<li>Adolescentes (13-17) reciben una reducci\u00f3n del 30%<\/li>\n\n\n\n<li>Ni\u00f1os reciben una reducci\u00f3n del 50%<\/li>\n\n\n\n<li>No hay cargo para ni\u00f1os menores de 6 a\u00f1os.<\/li>\n<\/ul>\n\n\n\n<p><strong>*Por favor registre a cada miembro de la familia, incluidos los ni\u00f1os de todas las edades.<\/strong><\/p>\n\n\n\n<h2 class=\"wp-block-heading\">M\u00e9todos de pago<\/h2>\n\n\n\n<p><strong>Puedes contribuir a trav\u00e9s de los siguientes m\u00e9todos de pago:<\/strong><\/p>\n\n\n\n<ul class=\"wp-block-list\">\n<li>Pagos con tarjeta (en todo el mundo)<\/li>\n\n\n\n<li>Domiciliaci\u00f3n bancaria europea (SEPA) para cuentas bancarias en Europa<\/li>\n\n\n\n<li>Lamentamos comunicarles que, debido a la normativa contable francesa, ya no podemos recibir pagos en efectivo, cheque o transferencia bancaria manual para nuestros retiros.<\/li>\n\n\n\n<li>El pago es necesario al registrarse para asegurar la plaza. Si no puede pagar el importe total de inmediato, puede optar por un plan de pago.<\/li>\n<\/ul>\n\n\n\n<h2 class=\"wp-block-heading\">Cambios al proceso de pago <\/h2>\n\n\n\n<p>A partir del 3 de enero de 2026, las contribuciones al retiro se dividir\u00e1n en dos pagos para cumplir con la legislaci\u00f3n francesa:<\/p>\n\n\n\n<ul class=\"wp-block-list\">\n<li>Pago principal: a Bienvenue Aux Pruniers S.A.S., nuestra nueva empresa social que gestiona los aspectos pr\u00e1cticos de su retiro (comida, alojamiento, instalaciones, administraci\u00f3n, impuestos, etc.).<\/li>\n\n\n\n<li>Contribuci\u00f3n del monasterio: a la Congregaci\u00f3n Budista Zen Village des Pruniers, la congregaci\u00f3n budista oficialmente registrada que apoya a la comunidad mon\u00e1stica.<\/li>\n<\/ul>\n\n\n\n<p>Tras el pago, su extracto bancario mostrar\u00e1 dos cargos y recibir\u00e1 dos facturas.<\/p>\n\n\n\n<div class=\"jump-to align\" id=\"cancelacion-y-reembolso\">\n\t<hr>\n\t<span class=\"jump-to-text\"><span class=\"label\">Ir a <span class=\"icon icon-arrow-tiny\"><\/span><\/span>\n\t\t<a  href=\"#alojamiento\">alojamiento<\/a>, <a  href=\"#contribuciones\">contribuciones <\/a>, <a class=\"active\" href=\"#cancelacion-y-reembolso\">Cancelaci\u00f3n y reembolso<\/a>, <a  href=\"#otras-reducciones\">Otras Reducciones<\/a><\/span>\n<\/div>\n\n\n<h2 class=\"wp-block-heading\">Cancelaci\u00f3n y reembolso<\/h2>\n\n\n\n<div class=\"wp-block-columns is-layout-flex wp-container-core-columns-is-layout-9d6595d7 wp-block-columns-is-layout-flex\">\n<div class=\"wp-block-column is-layout-flow wp-block-column-is-layout-flow\">\n<figure class=\"wp-block-image size-full\"><img loading=\"lazy\" decoding=\"async\" width=\"300\" height=\"300\" src=\"https:\/\/plumvillage.org\/wp-content\/uploads\/2024\/12\/flower.webp\" alt=\"\" class=\"wp-image-481367\"\/><\/figure>\n<\/div>\n\n\n\n<div class=\"wp-block-column is-layout-flow wp-block-column-is-layout-flow\">\n<p><\/p>\n\n\n\n<p><em>Entendemos que las circunstancias de la vida cambian.<\/em><\/p>\n\n\n\n<p><em>Las plazas para los retiros de Plum Village son limitadas, y muchos amigos desean venir a practicar con nosotros. Por favor, sean considerados con los dem\u00e1s y cancelen su reserva lo antes posible para que otros tengan la oportunidad de ocupar su lugar.<\/em><\/p>\n<\/div>\n<\/div>\n\n\n\n<p>Si nos avisas:<\/p>\n\n\n\n<ul class=\"wp-block-list\">\n<li><strong>28 d\u00edas o m\u00e1s antes de la llegada<\/strong>: Se le reembolsar\u00e1 su contribuci\u00f3n, menos una tasa administrativa y de cancelaci\u00f3n de 100 \u20ac.<\/li>\n\n\n\n<li><strong>Entre 14 y 27 d\u00edas antes de la llegada<\/strong>: Se deducir\u00e1 la tasa administrativa no reembolsable de 100 \u20ac y se le reembolsar\u00e1 el 50 % de su contribuci\u00f3n.<\/li>\n\n\n\n<li><strong>13 d\u00edas o menos antes de la llegada:<\/strong> No se realizan reembolsos.<\/li>\n<\/ul>\n\n\n\n<p>(La pol\u00edtica de precios, cancelaci\u00f3n y reembolso de 2025 est\u00e1 disponible <a href=\"https:\/\/plumvillage.org\/es\/politica-de-precios-cancelacion-y-reembolso-2025\">aqu\u00ed)<\/a>.<\/p>\n\n\n\n<h3 class=\"wp-block-heading\"><strong>Cancelaci\u00f3n de retiros por parte de Plum Village<\/strong><\/h3>\n\n\n\n<p>Plum Village se reserva el derecho de cancelar un retiro bajo cualquier circunstancia. En este caso, se le ofrecer\u00e1 un reembolso completo de los pagos que ya nos haya realizado, incluyendo la tarifa administrativa.<\/p>\n\n\n\n<p>Plum Village no acepta ninguna otra responsabilidad por cancelaciones de retiros m\u00e1s all\u00e1 del reembolso de la tarifa de inscripci\u00f3n al retiro. Por ejemplo, no podemos responsabilizarnos de los fondos gastados en preparativos de viaje por adelantado, como boletos de avi\u00f3n y visas.<\/p>\n\n\n\n<p>Recomendamos a todos nuestros hu\u00e9spedes que contraten un seguro de viaje para cubrir todos los riesgos y p\u00e9rdidas en caso de emergencia.<\/p>\n\n\n\n<div class=\"jump-to align\" id=\"otras-reducciones\">\n\t<hr>\n\t<span class=\"jump-to-text\"><span class=\"label\">Ir a <span class=\"icon icon-arrow-tiny\"><\/span><\/span>\n\t\t<a  href=\"#alojamiento\">alojamiento<\/a>, <a  href=\"#contribuciones\">contribuciones <\/a>, <a  href=\"#cancelacion-y-reembolso\">Cancelaci\u00f3n y reembolso<\/a>, <a class=\"active\" href=\"#otras-reducciones\">Otras Reducciones<\/a><\/span>\n<\/div>\n\n\n<h2 class=\"wp-block-heading\"><strong>Otras Reducciones <\/strong><\/h2>\n\n\n\n<p>* Aplicable a dormitorios de 6 a 10 personas con ba\u00f1o compartido o camping.<\/p>\n\n\n\n<ul class=\"wp-block-list\">\n<li>Para estudiantes de 25 a\u00f1os o menos, previa presentaci\u00f3n de un carn\u00e9 de estudiante v\u00e1lido por correo electr\u00f3nico. <\/li>\n\n\n\n<li>Para quienes reciben subsidio por desempleo, previa presentaci\u00f3n de un justificante de su situaci\u00f3n e ingresos por correo electr\u00f3nico. <\/li>\n\n\n\n<li>Para solicitar un descuento adicional, p\u00f3ngase en contacto con el hamlet donde se ha inscrito o desea inscribirse, adjuntando un justificante de alguno de los criterios anteriores. Indique su n\u00famero de reserva, si lo tiene.<\/li>\n\n\n\n<li> Tenga en cuenta que la disponibilidad de descuentos adicionales es muy limitada y no todas las solicitudes pueden ser aprobadas.<\/li>\n<\/ul>\n\n\n\n<figure class=\"wp-block-image size-large\"><img loading=\"lazy\" decoding=\"async\" width=\"1024\" height=\"410\" src=\"https:\/\/plumvillage.org\/wp-content\/uploads\/2024\/12\/forrest--1024x410.webp\" alt=\"\" class=\"wp-image-481378\" srcset=\"https:\/\/plumvillage.org\/wp-content\/uploads\/2024\/12\/forrest--1024x410.webp 1024w, https:\/\/plumvillage.org\/wp-content\/uploads\/2024\/12\/forrest--499x200.webp 499w, https:\/\/plumvillage.org\/wp-content\/uploads\/2024\/12\/forrest--768x307.webp 768w, https:\/\/plumvillage.org\/wp-content\/uploads\/2024\/12\/forrest-.webp 1500w\" sizes=\"auto, (max-width: 1024px) 100vw, 1024px\" \/><\/figure>\n","protected":false},"excerpt":{"rendered":"<p>Todo el alojamiento en Plum Village es comunitario. La mayor\u00eda de las salas de estar y todas las habitaciones son compartidas, para fomentar la vida en comunidad y el apoyo mutuo en nuestra pr\u00e1ctica. No podemos proporcionar habitaciones individuales. La mayor\u00eda de las camas son individuales y algunas de las camas en habitaciones compartidas son<\/p>\n","protected":false},"author":5,"featured_media":0,"parent":156183,"menu_order":0,"comment_status":"closed","ping_status":"closed","template":"","meta":{"_acf_changed":false,"sync_status":"","episode_type":"","audio_file":"","castos_file_data":"","podmotor_file_id":"","cover_image":"","cover_image_id":"","duration":"","filesize":"","filesize_raw":"","date_recorded":"","explicit":"","block":"","itunes_episode_number":"","itunes_title":"","itunes_season_number":"","itunes_episode_type":"","ep_exclude_from_search":false,"footnotes":""},"class_list":["post-156184","page","type-page","status-publish","hentry"],"acf":[],"_links":{"self":[{"href":"https:\/\/plumvillage.org\/es\/wp-json\/wp\/v2\/pages\/156184","targetHints":{"allow":["GET"]}}],"collection":[{"href":"https:\/\/plumvillage.org\/es\/wp-json\/wp\/v2\/pages"}],"about":[{"href":"https:\/\/plumvillage.org\/es\/wp-json\/wp\/v2\/types\/page"}],"author":[{"embeddable":true,"href":"https:\/\/plumvillage.org\/es\/wp-json\/wp\/v2\/users\/5"}],"replies":[{"embeddable":true,"href":"https:\/\/plumvillage.org\/es\/wp-json\/wp\/v2\/comments?post=156184"}],"version-history":[{"count":5,"href":"https:\/\/plumvillage.org\/es\/wp-json\/wp\/v2\/pages\/156184\/revisions"}],"predecessor-version":[{"id":593675,"href":"https:\/\/plumvillage.org\/es\/wp-json\/wp\/v2\/pages\/156184\/revisions\/593675"}],"up":[{"embeddable":true,"href":"https:\/\/plumvillage.org\/es\/wp-json\/wp\/v2\/pages\/156183"}],"wp:attachment":[{"href":"https:\/\/plumvillage.org\/es\/wp-json\/wp\/v2\/media?parent=156184"}],"curies":[{"name":"wp","href":"https:\/\/api.w.org\/{rel}","templated":true}]}}