{"id":156188,"date":"2013-02-28T17:35:03","date_gmt":"2013-02-28T17:35:03","guid":{"rendered":"https:\/\/plumvillage.org\/retreats\/visiting-us\/sample-schedule\/"},"modified":"2024-12-07T16:55:05","modified_gmt":"2024-12-07T15:55:05","slug":"sample-schedule","status":"publish","type":"page","link":"https:\/\/plumvillage.org\/es\/visiting-us\/sample-schedule","title":{"rendered":"Muestra de Horario"},"content":{"rendered":"\n<figure class=\"wp-block-image alignright\"><img loading=\"lazy\" decoding=\"async\" width=\"768\" height=\"514\" src=\"https:\/\/plumvillage.org\/wp-content\/uploads\/2019\/08\/UH-autumn-belltower.jpeg\" alt=\"\" class=\"wp-image-139412\" srcset=\"https:\/\/plumvillage.org\/wp-content\/uploads\/2019\/08\/UH-autumn-belltower.jpeg 768w, https:\/\/plumvillage.org\/wp-content\/uploads\/2019\/08\/UH-autumn-belltower-499x334.jpeg 499w\" sizes=\"auto, (max-width: 768px) 100vw, 768px\" \/><\/figure>\n\n\n\n<p class=\"has-large-font-size\">Un retiro en Plum Village es una oportunidad para experimentar <a href=\"https:\/\/plumvillage.org\/es\/mindfulness-practice\/\" data-type=\"URL\" data-id=\"https:\/\/plumvillage.org\/es\/mindfulness-practice\/\">el arte de la vida consciente<\/a>. Hacemos todo con un esp\u00edritu de meditaci\u00f3n, ya sea caminar hacia el ba\u00f1o, lavar los platos o escuchar profundamente el sonido de la campana.<\/p>\n\n\n\n<p>El horario diario en Plum Village var\u00eda seg\u00fan la temporada y el retiro, y var\u00eda ligeramente entre las diferentes aldeas. Todos los d\u00edas practicamos <strong>meditaci\u00f3n sentados, meditaci\u00f3n caminando, comer conscientemente y trabajo en plena consciencia<\/strong> juntos como comunidad. Siempre hay un per\u00edodo de <strong>\u00abNoble Silencio\u00bb<\/strong> desde la \u00faltima actividad de la tarde hasta despu\u00e9s del desayuno del d\u00eda siguiente. Un d\u00eda a la semana siempre se designa como <strong>D\u00eda de la Pereza<\/strong>, sin un horario de pr\u00e1ctica formal.<\/p>\n\n\n\n<h2 class=\"wp-block-heading\"><strong>Retiros Tem\u00e1ticos <\/strong><\/h2>\n\n\n\n<figure class=\"wp-block-image alignright\"><img loading=\"lazy\" decoding=\"async\" width=\"1024\" height=\"576\" src=\"https:\/\/plumvillage.org\/wp-content\/uploads\/2019\/08\/DSCF6444-1024x576.jpg\" alt=\"\" class=\"wp-image-139413\" srcset=\"https:\/\/plumvillage.org\/wp-content\/uploads\/2019\/08\/DSCF6444-1024x576.jpg 1024w, https:\/\/plumvillage.org\/wp-content\/uploads\/2019\/08\/DSCF6444-499x281.jpg 499w, https:\/\/plumvillage.org\/wp-content\/uploads\/2019\/08\/DSCF6444-768x432.jpg 768w, https:\/\/plumvillage.org\/wp-content\/uploads\/2019\/08\/DSCF6444.jpg 1920w\" sizes=\"auto, (max-width: 1024px) 100vw, 1024px\" \/><figcaption class=\"wp-element-caption\"><em>Una sesi\u00f3n de relajaci\u00f3n profunda durante un gran retiro<\/em><\/figcaption><\/figure>\n\n\n\n<p>Durante retiros tem\u00e1ticos como el \u201cRetiro de la Tierra\u201d, \u201cApertura de Verano\u201d, \u201cRetiro del Despertar\u201d, los participantes forman parte de una \u201cfamilia que comparte el Dharma\u201d facilitada por un maestro del Dharma.<\/p>\n\n\n\n<p>Normalmente se celebran cuatro charlas de Dharma a la semana, para las que toda la comunidad se re\u00fane en una aldea durante la ma\u00f1ana. La charla la ofrece uno de nuestros maestros de Dharma, o Thay (Thich Nhat Hanh) a trav\u00e9s de un DVD grabado, y va seguida de una meditaci\u00f3n caminando todos juntos por los hermosos huertos y bosques.<\/p>\n\n\n\n<h2 class=\"wp-block-heading\">Semanas de Practica en General<\/h2>\n\n\n\n<p>Durante las semanas de pr\u00e1ctica general en los retiros de invierno, primavera, oto\u00f1o y lluvias, los participantes tienen la oportunidad de seguir el programa de rutina de los monjes para profundizar las pr\u00e1cticas fundamentales de meditaci\u00f3n sentada y caminando, canto, tocar la tierra, comer conscientemente y trabajar.<\/p>\n\n\n\n<p>Toda la comunidad se re\u00fane los jueves y domingos para celebrar un d\u00eda completo de Plena Consciencia en una de las aldeas (Hamlets). El resto de la semana se pasa en nuestra \u201caldea de base\u201d (home hamlet).<\/p>\n\n\n\n<p>Cuando llegues, te ofreceremos una orientaci\u00f3n completa sobre la pr\u00e1ctica de la Plena Consciencia en Plum Village y el programa de pr\u00e1ctica para su estad\u00eda. No habr\u00e1 familias de compartir el Dharma<\/p>\n\n\n\n<div class=\"wp-block-group has-fresh-earth-background-color has-background is-layout-flow wp-block-group-is-layout-flow\">\n<h5 class=\"wp-block-heading\"><strong>As\u00ed ser\u00eda un d\u00eda t\u00edpico en Plum Village<\/strong><\/h5>\n\n\n\n<p>5:00 am: Campana de Despertar<br>6:00 am: Meditaci\u00f3n Sentada<br>(seguido de Lectura de Sutra \/ Tocar la Tierra \/ Meditaci\u00f3n Caminando Lenta)<br>7:30 am: Desayuno<br>9:00 am: Charla del Dharma \/ Clase \/ Presentaci\u00f3n \/ Meditaci\u00f3n de Trabajo<br>11:30 am: Meditaci\u00f3n Caminando (al aire libre)<br>12:30 pm: Almuerzo<br>1:30 pm: Descanso \/ Relajaci\u00f3n Guiada Opcional<br>3:00 pm: Meditaci\u00f3n de Servicio<br>6:00 pm: Cena ligera<br>8:00 pm: Debate del Dharma, Tiempo de Estudio Personal, Meditaci\u00f3n Sentada u otra pr\u00e1ctica colectiva<br>9.30 pm: Comienza Noble Silencio<br>10:00 pm: Se apagan las luces<\/p>\n<\/div>\n\n\n\n<p>A menudo hay tiempo en la ma\u00f1ana temprano o al final de la tarde para hacer ejercicio personal (por ejemplo, Yoga, Chi Gong, Tai Jhi, Jogging) o, dependiendo del clima, deportes grupales (f\u00fatbol, \u200b\u200bvoleibol, frisbee, etc.).<\/p>\n","protected":false},"excerpt":{"rendered":"<p>Un retiro en Plum Village es una oportunidad para experimentar el arte de la vida consciente. Hacemos todo con un esp\u00edritu de meditaci\u00f3n, ya sea caminar hacia el ba\u00f1o, lavar los platos o escuchar profundamente el sonido de la campana. El horario diario en Plum Village var\u00eda seg\u00fan la temporada y el retiro, y var\u00eda<\/p>\n","protected":false},"author":5,"featured_media":0,"parent":156183,"menu_order":0,"comment_status":"closed","ping_status":"open","template":"","meta":{"_acf_changed":false,"sync_status":"","episode_type":"","audio_file":"","podmotor_file_id":"","podmotor_episode_id":"","castos_file_data":"","cover_image":"","cover_image_id":"","duration":"","filesize":"","filesize_raw":"","date_recorded":"","explicit":"","block":"","itunes_episode_number":"","itunes_title":"","itunes_season_number":"","itunes_episode_type":"","ep_exclude_from_search":false,"footnotes":""},"class_list":["post-156188","page","type-page","status-publish","hentry"],"acf":[],"_links":{"self":[{"href":"https:\/\/plumvillage.org\/es\/wp-json\/wp\/v2\/pages\/156188","targetHints":{"allow":["GET"]}}],"collection":[{"href":"https:\/\/plumvillage.org\/es\/wp-json\/wp\/v2\/pages"}],"about":[{"href":"https:\/\/plumvillage.org\/es\/wp-json\/wp\/v2\/types\/page"}],"author":[{"embeddable":true,"href":"https:\/\/plumvillage.org\/es\/wp-json\/wp\/v2\/users\/5"}],"replies":[{"embeddable":true,"href":"https:\/\/plumvillage.org\/es\/wp-json\/wp\/v2\/comments?post=156188"}],"version-history":[{"count":2,"href":"https:\/\/plumvillage.org\/es\/wp-json\/wp\/v2\/pages\/156188\/revisions"}],"predecessor-version":[{"id":481358,"href":"https:\/\/plumvillage.org\/es\/wp-json\/wp\/v2\/pages\/156188\/revisions\/481358"}],"up":[{"embeddable":true,"href":"https:\/\/plumvillage.org\/es\/wp-json\/wp\/v2\/pages\/156183"}],"wp:attachment":[{"href":"https:\/\/plumvillage.org\/es\/wp-json\/wp\/v2\/media?parent=156188"}],"curies":[{"name":"wp","href":"https:\/\/api.w.org\/{rel}","templated":true}]}}