{"id":279737,"date":"2022-04-01T20:49:23","date_gmt":"2022-04-01T18:49:23","guid":{"rendered":"https:\/\/plumvillage.org\/?page_id=279737"},"modified":"2022-04-01T20:51:43","modified_gmt":"2022-04-01T18:51:43","slug":"protocolo-sanitario-para-los-retiros-presenciales","status":"publish","type":"page","link":"https:\/\/plumvillage.org\/es\/retreats\/protocolo-sanitario-para-los-retiros-presenciales","title":{"rendered":"Protocolo sanitario para los retiros presenciales"},"content":{"rendered":"\n<p>ACTUALIZADO: A partir del 14 de marzo de 2022, en vista de la flexibilizaci\u00f3n de las restricciones de Covid en Francia, la comunidad de Plum Village ha suspendido la mayor\u00eda de sus protocolos sanitarios anteriores en vigor (pruebas de Covid, uso de mascarilla y cuarentena).<\/p>\n\n\n\n<p>Al llegar a una de las aldeas o \u00abhamlets\u00bb de Plum Village, se invita a los participantes a unirse a la comunidad con normalidad. Los participantes pueden elegir llevar mascarilla y mantener el distanciamiento social durante el retiro si as\u00ed lo desean. Sin embargo, estas medidas ya no ser\u00e1n un requisito de la comunidad (a menos que tengas s\u00edntomas de Covid-19). No obstante, en el caso de los traslados organizados por Plum Village, el d\u00eda de la llegada pedimos que se lleve una mascarilla dentro de la furgoneta.<\/p>\n\n\n\n<p>Las personas con un sistema inmunitario debilitado deben tomar precauciones adicionales y solicitar consejo a su m\u00e9dico antes de inscribirse en un retiro.<\/p>\n\n\n\n<p>Si experimentas cualquier s\u00edntoma de Covid antes de llegar, te rogamos que no vengas a Plum Village , ya organizaremos otra ocasi\u00f3n para que puedas venir.<\/p>\n\n\n\n<p>Si tienes s\u00edntomas y das positivo a Covid-19 durante tu estancia en Plum Village, podr\u00edamos pedirte que vuelvas a casa para cuidarte.<\/p>\n\n\n\n<p>Pedimos a todos los participantes que pongan en pr\u00e1ctica las medidas generales de protecci\u00f3n durante su estancia en Plum Village, como ventilar las habitaciones y los espacios interiores con regularidad durante el d\u00eda; lavarse las manos o aplicarse gel desinfectante para manos; toser y estornudar en el codo (no en las manos) o en un pa\u00f1uelo de papel, depositarlo en la papelera y luego lavarse las manos.<\/p>\n\n\n\n<p>En caso de que se produzca un brote de Covid, la aldea o \u00abhamlet\u00bb en la que te alojes puede considerar necesario cancelar el retiro para evitar la propagaci\u00f3n del virus. Esto puede significar la cancelaci\u00f3n en las semanas o d\u00edas previos al d\u00eda de llegada, en el mismo d\u00eda de llegada o durante el retiro. Ante este hecho, ser\u00eda conveniente que preveas planes de viaje y alojamiento alternativos. Puedes consultar nuestra pol\u00edtica de cancelaciones relacionadas con la Covid-19 <strong><a href=\"https:\/\/plumvillage.org\/es\/terms-and-conditions\/\" data-type=\"URL\" data-id=\"https:\/\/plumvillage.org\/es\/terms-and-conditions\/\">aqu\u00ed<\/a><\/strong>.<\/p>\n\n\n\n<p>Te recomendamos que compruebes regularmente las restricciones y requisitos de viaje para entrar y viajar por Francia <strong><a href=\"https:\/\/www.diplomatie.gouv.fr\/es\/\" data-type=\"URL\" data-id=\"https:\/\/www.diplomatie.gouv.fr\/es\/\">aqu\u00ed<\/a><\/strong> o directamente con la embajada de tu pa\u00eds. Nota: Estos protocolos sanitarios est\u00e1n sujetos a cambios seg\u00fan la situaci\u00f3n del momento.<\/p>\n","protected":false},"excerpt":{"rendered":"<p>ACTUALIZADO: A partir del 14 de marzo de 2022, en vista de la flexibilizaci\u00f3n de las restricciones de Covid en Francia, la comunidad de Plum Village ha suspendido la mayor\u00eda de sus protocolos sanitarios anteriores en vigor (pruebas de Covid, uso de mascarilla y cuarentena). Al llegar a una de las aldeas o \u00abhamlets\u00bb de<\/p>\n","protected":false},"author":90,"featured_media":0,"parent":156181,"menu_order":5,"comment_status":"closed","ping_status":"closed","template":"","meta":{"_acf_changed":false,"sync_status":"","episode_type":"","audio_file":"","castos_file_data":"","podmotor_file_id":"","cover_image":"","cover_image_id":"","duration":"","filesize":"","filesize_raw":"","date_recorded":"","explicit":"","block":"","itunes_episode_number":"","itunes_title":"","itunes_season_number":"","itunes_episode_type":"","ep_exclude_from_search":false,"footnotes":""},"class_list":["post-279737","page","type-page","status-publish","hentry"],"acf":[],"_links":{"self":[{"href":"https:\/\/plumvillage.org\/es\/wp-json\/wp\/v2\/pages\/279737","targetHints":{"allow":["GET"]}}],"collection":[{"href":"https:\/\/plumvillage.org\/es\/wp-json\/wp\/v2\/pages"}],"about":[{"href":"https:\/\/plumvillage.org\/es\/wp-json\/wp\/v2\/types\/page"}],"author":[{"embeddable":true,"href":"https:\/\/plumvillage.org\/es\/wp-json\/wp\/v2\/users\/90"}],"replies":[{"embeddable":true,"href":"https:\/\/plumvillage.org\/es\/wp-json\/wp\/v2\/comments?post=279737"}],"version-history":[{"count":0,"href":"https:\/\/plumvillage.org\/es\/wp-json\/wp\/v2\/pages\/279737\/revisions"}],"up":[{"embeddable":true,"href":"https:\/\/plumvillage.org\/es\/wp-json\/wp\/v2\/pages\/156181"}],"wp:attachment":[{"href":"https:\/\/plumvillage.org\/es\/wp-json\/wp\/v2\/media?parent=279737"}],"curies":[{"name":"wp","href":"https:\/\/api.w.org\/{rel}","templated":true}]}}