{"id":367835,"date":"2023-03-03T21:21:16","date_gmt":"2023-03-03T20:21:16","guid":{"rendered":"https:\/\/plumvillage.org\/?page_id=367835"},"modified":"2023-03-03T23:42:53","modified_gmt":"2023-03-03T22:42:53","slug":"bot-access-page","status":"publish","type":"page","link":"https:\/\/plumvillage.org\/es\/bot-access-page","title":{"rendered":"Bot Access &#8211; P\u00e1gina de registro"},"content":{"rendered":"\n<p>Bienvenido a la inscripci\u00f3n para el Retiro de Apertura de Verano 2023<\/p>\n\n\n\n<p>Para todas las dem\u00e1s reservas, <strong>inscr\u00edbase<\/strong> por separado <strong>haciendo clic en \u00abvenir sin ni\u00f1os\u00bb.<\/strong><\/p>\n\n\n\n<p>Si tiene que hacer varias reservas, aseg\u00farese de <strong>inscribir primero a su familia.<\/strong><\/p>\n\n\n\n<div class=\"wp-block-buttons is-layout-flex wp-block-buttons-is-layout-flex\">\n<div class=\"wp-block-button has-custom-width wp-block-button__width-50\"><a class=\"wp-block-button__link wp-element-button\" href=\"https:\/\/typebot.iosummer-spanish-2023\">Venir sin Ni\u00f1os<\/a><\/div>\n\n\n\n<div class=\"wp-block-button has-custom-width wp-block-button__width-50\"><a class=\"wp-block-button__link wp-element-button\" href=\"https:\/\/plumvillage.org\/es\/coming-with-children-aged-0-17\/\" target=\"_blank\" rel=\"noreferrer noopener\">Venir con ni\u00f1os de 0 a 17 a\u00f1os<\/a><\/div>\n<\/div>\n","protected":false},"excerpt":{"rendered":"<p>Bienvenido a la inscripci\u00f3n para el Retiro de Apertura de Verano 2023 Para todas las dem\u00e1s reservas, inscr\u00edbase por separado haciendo clic en \u00abvenir sin ni\u00f1os\u00bb. Si tiene que hacer varias reservas, aseg\u00farese de inscribir primero a su familia.<\/p>\n","protected":false},"author":1112,"featured_media":0,"parent":0,"menu_order":0,"comment_status":"closed","ping_status":"closed","template":"","meta":{"_acf_changed":false,"sync_status":"","episode_type":"","audio_file":"","castos_file_data":"","podmotor_file_id":"","cover_image":"","cover_image_id":"","duration":"","filesize":"","filesize_raw":"","date_recorded":"","explicit":"","block":"","itunes_episode_number":"","itunes_title":"","itunes_season_number":"","itunes_episode_type":"","ep_exclude_from_search":false,"footnotes":""},"class_list":["post-367835","page","type-page","status-publish","hentry"],"acf":[],"_links":{"self":[{"href":"https:\/\/plumvillage.org\/es\/wp-json\/wp\/v2\/pages\/367835","targetHints":{"allow":["GET"]}}],"collection":[{"href":"https:\/\/plumvillage.org\/es\/wp-json\/wp\/v2\/pages"}],"about":[{"href":"https:\/\/plumvillage.org\/es\/wp-json\/wp\/v2\/types\/page"}],"author":[{"embeddable":true,"href":"https:\/\/plumvillage.org\/es\/wp-json\/wp\/v2\/users\/1112"}],"replies":[{"embeddable":true,"href":"https:\/\/plumvillage.org\/es\/wp-json\/wp\/v2\/comments?post=367835"}],"version-history":[{"count":3,"href":"https:\/\/plumvillage.org\/es\/wp-json\/wp\/v2\/pages\/367835\/revisions"}],"predecessor-version":[{"id":367858,"href":"https:\/\/plumvillage.org\/es\/wp-json\/wp\/v2\/pages\/367835\/revisions\/367858"}],"wp:attachment":[{"href":"https:\/\/plumvillage.org\/es\/wp-json\/wp\/v2\/media?parent=367835"}],"curies":[{"name":"wp","href":"https:\/\/api.w.org\/{rel}","templated":true}]}}