{"id":530901,"date":"2025-08-20T17:13:42","date_gmt":"2025-08-20T15:13:42","guid":{"rendered":"https:\/\/plumvillage.org\/?page_id=530901"},"modified":"2025-09-17T10:01:25","modified_gmt":"2025-09-17T08:01:25","slug":"donar","status":"publish","type":"page","link":"https:\/\/plumvillage.org\/es\/donar","title":{"rendered":"Construyendo un refugio espiritual global"},"content":{"rendered":"\n<h2 class=\"wp-block-heading has-grey-color has-text-color has-link-color wp-elements-82fc6c1d1d81d1be22fde4b589940c5c\">Campa\u00f1a para Plum Village Francia<\/h2>\n\n\n\n<p>Ay\u00fadanos a hacer realidad nuestros sue\u00f1os y a garantizar que Plum Village Francia pueda continuar maravillosamente en el futuro.<span class=\"footnote\"><\/span><\/p>\n\n\n\n<figure class=\"wp-block-gallery has-nested-images columns-default is-cropped wp-block-gallery-1 is-layout-flex wp-block-gallery-is-layout-flex\">\n<figure class=\"wp-block-image size-large\"><img loading=\"lazy\" decoding=\"async\" width=\"654\" height=\"416\" data-id=\"531349\" src=\"https:\/\/plumvillage.org\/wp-content\/uploads\/2025\/08\/fortalecer-nuestros-cimientos-4.webp\" alt=\"\" class=\"wp-image-531349\" srcset=\"https:\/\/plumvillage.org\/wp-content\/uploads\/2025\/08\/fortalecer-nuestros-cimientos-4.webp 654w, https:\/\/plumvillage.org\/wp-content\/uploads\/2025\/08\/fortalecer-nuestros-cimientos-4-499x317.webp 499w\" sizes=\"auto, (max-width: 654px) 100vw, 654px\" \/><\/figure>\n\n\n\n<figure class=\"wp-block-image size-large\"><img loading=\"lazy\" decoding=\"async\" width=\"653\" height=\"440\" data-id=\"531348\" src=\"https:\/\/plumvillage.org\/wp-content\/uploads\/2025\/08\/partner-with-nature-2.webp\" alt=\"\" class=\"wp-image-531348\" srcset=\"https:\/\/plumvillage.org\/wp-content\/uploads\/2025\/08\/partner-with-nature-2.webp 653w, https:\/\/plumvillage.org\/wp-content\/uploads\/2025\/08\/partner-with-nature-2-499x336.webp 499w\" sizes=\"auto, (max-width: 653px) 100vw, 653px\" \/><\/figure>\n\n\n\n<figure class=\"wp-block-image size-large\"><img loading=\"lazy\" decoding=\"async\" width=\"654\" height=\"491\" data-id=\"531338\" src=\"https:\/\/plumvillage.org\/wp-content\/uploads\/2025\/08\/construir-capacidad-4.webp\" alt=\"\" class=\"wp-image-531338\" srcset=\"https:\/\/plumvillage.org\/wp-content\/uploads\/2025\/08\/construir-capacidad-4.webp 654w, https:\/\/plumvillage.org\/wp-content\/uploads\/2025\/08\/construir-capacidad-4-499x375.webp 499w\" sizes=\"auto, (max-width: 654px) 100vw, 654px\" \/><\/figure>\n\n\n\n<figure class=\"wp-block-image size-large\"><img loading=\"lazy\" decoding=\"async\" width=\"654\" height=\"440\" data-id=\"531350\" src=\"https:\/\/plumvillage.org\/wp-content\/uploads\/2025\/08\/vivir-sostenible-5.webp\" alt=\"\" class=\"wp-image-531350\" srcset=\"https:\/\/plumvillage.org\/wp-content\/uploads\/2025\/08\/vivir-sostenible-5.webp 654w, https:\/\/plumvillage.org\/wp-content\/uploads\/2025\/08\/vivir-sostenible-5-499x336.webp 499w\" sizes=\"auto, (max-width: 654px) 100vw, 654px\" \/><\/figure>\n\n\n\n<figure class=\"wp-block-image size-large\"><img loading=\"lazy\" decoding=\"async\" width=\"654\" height=\"441\" data-id=\"531351\" src=\"https:\/\/plumvillage.org\/wp-content\/uploads\/2025\/08\/donate-website-5.webp\" alt=\"\" class=\"wp-image-531351\" srcset=\"https:\/\/plumvillage.org\/wp-content\/uploads\/2025\/08\/donate-website-5.webp 654w, https:\/\/plumvillage.org\/wp-content\/uploads\/2025\/08\/donate-website-5-499x336.webp 499w\" sizes=\"auto, (max-width: 654px) 100vw, 654px\" \/><\/figure>\n<\/figure>\n\n\n\n<p>Estas son nuestras aspiraciones: Renovar el refugio de Thay, Modelo de vida sostenible, Construir mayor capacidad, Compa\u00f1eros con la naturaleza, Fortalecer nuestra Fundaci\u00f3n.<\/p>\n\n\n\n<div class=\"wp-block-buttons is-layout-flex wp-block-buttons-is-layout-flex\">\n<div class=\"wp-block-button\"><a class=\"wp-block-button__link wp-element-button\" href=\"https:\/\/plumvillage.org\/es\/donar?form=FUNMTNCXZBH\">Apoya la construcci\u00f3n de Plum Village <\/a><\/div>\n<\/div>\n\n\n\n<div class=\"jump-to align\" id=\"elegir-un-hamlet\">\n\t<hr>\n\t<span class=\"jump-to-text\"><span class=\"label\">Ir a <span class=\"icon icon-arrow-tiny\"><\/span><\/span>\n\t\t<a class=\"active\" href=\"#elegir-un-hamlet\">Elegir un Hamlet  <\/a>, <a  href=\"#donacion-para-apoyo-general\">Donaci\u00f3n para apoyo general<\/a>, <a  href=\"#porque-un-monasterio\">\u00bfPorqu\u00e9 un monasterio?<\/a>, <a  href=\"#grandes-donaciones\">Grandes Donaciones <\/a>, <a  href=\"#folletos\">Folletos<\/a>, <a  href=\"#otras-maneras-de-dar\">Otras maneras de dar<\/a><\/span>\n<\/div>\n\n\n<h2 class=\"wp-block-heading\">Apoya el Hamlet que sientes m\u00e1s cerca de tu coraz\u00f3n<\/h2>\n\n\n\n<p>Aparte de apoyar la campa\u00f1a para Plum Village France puedes apoyar un Hamlet en concreto que est\u00e9 m\u00e1s pr\u00f3ximo a tu coraz\u00f3n<\/p>\n\n\n\n<div class=\"wp-block-columns to-right-edge is-layout-flex wp-container-core-columns-is-layout-9d6595d7 wp-block-columns-is-layout-flex\">\n<div class=\"wp-block-column is-layout-flow wp-block-column-is-layout-flow\">\n<div class=\"wp-block-cover has-cloud-color has-text-color has-link-color wp-elements-7729cfe33f11566000cb1cf187c8c59e wp-duotone-unset-2\" style=\"min-height:230px;aspect-ratio:unset;\"><img loading=\"lazy\" decoding=\"async\" width=\"775\" height=\"522\" class=\"wp-block-cover__image-background wp-image-457814\" alt=\"\" src=\"https:\/\/plumvillage.org\/wp-content\/uploads\/2024\/06\/Screenshot-2024-06-02-at-17.52.49.png\" data-object-fit=\"cover\" srcset=\"https:\/\/plumvillage.org\/wp-content\/uploads\/2024\/06\/Screenshot-2024-06-02-at-17.52.49.png 775w, https:\/\/plumvillage.org\/wp-content\/uploads\/2024\/06\/Screenshot-2024-06-02-at-17.52.49-499x336.png 499w, https:\/\/plumvillage.org\/wp-content\/uploads\/2024\/06\/Screenshot-2024-06-02-at-17.52.49-768x517.png 768w\" sizes=\"auto, (max-width: 775px) 100vw, 775px\" \/><span aria-hidden=\"true\" class=\"wp-block-cover__background has-ink-background-color has-background-dim-40 has-background-dim\"><\/span><div class=\"wp-block-cover__inner-container is-layout-constrained wp-block-cover-is-layout-constrained\">\n<p class=\"has-text-align-center has-normal-font-size\"><strong>Lower Hamlet<\/strong><\/p>\n\n\n\n<div class=\"wp-block-buttons is-content-justification-center is-layout-flex wp-container-core-buttons-is-layout-16018d1d wp-block-buttons-is-layout-flex\">\n<div class=\"wp-block-button\"><a class=\"wp-block-button__link wp-element-button\" href=\"https:\/\/plumvillage.org\/donate\/support-lower-hamlet\">Dona<\/a><\/div>\n<\/div>\n<\/div><\/div>\n<\/div>\n\n\n\n<div class=\"wp-block-column is-layout-flow wp-block-column-is-layout-flow\">\n<div class=\"wp-block-cover is-style-default\" style=\"min-height:230px;aspect-ratio:unset;\"><img loading=\"lazy\" decoding=\"async\" width=\"632\" height=\"417\" class=\"wp-block-cover__image-background wp-image-457827\" alt=\"\" src=\"https:\/\/plumvillage.org\/wp-content\/uploads\/2024\/06\/Screenshot-2024-06-02-at-17.53.40.png\" data-object-fit=\"cover\" srcset=\"https:\/\/plumvillage.org\/wp-content\/uploads\/2024\/06\/Screenshot-2024-06-02-at-17.53.40.png 632w, https:\/\/plumvillage.org\/wp-content\/uploads\/2024\/06\/Screenshot-2024-06-02-at-17.53.40-499x329.png 499w\" sizes=\"auto, (max-width: 632px) 100vw, 632px\" \/><span aria-hidden=\"true\" class=\"wp-block-cover__background has-ink-background-color has-background-dim-40 has-background-dim\"><\/span><div class=\"wp-block-cover__inner-container is-layout-constrained wp-block-cover-is-layout-constrained\">\n<p class=\"has-text-align-center has-cloud-color has-text-color has-link-color has-normal-font-size wp-elements-fc62461535e55c17144409bd5d39687a\"><strong>New Hamlet<\/strong><\/p>\n\n\n\n<div class=\"wp-block-buttons is-content-justification-center is-layout-flex wp-container-core-buttons-is-layout-16018d1d wp-block-buttons-is-layout-flex\">\n<div class=\"wp-block-button\"><a class=\"wp-block-button__link wp-element-button\" href=\"https:\/\/plumvillage.org\/donate\/support-new-hamlet\">Dona<\/a><\/div>\n<\/div>\n<\/div><\/div>\n<\/div>\n\n\n\n<div class=\"wp-block-column is-layout-flow wp-block-column-is-layout-flow\">\n<div class=\"wp-block-cover\" style=\"min-height:230px;aspect-ratio:unset;\"><img loading=\"lazy\" decoding=\"async\" width=\"648\" height=\"400\" class=\"wp-block-cover__image-background wp-image-457840\" alt=\"\" src=\"https:\/\/plumvillage.org\/wp-content\/uploads\/2024\/06\/Screenshot-2024-06-02-at-20.38.52.png\" data-object-fit=\"cover\" srcset=\"https:\/\/plumvillage.org\/wp-content\/uploads\/2024\/06\/Screenshot-2024-06-02-at-20.38.52.png 648w, https:\/\/plumvillage.org\/wp-content\/uploads\/2024\/06\/Screenshot-2024-06-02-at-20.38.52-499x308.png 499w\" sizes=\"auto, (max-width: 648px) 100vw, 648px\" \/><span aria-hidden=\"true\" class=\"wp-block-cover__background has-ink-background-color has-background-dim-40 has-background-dim\"><\/span><div class=\"wp-block-cover__inner-container is-layout-constrained wp-block-cover-is-layout-constrained\">\n<p class=\"has-text-align-center has-cloud-color has-text-color has-link-color has-normal-font-size wp-elements-70802c24ee3c073d2ee5b20f6c6bafb8\"><strong>Upper Hamlet<\/strong><\/p>\n\n\n\n<div class=\"wp-block-buttons is-content-justification-center is-layout-flex wp-container-core-buttons-is-layout-16018d1d wp-block-buttons-is-layout-flex\">\n<div class=\"wp-block-button\"><a class=\"wp-block-button__link wp-element-button\" href=\"https:\/\/plumvillage.org\/es\/donar\/531534-2\">Dona<\/a><\/div>\n<\/div>\n<\/div><\/div>\n<\/div>\n<\/div>\n\n\n\n<div class=\"jump-to align\" id=\"donacion-para-apoyo-general\">\n\t<hr>\n\t<span class=\"jump-to-text\"><span class=\"label\">Ir a <span class=\"icon icon-arrow-tiny\"><\/span><\/span>\n\t\t<a  href=\"#elegir-un-hamlet\">Elegir un Hamlet  <\/a>, <a class=\"active\" href=\"#donacion-para-apoyo-general\">Donaci\u00f3n para apoyo general<\/a>, <a  href=\"#porque-un-monasterio\">\u00bfPorqu\u00e9 un monasterio?<\/a>, <a  href=\"#grandes-donaciones\">Grandes Donaciones <\/a>, <a  href=\"#folletos\">Folletos<\/a>, <a  href=\"#otras-maneras-de-dar\">Otras maneras de dar<\/a><\/span>\n<\/div>\n\n\n<h2 class=\"wp-block-heading\">Donaci\u00f3n para apoyo general<\/h2>\n\n\n\n<p>Seguimos necesitando y apreciando profundamente vuestro continuo apoyo En donaciones en general, para ayudar a cubrir las necesidades b\u00e1sicas y las operaciones habituales.<\/p>\n\n\n\n<div class=\"wp-block-buttons is-layout-flex wp-block-buttons-is-layout-flex\">\n<div class=\"wp-block-button\"><a class=\"wp-block-button__link wp-element-button\" href=\"https:\/\/plumvillage.org\/es\/donar?form=FUNMTNCXZBH\">Donaci\u00f3n para apoyo general<\/a><\/div>\n<\/div>\n\n\n\n<div class=\"jump-to align\" id=\"porque-un-monasterio\">\n\t<hr>\n\t<span class=\"jump-to-text\"><span class=\"label\">Ir a <span class=\"icon icon-arrow-tiny\"><\/span><\/span>\n\t\t<a  href=\"#elegir-un-hamlet\">Elegir un Hamlet  <\/a>, <a  href=\"#donacion-para-apoyo-general\">Donaci\u00f3n para apoyo general<\/a>, <a class=\"active\" href=\"#porque-un-monasterio\">\u00bfPorqu\u00e9 un monasterio?<\/a>, <a  href=\"#grandes-donaciones\">Grandes Donaciones <\/a>, <a  href=\"#folletos\">Folletos<\/a>, <a  href=\"#otras-maneras-de-dar\">Otras maneras de dar<\/a><\/span>\n<\/div>\n\n\n<p><\/p>\n\n\n\n<h2 class=\"wp-block-heading\">\u00bfCual es el rol de un monasterio en el Sigle XXI? <\/h2>\n\n\n\n<p>A trav\u00e9s de sus muchos a\u00f1os de activismo, Thich Nhat Hanh se dio cuenta de que la forma m\u00e1s eficaz de transformar las ra\u00edces de la violencia en el mundo es crear comunidades de paz.<\/p>\n\n\n\n<p>S\u00f3lo a trav\u00e9s de la experiencia directa de una pr\u00e1ctica profunda en comunidad podemos cambiar la conciencia de los individuos y, en \u00faltima instancia, de la humanidad. Por eso Plum Village se compromete a ser un refugio para la reconciliaci\u00f3n y la compasi\u00f3n en un mundo dividido. Es tambi\u00e9n por eso que estamos trabajando para hacer que el Dharma sea lo m\u00e1s accesible posible a trav\u00e9s de cursos en l\u00ednea, nuestro canal de Youtube, podcast, la aplicaci\u00f3n Plum Village, libros y muchos eventos en persona.<\/p>\n\n\n\n<div class=\"wp-block-columns is-layout-flex wp-container-core-columns-is-layout-9d6595d7 wp-block-columns-is-layout-flex\">\n<div class=\"wp-block-column is-layout-flow wp-block-column-is-layout-flow\" style=\"flex-basis:66.66%\">\n<blockquote class=\"wp-block-quote is-layout-flow wp-block-quote-is-layout-flow\">\n<p>No podemos cambiar el mundo si no somos capaces de cambiar nuestra forma de pensar, nuestra consciencia. El cambio colectivo en nuestra forma de pensar y ver es crucial.<\/p>\n<cite>Thich Nhat Hanh <\/cite><\/blockquote>\n<\/div>\n\n\n\n<div class=\"wp-block-column is-layout-flow wp-block-column-is-layout-flow\" style=\"flex-basis:33.33%\"><\/div>\n<\/div>\n\n\n\n<p>Con tu ayuda, Plum Village seguir\u00e1 siendo un hogar para nuestros residentes mon\u00e1sticos y laicos, un campo de entrenamiento para aspirantes, un refugio para quienes hacen retiros, un laboratorio para imaginar nuevas formas de compartir el Dharma y un lugar de peregrinaci\u00f3n debido a la marca indeleble de Thay en este lugar especial.<\/p>\n\n\n\n<figure class=\"wp-block-image size-full\"><img loading=\"lazy\" decoding=\"async\" width=\"1000\" height=\"664\" src=\"https:\/\/plumvillage.org\/wp-content\/uploads\/2025\/08\/now-is-the-time.webp\" alt=\"\" class=\"wp-image-531122\" srcset=\"https:\/\/plumvillage.org\/wp-content\/uploads\/2025\/08\/now-is-the-time.webp 1000w, https:\/\/plumvillage.org\/wp-content\/uploads\/2025\/08\/now-is-the-time-499x331.webp 499w, https:\/\/plumvillage.org\/wp-content\/uploads\/2025\/08\/now-is-the-time-768x510.webp 768w\" sizes=\"auto, (max-width: 1000px) 100vw, 1000px\" \/><\/figure>\n\n\n\n<div class=\"jump-to align\" id=\"grandes-donaciones\">\n\t<hr>\n\t<span class=\"jump-to-text\"><span class=\"label\">Ir a <span class=\"icon icon-arrow-tiny\"><\/span><\/span>\n\t\t<a  href=\"#elegir-un-hamlet\">Elegir un Hamlet  <\/a>, <a  href=\"#donacion-para-apoyo-general\">Donaci\u00f3n para apoyo general<\/a>, <a  href=\"#porque-un-monasterio\">\u00bfPorqu\u00e9 un monasterio?<\/a>, <a class=\"active\" href=\"#grandes-donaciones\">Grandes Donaciones <\/a>, <a  href=\"#folletos\">Folletos<\/a>, <a  href=\"#otras-maneras-de-dar\">Otras maneras de dar<\/a><\/span>\n<\/div>\n\n\n<h2 class=\"wp-block-heading\">Grandes Donaciones <\/h2>\n\n\n\n<p>Si quieres hacer una donaci\u00f3n importante, puedes enviarnos un correo electr\u00f3nico a dana@plumvillage.org y nos pondremos en contacto contigo lo antes posible.<\/p>\n\n\n\n<h2 class=\"wp-block-heading\">Iniciar una recaudaci\u00f3n de fondos<\/h2>\n\n\n\n<p>Apoya a nuestra comunidad iniciando tu propia recaudaci\u00f3n de fondos para Plum Village. Es una forma sencilla y eficaz de compartir tu pr\u00e1ctica de atenci\u00f3n plena y paz con los dem\u00e1s. Puedes utilizar nuestras sencillas herramientas en l\u00ednea para configurar su p\u00e1gina, compartir tu historia e invitar a amigos, familiares o tu Sangha local a contribuir. Juntos podemos difundir el mensaje de amor y comprensi\u00f3n.<\/p>\n\n\n\n<div class=\"wp-block-buttons is-layout-flex wp-block-buttons-is-layout-flex\">\n<div class=\"wp-block-button\"><a class=\"wp-block-button__link wp-element-button\" href=\"https:\/\/plumvillage.org\/es\/donar?form=XBKYKYPS#start-a-fundraiser\">Iniciar una recaudaci\u00f3n de fondos <\/a><\/div>\n<\/div>\n\n\n\n<p><\/p>\n\n\n\n<div class=\"jump-to align\" id=\"folletos\">\n\t<hr>\n\t<span class=\"jump-to-text\"><span class=\"label\">Ir a <span class=\"icon icon-arrow-tiny\"><\/span><\/span>\n\t\t<a  href=\"#elegir-un-hamlet\">Elegir un Hamlet  <\/a>, <a  href=\"#donacion-para-apoyo-general\">Donaci\u00f3n para apoyo general<\/a>, <a  href=\"#porque-un-monasterio\">\u00bfPorqu\u00e9 un monasterio?<\/a>, <a  href=\"#grandes-donaciones\">Grandes Donaciones <\/a>, <a class=\"active\" href=\"#folletos\">Folletos<\/a>, <a  href=\"#otras-maneras-de-dar\">Otras maneras de dar<\/a><\/span>\n<\/div>\n\n\n<h2 class=\"wp-block-heading\">Folletos <\/h2>\n\n\n\n<ul class=\"wp-block-list\">\n<li>Lower Hamlet\n<ul class=\"wp-block-list\">\n<li><a href=\"https:\/\/thichnhathanhfoundation.app.box.com\/s\/gwoblltf6ujm8yalxdtixh1udurfryif\" data-type=\"link\" data-id=\"https:\/\/thichnhathanhfoundation.app.box.com\/s\/gwoblltf6ujm8yalxdtixh1udurfryif\">Medida europea (A4) <\/a><\/li>\n\n\n\n<li><a href=\"https:\/\/thichnhathanhfoundation.app.box.com\/s\/c8uywyvxis1pf5t3h3cpns2ji0ymvf2o\" data-type=\"link\" data-id=\"https:\/\/thichnhathanhfoundation.app.box.com\/s\/c8uywyvxis1pf5t3h3cpns2ji0ymvf2o\">Medida USA para imprimir (8.5&#215;11\u00bb)<\/a><\/li>\n<\/ul>\n<\/li>\n\n\n\n<li>Upper Hamlet \n<ul class=\"wp-block-list\">\n<li><a href=\"https:\/\/thichnhathanhfoundation.box.com\/s\/vxaobl0s3vsimz07igfzj0a7u7kasqpt\" data-type=\"link\" data-id=\"https:\/\/thichnhathanhfoundation.box.com\/s\/vxaobl0s3vsimz07igfzj0a7u7kasqpt\">Medida europea (A4) <\/a><\/li>\n\n\n\n<li><a href=\"https:\/\/thichnhathanhfoundation.box.com\/s\/736ztlne24fvp8vz8pv1rvaz0aorepn9\">Medida USA para imprimir (8.5&#215;11\u00bb)<\/a><\/li>\n<\/ul>\n<\/li>\n\n\n\n<li>New Hamlet \n<ul class=\"wp-block-list\">\n<li><a href=\"https:\/\/thichnhathanhfoundation.box.com\/s\/sdwch1y1pm0sosphei4f0jssiq7aw9c9\">Medida europea (A4) <\/a><\/li>\n\n\n\n<li><a href=\"https:\/\/thichnhathanhfoundation.box.com\/s\/yatj9akmmv9qo50ssx3048t3aqsllg8u\">Medida USA para imprimir&nbsp;(8.5X11\u201d) <\/a><\/li>\n<\/ul>\n<\/li>\n<\/ul>\n\n\n\n<div class=\"jump-to align\" id=\"otras-maneras-de-dar\">\n\t<hr>\n\t<span class=\"jump-to-text\"><span class=\"label\">Ir a <span class=\"icon icon-arrow-tiny\"><\/span><\/span>\n\t\t<a  href=\"#elegir-un-hamlet\">Elegir un Hamlet  <\/a>, <a  href=\"#donacion-para-apoyo-general\">Donaci\u00f3n para apoyo general<\/a>, <a  href=\"#porque-un-monasterio\">\u00bfPorqu\u00e9 un monasterio?<\/a>, <a  href=\"#grandes-donaciones\">Grandes Donaciones <\/a>, <a  href=\"#folletos\">Folletos<\/a>, <a class=\"active\" href=\"#otras-maneras-de-dar\">Otras maneras de dar<\/a><\/span>\n<\/div>\n\n\n<h2 class=\"wp-block-heading\">Otras maneras de dar <\/h2>\n\n\n\n<p>Para obtener informaci\u00f3n sobre otras formas de ofrecer apoyo financiero a la comunidad, como una donaci\u00f3n en su testamento o una donaci\u00f3n de acciones, visite a nuestros amigos de la <a href=\"https:\/\/thichnhathanhfoundation.org\/ways-to-give\">Fundaci\u00f3n Thich Nhat Hanh.<\/a><\/p>\n\n\n\n<p>Trae inspiraci\u00f3n a tu bandeja de entrada<\/p>\n\n\n\n<p>Recibe nuestro bolet\u00edn informativo, anuncios de eventos y recursos para respaldar tu pr\u00e1ctica de atenci\u00f3n plena, \u00a1con un simple registro!<\/p>\n","protected":false},"excerpt":{"rendered":"<p>Campa\u00f1a para Plum Village Francia Ay\u00fadanos a hacer realidad nuestros sue\u00f1os y a garantizar que Plum Village Francia pueda continuar maravillosamente en el futuro. Estas son nuestras aspiraciones: Renovar el refugio de Thay, Modelo de vida sostenible, Construir mayor capacidad, Compa\u00f1eros con la naturaleza, Fortalecer nuestra Fundaci\u00f3n. Apoya el Hamlet que sientes m\u00e1s cerca de<\/p>\n","protected":false},"author":1157,"featured_media":0,"parent":0,"menu_order":6,"comment_status":"closed","ping_status":"closed","template":"","meta":{"_acf_changed":false,"sync_status":"","episode_type":"","audio_file":"","podmotor_file_id":"","podmotor_episode_id":"","castos_file_data":"","cover_image":"","cover_image_id":"","duration":"","filesize":"","filesize_raw":"","date_recorded":"","explicit":"","block":"","itunes_episode_number":"","itunes_title":"","itunes_season_number":"","itunes_episode_type":"","ep_exclude_from_search":false,"footnotes":""},"class_list":["post-530901","page","type-page","status-publish","hentry"],"acf":[],"_links":{"self":[{"href":"https:\/\/plumvillage.org\/es\/wp-json\/wp\/v2\/pages\/530901","targetHints":{"allow":["GET"]}}],"collection":[{"href":"https:\/\/plumvillage.org\/es\/wp-json\/wp\/v2\/pages"}],"about":[{"href":"https:\/\/plumvillage.org\/es\/wp-json\/wp\/v2\/types\/page"}],"author":[{"embeddable":true,"href":"https:\/\/plumvillage.org\/es\/wp-json\/wp\/v2\/users\/1157"}],"replies":[{"embeddable":true,"href":"https:\/\/plumvillage.org\/es\/wp-json\/wp\/v2\/comments?post=530901"}],"version-history":[{"count":4,"href":"https:\/\/plumvillage.org\/es\/wp-json\/wp\/v2\/pages\/530901\/revisions"}],"predecessor-version":[{"id":534373,"href":"https:\/\/plumvillage.org\/es\/wp-json\/wp\/v2\/pages\/530901\/revisions\/534373"}],"wp:attachment":[{"href":"https:\/\/plumvillage.org\/es\/wp-json\/wp\/v2\/media?parent=530901"}],"curies":[{"name":"wp","href":"https:\/\/api.w.org\/{rel}","templated":true}]}}