{"id":531534,"date":"2025-08-21T13:28:47","date_gmt":"2025-08-21T11:28:47","guid":{"rendered":"https:\/\/plumvillage.org\/?page_id=531534"},"modified":"2025-08-27T14:42:11","modified_gmt":"2025-08-27T12:42:11","slug":"531534-2","status":"publish","type":"page","link":"https:\/\/plumvillage.org\/es\/donar\/531534-2","title":{"rendered":""},"content":{"rendered":"\n<h2 class=\"wp-block-heading\"><strong>Apoya a Upper Hamlet <\/strong><\/h2>\n\n\n\n<figure class=\"wp-block-image size-full\"><img loading=\"lazy\" decoding=\"async\" width=\"799\" height=\"532\" src=\"https:\/\/plumvillage.org\/wp-content\/uploads\/2025\/08\/the-brothers.webp\" alt=\"\" class=\"wp-image-531549\" srcset=\"https:\/\/plumvillage.org\/wp-content\/uploads\/2025\/08\/the-brothers.webp 799w, https:\/\/plumvillage.org\/wp-content\/uploads\/2025\/08\/the-brothers-499x332.webp 499w, https:\/\/plumvillage.org\/wp-content\/uploads\/2025\/08\/the-brothers-768x511.webp 768w\" sizes=\"auto, (max-width: 799px) 100vw, 799px\" \/><\/figure>\n\n\n\n<div class=\"jump-to align\" id=\"nuestro-desafio\">\n\t<hr>\n\t<span class=\"jump-to-text\"><span class=\"label\">Ir a <span class=\"icon icon-arrow-tiny\"><\/span><\/span>\n\t\t<a class=\"active\" href=\"#nuestro-desafio\">Nuestro desaf\u00edo<\/a>, <a  href=\"#nuestras-necesidades-inmediatas\">Nuestras necesidades inmediatas<\/a><\/span>\n<\/div>\n\n\n<h2 class=\"wp-block-heading\">Nuestro desaf\u00edo<\/h2>\n\n\n\n<p>Desde la d\u00e9cada de 1980, las deterioradas edificaciones agr\u00edcolas de Upper Hamlet, en el Monasterio de Plum Village France, se han construido con recursos propios gracias al cari\u00f1o de voluntarios y residentes.<\/p>\n\n\n\n<p>A medida que seguimos ofreciendo refugio espiritual a m\u00e1s personas cada a\u00f1o, nuestro hogar y terreno compartidos se ven sometidos a una enorme presi\u00f3n. Carecemos de suficientes espacios interiores y centros de actividades comunitarias para albergar retiros transformadores durante todo el a\u00f1o y en cualquier clima.<\/p>\n\n\n\n<p>Hoy en d\u00eda, muchas residencias e instalaciones ya no cumplen con los nuevos y estrictos requisitos del c\u00f3digo europeo. Las autoridades nos han dado cinco a\u00f1os para trabajar y poner Upper Hamlet a la altura de las normas. Necesitamos mostrar progreso cada a\u00f1o.<\/p>\n\n\n\n<div class=\"wp-block-buttons is-content-justification-center is-layout-flex wp-container-core-buttons-is-layout-16018d1d wp-block-buttons-is-layout-flex\">\n<div class=\"wp-block-button\"><a class=\"wp-block-button__link wp-element-button\" href=\"https:\/\/donor.plumvillage.org\/page\/supportupperhamlet\">Donar<\/a><\/div>\n<\/div>\n\n\n\n<div class=\"jump-to align\" id=\"nuestras-necesidades-inmediatas\">\n\t<hr>\n\t<span class=\"jump-to-text\"><span class=\"label\">Ir a <span class=\"icon icon-arrow-tiny\"><\/span><\/span>\n\t\t<a  href=\"#nuestro-desafio\">Nuestro desaf\u00edo<\/a>, <a class=\"active\" href=\"#nuestras-necesidades-inmediatas\">Nuestras necesidades inmediatas<\/a><\/span>\n<\/div>\n\n\n<h2 class=\"wp-block-heading\"><strong>Nuestras necesidades inmediatas <\/strong><\/h2>\n\n\n\n<p>Un total de 60 nuevas camas que cumplen con el c\u00f3digo de construcci\u00f3n en viviendas ecol\u00f3gicas, incluyendo 9 espacios multiusos para retiros.<\/p>\n\n\n\n<p>Creaci\u00f3n de una entrada con nueva definici\u00f3n y un patio acogedor.<\/p>\n\n\n\n<p>Restauraci\u00f3n del antiguo \u00abHarmony Barn\u00bb del siglo XIX como centro comunitario, con espacios para actividades, dormitorios para hu\u00e9spedes e instalaciones para campistas.<\/p>\n\n\n\n<p>Con su ayuda, Plum Village seguir\u00e1 sirviendo como hogar para nuestros residentes mon\u00e1sticos y laicos, un campo de entrenamiento para aspirantes, un refugio para quienes realizan retiros, un laboratorio para idear nuevas maneras de compartir el Dharma y un lugar de peregrinaci\u00f3n gracias a la huella imborrable de Thay en este lugar especial.<\/p>\n\n\n\n<div class=\"wp-block-buttons is-content-justification-center is-layout-flex wp-container-core-buttons-is-layout-16018d1d wp-block-buttons-is-layout-flex\">\n<div class=\"wp-block-button\"><a class=\"wp-block-button__link wp-element-button\" href=\"https:\/\/donor.plumvillage.org\/page\/supportupperhamlet\">Donar <\/a><\/div>\n<\/div>\n\n\n\n<p><\/p>\n","protected":false},"excerpt":{"rendered":"<p>Apoya a Upper Hamlet Nuestro desaf\u00edo Desde la d\u00e9cada de 1980, las deterioradas edificaciones agr\u00edcolas de Upper Hamlet, en el Monasterio de Plum Village France, se han construido con recursos propios gracias al cari\u00f1o de voluntarios y residentes. A medida que seguimos ofreciendo refugio espiritual a m\u00e1s personas cada a\u00f1o, nuestro hogar y terreno compartidos<\/p>\n","protected":false},"author":1157,"featured_media":0,"parent":530901,"menu_order":0,"comment_status":"closed","ping_status":"closed","template":"","meta":{"_acf_changed":false,"sync_status":"","episode_type":"","audio_file":"","castos_file_data":"","podmotor_file_id":"","cover_image":"","cover_image_id":"","duration":"","filesize":"","filesize_raw":"","date_recorded":"","explicit":"","block":"","itunes_episode_number":"","itunes_title":"","itunes_season_number":"","itunes_episode_type":"","ep_exclude_from_search":false,"footnotes":""},"class_list":["post-531534","page","type-page","status-publish","hentry"],"acf":[],"_links":{"self":[{"href":"https:\/\/plumvillage.org\/es\/wp-json\/wp\/v2\/pages\/531534","targetHints":{"allow":["GET"]}}],"collection":[{"href":"https:\/\/plumvillage.org\/es\/wp-json\/wp\/v2\/pages"}],"about":[{"href":"https:\/\/plumvillage.org\/es\/wp-json\/wp\/v2\/types\/page"}],"author":[{"embeddable":true,"href":"https:\/\/plumvillage.org\/es\/wp-json\/wp\/v2\/users\/1157"}],"replies":[{"embeddable":true,"href":"https:\/\/plumvillage.org\/es\/wp-json\/wp\/v2\/comments?post=531534"}],"version-history":[{"count":5,"href":"https:\/\/plumvillage.org\/es\/wp-json\/wp\/v2\/pages\/531534\/revisions"}],"predecessor-version":[{"id":531944,"href":"https:\/\/plumvillage.org\/es\/wp-json\/wp\/v2\/pages\/531534\/revisions\/531944"}],"up":[{"embeddable":true,"href":"https:\/\/plumvillage.org\/es\/wp-json\/wp\/v2\/pages\/530901"}],"wp:attachment":[{"href":"https:\/\/plumvillage.org\/es\/wp-json\/wp\/v2\/media?parent=531534"}],"curies":[{"name":"wp","href":"https:\/\/api.w.org\/{rel}","templated":true}]}}