{"id":593641,"date":"2025-11-17T22:56:45","date_gmt":"2025-11-17T21:56:45","guid":{"rendered":"https:\/\/plumvillage.org\/?page_id=593641"},"modified":"2025-11-17T22:59:31","modified_gmt":"2025-11-17T21:59:31","slug":"politica-de-precios-cancelacion-y-reembolso-2025","status":"publish","type":"page","link":"https:\/\/plumvillage.org\/es\/politica-de-precios-cancelacion-y-reembolso-2025","title":{"rendered":"Pol\u00edtica de precios, cancelaci\u00f3n y reembolso 2025"},"content":{"rendered":"\n<p>Niveles de precios<\/p>\n\n\n\n<div class=\"wp-block-columns is-layout-flex wp-container-core-columns-is-layout-9d6595d7 wp-block-columns-is-layout-flex\">\n<div class=\"wp-block-column is-layout-flow wp-block-column-is-layout-flow\" style=\"flex-basis:100%\">\n<figure class=\"wp-block-table is-style-stripes\"><table class=\"has-fixed-layout\"><tbody><tr><td><strong>Alojamiento<\/strong><\/td><td><strong>Beca<\/strong><\/td><td><strong>Basico<\/strong><\/td><td><strong>Sostenible<\/strong><\/td><td><strong>Apoyo<\/strong><\/td><\/tr><tr><td>cama en habitaci\u00f3n doble, ba\u00f1o privado<\/td><td>\u20ac 600<\/td><td>\u20ac 800<\/td><td>\u20ac 1,200<\/td><td>\u20ac 1,600<\/td><\/tr><tr><td>cama en habitaci\u00f3n doble, ba\u00f1o compartido<\/td><td>\u20ac 540<\/td><td>\u20ac 720<\/td><td>\u20ac 1,080<\/td><td>\u20ac 1,440<\/td><\/tr><tr><td>cama en habitaci\u00f3n para 3, 4 personas, ba\u00f1o privado<\/td><td>\u20ac540<\/td><td>\u20ac720<\/td><td>\u20ac1,080<\/td><td>\u20ac1,440<\/td><\/tr><tr><td>cama en habitaci\u00f3n de 3, 4-personas con ba\u00f1o compartido<\/td><td>\u20ac 510<\/td><td>\u20ac 680<\/td><td>\u20ac1,020<\/td><td>\u20ac 1,360<\/td><\/tr><tr><td>cama en dormitorio, ba\u00f1o privado<\/td><td>\u20ac450<\/td><td><strong> <\/strong>\u20ac 600<\/td><td>\u20ac 900<\/td><td>\u20ac 1,200<\/td><\/tr><tr><td>cama en dormitorio, ba\u00f1o compartido<\/td><td>\u20ac 390<\/td><td>\u20ac 520<\/td><td>\u20ac 780<\/td><td>\u20ac 1,040<\/td><\/tr><tr><td>Tienda de campa\u00f1a\/ autocaravana<\/td><td>\u20ac 315<\/td><td>\u20ac 420<\/td><td>\u20ac 630<\/td><td>\u20ac 840<\/td><\/tr><tr><td>Visitante de d\u00eda (Commuter)<\/td><td>\u20ac 315<\/td><td>\u20ac 420<\/td><td>\u20ac 630<\/td><td>\u20ac 840<\/td><\/tr><\/tbody><\/table><figcaption class=\"wp-element-caption\">Contribuciones actualizadas por adulto y semana (efectivo a partir del 20\/12\/2024)<\/figcaption><\/figure>\n\n\n\n<h2 class=\"wp-block-heading\">Cancelaci\u00f3n y Reembolso <\/h2>\n<\/div>\n<\/div>\n\n\n\n<div class=\"wp-block-columns is-layout-flex wp-container-core-columns-is-layout-9d6595d7 wp-block-columns-is-layout-flex\">\n<div class=\"wp-block-column is-layout-flow wp-block-column-is-layout-flow\">\n<figure class=\"wp-block-image size-full\"><img loading=\"lazy\" decoding=\"async\" width=\"300\" height=\"300\" src=\"https:\/\/plumvillage.org\/wp-content\/uploads\/2025\/11\/Flower-1-1-1.jpg\" alt=\"\" class=\"wp-image-593657\"\/><\/figure>\n<\/div>\n\n\n\n<div class=\"wp-block-column is-layout-flow wp-block-column-is-layout-flow\">\n<p><br><\/p>\n\n\n\n<p><em>Entendemos que las circunstancias de la vida cambian. <\/em><\/p>\n\n\n\n<p><em>Sabemos que muchos amigos desean venir a practicar con nosotros, por lo que les pedimos que les den esa oportunidad cancelando su asistencia lo antes posible.<\/em><\/p>\n<\/div>\n<\/div>\n\n\n\n<p>Si nos dejas saber <\/p>\n\n\n\n<ul class=\"wp-block-list\">\n<li>M\u00e1s de 3 semanas antes de la fecha de llegada: se le reembolsar\u00e1 su contribuci\u00f3n, menos una tasa de cancelaci\u00f3n de 50 \u20ac y los gastos de gesti\u00f3n.<\/li>\n\n\n\n<li>Menos de 3 semanas antes de la fecha de llegada: se le reembolsar\u00e1 el 50% de la contribuci\u00f3n.<\/li>\n\n\n\n<li>En la fecha de llegada o posterior: no se realizar\u00e1 ning\u00fan reembolso.<\/li>\n<\/ul>\n\n\n\n<h2 class=\"wp-block-heading\">Cancelaci\u00f3n de retiros por parte de Plum Village<\/h2>\n\n\n\n<p>Plum Village se reserva el derecho de cancelar un retiro bajo cualquier circunstancia. En tal caso, se le ofrecer\u00e1 un reembolso completo de los pagos que ya haya realizado.<\/p>\n\n\n\n<p>Plum Village no asume ninguna otra responsabilidad por la cancelaci\u00f3n de un retiro m\u00e1s all\u00e1 del reembolso de la cuota de inscripci\u00f3n. Por ejemplo, no nos hacemos responsables de los gastos incurridos en la organizaci\u00f3n anticipada de viajes, como billetes de avi\u00f3n y visados.<\/p>\n\n\n\n<p><\/p>\n","protected":false},"excerpt":{"rendered":"<p>Niveles de precios Alojamiento Beca Basico Sostenible Apoyo cama en habitaci\u00f3n doble, ba\u00f1o privado \u20ac 600 \u20ac 800 \u20ac 1,200 \u20ac 1,600 cama en habitaci\u00f3n doble, ba\u00f1o compartido \u20ac 540 \u20ac 720 \u20ac 1,080 \u20ac 1,440 cama en habitaci\u00f3n para 3, 4 personas, ba\u00f1o privado \u20ac540 \u20ac720 \u20ac1,080 \u20ac1,440 cama en habitaci\u00f3n de 3, 4-personas<\/p>\n","protected":false},"author":1157,"featured_media":0,"parent":0,"menu_order":0,"comment_status":"closed","ping_status":"closed","template":"","meta":{"_acf_changed":false,"sync_status":"","episode_type":"","audio_file":"","podmotor_file_id":"","podmotor_episode_id":"","castos_file_data":"","cover_image":"","cover_image_id":"","duration":"","filesize":"","filesize_raw":"","date_recorded":"","explicit":"","block":"","itunes_episode_number":"","itunes_title":"","itunes_season_number":"","itunes_episode_type":"","ep_exclude_from_search":false,"footnotes":""},"class_list":["post-593641","page","type-page","status-publish","hentry"],"acf":[],"_links":{"self":[{"href":"https:\/\/plumvillage.org\/es\/wp-json\/wp\/v2\/pages\/593641","targetHints":{"allow":["GET"]}}],"collection":[{"href":"https:\/\/plumvillage.org\/es\/wp-json\/wp\/v2\/pages"}],"about":[{"href":"https:\/\/plumvillage.org\/es\/wp-json\/wp\/v2\/types\/page"}],"author":[{"embeddable":true,"href":"https:\/\/plumvillage.org\/es\/wp-json\/wp\/v2\/users\/1157"}],"replies":[{"embeddable":true,"href":"https:\/\/plumvillage.org\/es\/wp-json\/wp\/v2\/comments?post=593641"}],"version-history":[{"count":1,"href":"https:\/\/plumvillage.org\/es\/wp-json\/wp\/v2\/pages\/593641\/revisions"}],"predecessor-version":[{"id":593667,"href":"https:\/\/plumvillage.org\/es\/wp-json\/wp\/v2\/pages\/593641\/revisions\/593667"}],"wp:attachment":[{"href":"https:\/\/plumvillage.org\/es\/wp-json\/wp\/v2\/media?parent=593641"}],"curies":[{"name":"wp","href":"https:\/\/api.w.org\/{rel}","templated":true}]}}