{"id":140789,"date":"2022-03-27T17:00:00","date_gmt":"2022-03-27T15:00:00","guid":{"rendered":"http:\/\/test.plumvillage.org\/?page_id=315"},"modified":"2026-01-04T15:24:21","modified_gmt":"2026-01-04T14:24:21","slug":"journees-de-pleine-conscience","status":"publish","type":"page","link":"https:\/\/plumvillage.org\/fr\/retraites\/journees-de-pleine-conscience","title":{"rendered":"Journ\u00e9es de Pleine Conscience"},"content":{"rendered":"\n<p class=\"has-large-font-size\">Vous \u00eates les bienvenu.es \u00e0 chaque <strong>journ\u00e9e de pleine conscience<\/strong>. Ces journ\u00e9es offrent un petit avant-go\u00fbt des pratiques de pleine conscience du Village des Pruniers. <\/p>\n\n\n\n<figure class=\"wp-block-image alignright size-large is-resized\"><img loading=\"lazy\" decoding=\"async\" width=\"1024\" height=\"540\" src=\"https:\/\/plumvillage.org\/wp-content\/uploads\/2021\/05\/Francophone-2021-Chant-1-1024x540.jpg\" alt=\"\" class=\"wp-image-206023\" style=\"width:430px;height:226px\" srcset=\"https:\/\/plumvillage.org\/wp-content\/uploads\/2021\/05\/Francophone-2021-Chant-1-1024x540.jpg 1024w, https:\/\/plumvillage.org\/wp-content\/uploads\/2021\/05\/Francophone-2021-Chant-1-499x263.jpg 499w, https:\/\/plumvillage.org\/wp-content\/uploads\/2021\/05\/Francophone-2021-Chant-1-768x405.jpg 768w, https:\/\/plumvillage.org\/wp-content\/uploads\/2021\/05\/Francophone-2021-Chant-1-1536x810.jpg 1536w, https:\/\/plumvillage.org\/wp-content\/uploads\/2021\/05\/Francophone-2021-Chant-1.jpg 1920w\" sizes=\"auto, (max-width: 1024px) 100vw, 1024px\" \/><\/figure>\n\n\n\n<p>Si vous venez de loin, nous vous recommandons de faire au minimum <a href=\"https:\/\/villagedespruniers.net\/retreats\/info\/programme-des-retraites-en-2017\/\">une retraite d&rsquo;une semaine<\/a>, afin de pouvoir faire une exp\u00e9rience approfondie de nos pratiques de pleine conscience et vous sentir compl\u00e8tement immerg\u00e9.es dans l&rsquo;atmosph\u00e8re du Village des Pruniers.<\/p>\n\n\n\n<h4 class=\"wp-block-heading\">Sommaire :<\/h4>\n\n\n\n<ul class=\"wp-block-list\">\n<li><a href=\"#quand\"><strong><mark style=\"background-color:#FFD22A\" class=\"has-inline-color\">Quand<\/mark><\/strong> &#8211; Quand ont-elles lieu ?<\/a><\/li>\n\n\n\n<li><a href=\"#quoi\"><strong><mark style=\"background-color:#FFD22A\" class=\"has-inline-color\">Quoi<\/mark><\/strong> &#8211; Qu&rsquo;est-ce qu&rsquo;une journ\u00e9e de pleine conscience ?<\/a><\/li>\n\n\n\n<li><a href=\"#ou\"><strong><mark style=\"background-color:#FFD22A\" class=\"has-inline-color\">O\u00f9<\/mark><\/strong> &#8211; O\u00f9 se d\u00e9roulent-elles ?<\/a><\/li>\n\n\n\n<li><a href=\"#infos\"><strong>Informations pratiques<\/strong><\/a>\n<ul class=\"wp-block-list\">\n<li><a href=\"#programme\">Programme type d&rsquo;une journ\u00e9e de pleine conscience<\/a><\/li>\n\n\n\n<li><a href=\"#venir\">Est-ce-que je peux venir ?<\/a><\/li>\n\n\n\n<li><a href=\"#prepa\">Comment se pr\u00e9parer &amp; qu&rsquo;apporter ?<\/a> <\/li>\n\n\n\n<li><a href=\"#dana\">Dana<\/a><\/li>\n\n\n\n<li><a href=\"#hebergement\">H\u00e9bergement<\/a><\/li>\n<\/ul>\n<\/li>\n<\/ul>\n\n\n\n<div class=\"jump-to alignwide\" id=\"quand\">\n\t<hr>\n\t<span class=\"jump-to-text\"><span class=\"label\">Allez vers <span class=\"icon icon-arrow-tiny\"><\/span><\/span>\n\t\t<a class=\"active\" href=\"#quand\">Quand<\/a>, <a  href=\"#quoi\">Quoi<\/a>, <a  href=\"#ou\">O\u00f9<\/a>, <a  href=\"#informations-pratiques\">Informations pratiques<\/a><\/span>\n<\/div>\n\n\n<h2 class=\"wp-block-heading\">Quand ont-elles lieu ?<\/h2>\n\n\n<div class=\"block block-retreats-list align is-style-dom\">\n\n                <div class=\"filter-dropdown-blocks\">\n                    <\/div>\n\n        <!-- Temporarily remove some classes from dom events because the filters currently dont support multiple retreat overviews on one page -->\n        <div class=\"event-list\">\n            <div class=\"row \" data-isotope-layoutmode=\"masonry\">\n                <div class=\"grid-sizer col-md-12\"><\/div>\n                                    <article id=\"post-\" class=\"index-event-dom index-item col-md-12\t\t\t\t\t\t\">\n                        <div class=\"index-content\">\n        <header class=\"entry-header\">\n                    <p class=\"mb-0\">\n                <b>\n                                                                    Dimanche 19 avril                                    <\/b>\n                                                                <span class=\"d-block\">\n                                                <a href=\"https:\/\/plumvillage.org\/fr\/practice-centre\/village-des-pruniers\/hameau-du-bas\">Hameau du Bas<\/a>\n\n                    ,                             <a href=\"https:\/\/plumvillage.org\/fr\/practice-centre\/village-des-pruniers\">Le Village des Pruniers<\/a>\n\n                                    <\/span>\n            <\/p>\n            <\/header><!-- .entry-header -->\n\n    <div class=\"entry-content\">\n        <p><\/p>\n    <\/div><!-- .entry-content -->\n\n<\/div>                    <\/article>\n                                    <article id=\"post-\" class=\"index-event-dom index-item col-md-12\t\t\t\t\t\t\">\n                        <div class=\"index-content\">\n        <header class=\"entry-header\">\n                    <p class=\"mb-0\">\n                <b>\n                                                                    Jeudi 23 avril                                    <\/b>\n                                                                <span class=\"d-block\">\n                                                <a href=\"https:\/\/plumvillage.org\/fr\/practice-centre\/village-des-pruniers\/hameau-nouveau\">Hameau Nouveau<\/a>\n\n                    ,                             <a href=\"https:\/\/plumvillage.org\/fr\/practice-centre\/village-des-pruniers\">Le Village des Pruniers<\/a>\n\n                                    <\/span>\n            <\/p>\n            <\/header><!-- .entry-header -->\n\n    <div class=\"entry-content\">\n        <p><\/p>\n    <\/div><!-- .entry-content -->\n\n<\/div>                    <\/article>\n                                    <article id=\"post-\" class=\"index-event-dom index-item col-md-12\t\t\t\t\t\t\">\n                        <div class=\"index-content\">\n        <header class=\"entry-header\">\n                    <p class=\"mb-0\">\n                <b>\n                                                                    Dimanche 26 avril                                    <\/b>\n                                                                <span class=\"d-block\">\n                                                <a href=\"https:\/\/plumvillage.org\/fr\/practice-centre\/village-des-pruniers\/hameau-du-bas\">Hameau du Bas<\/a>\n\n                    ,                             <a href=\"https:\/\/plumvillage.org\/fr\/practice-centre\/village-des-pruniers\">Le Village des Pruniers<\/a>\n\n                                    <\/span>\n            <\/p>\n            <\/header><!-- .entry-header -->\n\n    <div class=\"entry-content\">\n        <p><\/p>\n    <\/div><!-- .entry-content -->\n\n<\/div>                    <\/article>\n                                    <article id=\"post-\" class=\"index-event-dom index-item col-md-12\t\t\t\t\t\t\">\n                        <div class=\"index-content\">\n        <header class=\"entry-header\">\n                    <p class=\"mb-0\">\n                <b>\n                                                                    Jeudi 30 avril                                    <\/b>\n                                                                <span class=\"d-block\">\n                                                <a href=\"https:\/\/plumvillage.org\/fr\/practice-centre\/village-des-pruniers\/hameau-nouveau\">Hameau Nouveau<\/a>\n\n                    ,                             <a href=\"https:\/\/plumvillage.org\/fr\/practice-centre\/village-des-pruniers\">Le Village des Pruniers<\/a>\n\n                                    <\/span>\n            <\/p>\n            <\/header><!-- .entry-header -->\n\n    <div class=\"entry-content\">\n        <p><\/p>\n    <\/div><!-- .entry-content -->\n\n<\/div>                    <\/article>\n                                    <article id=\"post-\" class=\"index-event-dom index-item col-md-12\t\t\t\t\t\t\">\n                        <div class=\"index-content\">\n        <header class=\"entry-header\">\n                    <p class=\"mb-0\">\n                <b>\n                                                                    Dimanche 3 mai                                    <\/b>\n                                                                <span class=\"d-block\">\n                                                <a href=\"https:\/\/plumvillage.org\/fr\/practice-centre\/village-des-pruniers\/hameau-nouveau\">Hameau Nouveau<\/a>\n\n                    ,                             <a href=\"https:\/\/plumvillage.org\/fr\/practice-centre\/village-des-pruniers\">Le Village des Pruniers<\/a>\n\n                                    <\/span>\n            <\/p>\n            <\/header><!-- .entry-header -->\n\n    <div class=\"entry-content\">\n        <p><\/p>\n    <\/div><!-- .entry-content -->\n\n<\/div>                    <\/article>\n                                    <article id=\"post-\" class=\"index-event-dom index-item col-md-12\t\t\t\t\t\t\">\n                        <div class=\"index-content\">\n        <header class=\"entry-header\">\n                    <p class=\"mb-0\">\n                <b>\n                                                                    Jeudi 7 mai                                    <\/b>\n                                                                <span class=\"d-block\">\n                                                <a href=\"https:\/\/plumvillage.org\/fr\/practice-centre\/village-des-pruniers\/hameau-du-haut\">Hameau du Haut<\/a>\n\n                    ,                             <a href=\"https:\/\/plumvillage.org\/fr\/practice-centre\/village-des-pruniers\">Le Village des Pruniers<\/a>\n\n                                    <\/span>\n            <\/p>\n            <\/header><!-- .entry-header -->\n\n    <div class=\"entry-content\">\n        <p><\/p>\n    <\/div><!-- .entry-content -->\n\n<\/div>                    <\/article>\n                                    <article id=\"post-\" class=\"index-event-dom index-item col-md-12\t\t\t\t\t\t\">\n                        <div class=\"index-content\">\n        <header class=\"entry-header\">\n                    <p class=\"mb-0\">\n                <b>\n                                                                    Dimanche 10 mai                                    <\/b>\n                                                                <span class=\"d-block\">\n                                                <a href=\"https:\/\/plumvillage.org\/fr\/practice-centre\/village-des-pruniers\/hameau-du-bas\">Hameau du Bas<\/a>\n\n                    ,                             <a href=\"https:\/\/plumvillage.org\/fr\/practice-centre\/village-des-pruniers\">Le Village des Pruniers<\/a>\n\n                                    <\/span>\n            <\/p>\n            <\/header><!-- .entry-header -->\n\n    <div class=\"entry-content\">\n        <p><\/p>\n    <\/div><!-- .entry-content -->\n\n<\/div>                    <\/article>\n                            <\/div>\n        <\/div>\n    <\/div>\n\n\n<p>Chers ami.e.s, nous ajouterons d&rsquo;autres dates au fur et \u00e0 mesure que nous nous rapprocherons des Journ\u00e9es de pleine conscience. Il n&rsquo;est pas n\u00e9cessaire de s\u2019inscrire.<\/p>\n\n\n\n<p><em><mark style=\"background-color:rgba(0, 0, 0, 0)\" class=\"has-inline-color has-stamp-color\">Merci d&rsquo;apporter vos \u00e9couteurs et une extension audio pour la traduction.<\/mark><\/em> <\/p>\n\n\n\n<div class=\"jump-to alignwide\" id=\"quoi\">\n\t<hr>\n\t<span class=\"jump-to-text\"><span class=\"label\">Allez vers <span class=\"icon icon-arrow-tiny\"><\/span><\/span>\n\t\t<a  href=\"#quand\">Quand<\/a>, <a class=\"active\" href=\"#quoi\">Quoi<\/a>, <a  href=\"#ou\">O\u00f9<\/a>, <a  href=\"#informations-pratiques\">Informations pratiques<\/a><\/span>\n<\/div>\n\n\n<h2 class=\"wp-block-heading\">Qu&rsquo;est-ce qu&rsquo;une journ\u00e9e de pleine conscience ?<\/h2>\n\n\n\n<p>Une Journ\u00e9e de pleine conscience est une journ\u00e9e enti\u00e8rement d\u00e9vou\u00e9e \u00e0 la pratique de la pleine conscience, dans le style du Village de Pruniers, en communaut\u00e9. Les moines, les moniales et les pratiquants la\u00efques &#8211; les r\u00e9sidents, les invit\u00e9s, les voisins et les ami.es du Village des Pruniers &#8211; se rassemblent pour \u00e9couter un enseignement du Dharma et pour pratiquer la m\u00e9ditation assise, la marche m\u00e9ditative, pour partager un repas en silence et en pleine conscience et pour simplement sourire, respirer et partager ensemble.<\/p>\n\n\n\n<p>Les enseignements de Dharma sont donn\u00e9s par les monastiques ain\u00e9.es r\u00e9sidant au Village des Pruniers. De temps&nbsp;\u00e0 autre, il est possible que nous regardions une vid\u00e9o d&rsquo;un enseignement du Dharma donn\u00e9 par Thay ( Thich Nhat Hanh ).<\/p>\n\n\n\n<p>S&rsquo;il vous pla\u00eet, soyez conscients que les journ\u00e9es se d\u00e9roulent de fa\u00e7on assez fluide, avec peu d&rsquo;explications, afin que tout se passe dans la d\u00e9tente. Les journ\u00e9es de pleine conscience ne sont pas structur\u00e9es en tant qu&rsquo; \u201catelier de Pleine Conscience\u201d ou en tant que \u201ccours\u201d.<\/p>\n\n\n\n<div class=\"jump-to alignwide\" id=\"ou\">\n\t<hr>\n\t<span class=\"jump-to-text\"><span class=\"label\">Allez vers <span class=\"icon icon-arrow-tiny\"><\/span><\/span>\n\t\t<a  href=\"#quand\">Quand<\/a>, <a  href=\"#quoi\">Quoi<\/a>, <a class=\"active\" href=\"#ou\">O\u00f9<\/a>, <a  href=\"#informations-pratiques\">Informations pratiques<\/a><\/span>\n<\/div>\n\n\n<h2 class=\"wp-block-heading\">O\u00f9 se d\u00e9roulent-elles ?<\/h2>\n\n\n\n<p>Les journ\u00e9es de pleine conscience se passent alternativement dans chacun des 3 hameaux du Village : <a href=\"https:\/\/plumvillage.org\/fr\/practice-centre\/village-des-pruniers\/hameau-du-haut\" target=\"_blank\" rel=\"noreferrer noopener\">le Hameau du Haut (Th\u00e9nac)<\/a>, <a href=\"https:\/\/plumvillage.org\/fr\/practice-centre\/village-des-pruniers\/hameau-du-bas\" target=\"_blank\" rel=\"noreferrer noopener\">le Hameau du Bas (Loub\u00e8s-Bernac)<\/a> et <a href=\"https:\/\/plumvillage.org\/fr\/practice-centre\/village-des-pruniers\/hameau-nouveau\" target=\"_blank\" rel=\"noreferrer noopener\">le Hameau Nouveau (Dieulivol)<\/a>.<\/p>\n\n\n\n<p>Pour en savoir plus sur nos hameaux : <a href=\"https:\/\/plumvillage.org\/fr\/a-propos\/village-des-pruniers\/nos-hameaux\" target=\"_blank\" rel=\"noreferrer noopener\">cliquez ici<\/a>.<\/p>\n\n\n\n<p>La communaut\u00e9 enti\u00e8re se rassemble dans un hameau pour toute la journ\u00e9e.<\/p>\n\n\n\n<div class=\"jump-to alignwide\" id=\"informations-pratiques\">\n\t<hr>\n\t<span class=\"jump-to-text\"><span class=\"label\">Allez vers <span class=\"icon icon-arrow-tiny\"><\/span><\/span>\n\t\t<a  href=\"#quand\">Quand<\/a>, <a  href=\"#quoi\">Quoi<\/a>, <a  href=\"#ou\">O\u00f9<\/a>, <a class=\"active\" href=\"#informations-pratiques\">Informations pratiques<\/a><\/span>\n<\/div>\n\n\n<h2 class=\"wp-block-heading\">Informations Pratiques<\/h2>\n\n\n\n<h3 class=\"wp-block-heading\" id=\"programme\"><strong><a name=\"1\"><\/a>1. Programme type d&rsquo;une journ\u00e9e de Pleine Conscience<\/strong><\/h3>\n\n\n\n<p><em>S&rsquo;il vous pla\u00eet, rappelez-vous d&rsquo;arriver t\u00f4t afin de pouvoir entrer tranquillement dans la salle de m\u00e9ditation avant que le programme ne commence.<\/em><\/p>\n\n\n\n<div class=\"wp-block-group has-fresh-tree-background-color has-background is-layout-flow wp-block-group-is-layout-flow\">\n<p id=\"block-4dc2c5f9-6353-4966-93b0-38c933d8342b\"><strong> 9:00     Arriv\u00e9e<\/strong><br><strong> 9:15     M\u00e9ditation assise<\/strong><br>             <em>Merci de ne pas entrer dans la salle si la m\u00e9ditation <br>             a d\u00e9j\u00e0 commenc\u00e9<\/em><br><strong> 9:30    Enseignement du Dharma<\/strong><br>             <em>Merci de ne pas entrer dans la salle si l&rsquo;enseignement <br>             a d\u00e9j\u00e0 commenc\u00e9<\/em><br>             Petite pause<br><strong>11:30   Marche M\u00e9ditative <\/strong>\u00e0 travers champs &amp; for\u00eats<br>          <em>   Pr\u00e9voyez des chaussures adapt\u00e9es \u00e0 de chemins <br>             parfois boueux<\/em><br><strong>12:30   Repas de Midi<\/strong>&nbsp;dans la salle de m\u00e9ditation tous ensemble<br>13:45    Repos \/ Temps libre<br><strong>15:00   Partage sur le Dharma<\/strong><br>         <em>    Discussion en cercle sur la pratique de la Pleine Conscience, <br>             ou autre activit\u00e9.<\/em><br><strong>16:30   Fin de la Journ\u00e9e<\/strong><\/p>\n<\/div>\n\n\n\n<h3 class=\"wp-block-heading\" id=\"venir\"><strong style=\"line-height: 1.5;\"><a name=\"2\"><\/a><\/strong><strong>2. Est-ce-que je peux venir?<\/strong><\/h3>\n\n\n\n<p>Si vous \u00eates dans les environs, vous \u00eates les bienvenu.e.s \u00e0 nos journ\u00e9es de pleine conscience aussi souvent que vous le souhaitez.<\/p>\n\n\n\n<p><em>Il n&rsquo;y a pas d&rsquo;inscription pr\u00e9alable.<\/em><br><strong style=\"line-height: 1.5;\"><a name=\"3\"><\/a><\/strong><\/p>\n\n\n\n<h3 class=\"wp-block-heading\" id=\"prepa\"><strong>3. Comment se pr\u00e9parer &amp; Qu&rsquo;apporter<\/strong><\/h3>\n\n\n\n<p>Nous vous conseillons de vous informer sur <a href=\"https:\/\/plumvillage.org\/fr\/pleine-conscience\/pratiques-du-village\" target=\"_blank\" rel=\"noreferrer noopener\">les pratiques de pleine conscience du Village des Pruniers<\/a> avant de venir, car les journ\u00e9es de pleine conscience se d\u00e9roulent dans la fluidit\u00e9 avec tr\u00e8s peu d&rsquo;explications sur les pratiques.<\/p>\n\n\n\n<p>S&rsquo;il vous pla\u00eet, veuillez consulter cette page quelques jours avant de venir afin de savoir dans quel hameau se passe la prochaine journ\u00e9e de pleine conscience (le calendrier se trouve \u00e0 votre droite), sachant qu&rsquo;il peut y avoir des changements de derni\u00e8re minute. Un parking est disponible dans chaque hameau.<\/p>\n\n\n\n<h4 class=\"wp-block-heading\"><strong>Qu&rsquo;apporter?<\/strong><\/h4>\n\n\n\n<ul class=\"wp-block-list\">\n<li>S&rsquo;il vous pla\u00eet, amenez avec vous des <a href=\"https:\/\/plumvillage.org\/wp-content\/uploads\/2024\/11\/Earphone_Extension-cable-1.jpeg\"><strong>\u00e9couteurs<\/strong> <strong>\u00e0 fils et c\u00e2ble audio d\u2019extension (jack 3,5 mm et d\u2019au moins 3 m de longueur)<\/strong><\/a><strong>.<\/strong> Les conf\u00e9rences Dharma sont donn\u00e9es soit en fran\u00e7ais, soit en anglais, soit en vietnamien (selon les capacit\u00e9s linguistiques des enseignants). Si vous ne comprenez pas un de ces langues, une traduction en direct est disponible (fran\u00e7ais, anglais et\/ou vietnamien selon les semaines) via les bo\u00eetiers de traduction, auxquels vous pouvez acc\u00e9der avec des \u00e9couteurs \u00e0 fils et un c\u00e2ble audio d\u2019extension. <br>Des jeux suppl\u00e9mentaires sont disponibles \u00e0 l\u2019entr\u00e9e de la salle pour les emprunter. <\/li>\n\n\n\n<li>Si le temps est pluvieux, veuillez apporter des <strong>chaussures adapt\u00e9es<\/strong> \u00e0 nos chemins de campagne (et&nbsp;\u00e0 leur boue).<\/li>\n\n\n\n<li>Une table \u00e0 th\u00e9 en libre-service ainsi qu&rsquo;un <strong>repas v\u00e9g\u00e9talien est propos\u00e9<\/strong> \u00e0 tous.<\/li>\n\n\n\n<li>S&rsquo;il vous pla\u00eet, pensez \u00e0 apporter votre <strong>donation<\/strong> en gratitude envers les enseignements, et afin de contribuer aux repas et autres installations mises \u00e0 disposition.<\/li>\n<\/ul>\n\n\n\n<p><strong style=\"line-height: 1.5;\"><a name=\"4\"><\/a><\/strong><\/p>\n\n\n\n<h3 class=\"wp-block-heading\" id=\"dana\"><strong>4. Dana<\/strong><\/h3>\n\n\n\n<p><strong>Nous acceptons les donations<\/strong> ou <em>dana<\/em> (g\u00e9n\u00e9rosit\u00e9), en gratitude envers les enseignements et afin de soutenir notre communaut\u00e9 et lui permettre de continuer \u00e0 offrir ces enseignements dans le futur.<\/p>\n\n\n\n<p>Votre donation est \u00e9galement une contribution pour les repas et les installations utilis\u00e9es (hall de m\u00e9ditation, syst\u00e8me son, sanitaires, etc.). Nous sugg\u00e9rons un don de 20 \u00e0 35\u20ac par personne, en fonction de vos capacit\u00e9s.<\/p>\n\n\n\n<p>Toutes les donations servent \u00e0 soutenir la communaut\u00e9 du Village des Pruniers, reconnue officiellement par la l\u00e9gislation fran\u00e7aise en tant que congr\u00e9gation bouddhiste : la \u201cCommunaut\u00e9 Bouddhique Zen du Village des Pruniers\u201d.<\/p>\n\n\n\n<p>Votre g\u00e9n\u00e9rosit\u00e9 est profond\u00e9ment appr\u00e9ci\u00e9e. Merci.<strong style=\"line-height: 1.5;\"><a name=\"5\"><\/a><\/strong><\/p>\n\n\n\n<h3 class=\"wp-block-heading\" id=\"hebergement\"><strong>5. H\u00e9bergement \u00e0 proximit\u00e9<\/strong><\/h3>\n\n\n\n<p>Nous regrettons de ne pouvoir vous h\u00e9berger pour 1 ou 2 nuits (la dur\u00e9e minimum de s\u00e9jour est d&rsquo;une semaine, \u00e0 r\u00e9server via le Calendrier des Retraites).  <strong>ATTENTION<\/strong> : <strong>il en va de-m\u00eame pour<\/strong> <strong>les personnes souhaitant s\u00e9journer dans une tente ou un camping-car.<\/strong> Si vous devez arriver un jour plus t\u00f4t ou plus tard, ou que vous souhaiter venir pour une journ\u00e9e de pleine conscience, nous vous serions infiniment reconnaissant de louer une chambre dans une <a href=\"https:\/\/www.google.com\/search?q=chambres+d%27hotes+thenac&amp;oq=chambres+d%27hotes+thenac&amp;aqs=chrome..69i57j0.5575j0j4&amp;sourceid=chrome&amp;espv=210&amp;es_sm=91&amp;ie=UTF-8#q=chambres+d%27hotes+thenac+24240\"><u>Chambre d&rsquo;h\u00f4tes dans la r\u00e9gion de Th\u00e9nac<\/u><\/a> (Hameau du Haut), <a href=\"https:\/\/www.google.com\/search?q=chambres+d%27hotes+thenac&amp;oq=chambres+d%27hotes+thenac&amp;aqs=chrome..69i57j0.5575j0j4&amp;sourceid=chrome&amp;espv=210&amp;es_sm=91&amp;ie=UTF-8#q=chambres+d%27hotes+loubes-bernac+47120\"><u>Loub\u00e8s-Bernac<\/u> <\/a>(Hameau du Bas) ou <a href=\"https:\/\/www.google.com\/search?q=chambres+d%27hotes+thenac&amp;oq=chambres+d%27hotes+thenac&amp;aqs=chrome..69i57j0.5575j0j4&amp;sourceid=chrome&amp;espv=210&amp;es_sm=91&amp;ie=UTF-8#q=chambres+d%27hotes+duras\"><u>Duras<\/u><\/a> (Hameau Nouveau) <strong>ou de <a href=\"https:\/\/www.lecampingsauvage.fr\/carte-emplacements\/france\/gironde\">trouver un camping \u00e0 proximit\u00e9.<\/a><\/strong><\/p>\n\n\n\n<p><strong>Important : <\/strong>Si vous ne <strong>pouvez pas participer \u00e0 la dur\u00e9e compl\u00e8te<\/strong> d&rsquo;une retraite, les <strong>Journ\u00e9es de Pleine Conscience<\/strong> sont les meilleurs moments pour nous rendre visite . <strong>En dehors de ces journ\u00e9es<\/strong>, merci de contacter le bureau d\u2019inscription du hameau de destination, pour v\u00e9rifier si une visite est possible, car <strong>certains jours les hameaux ne sont pas ouverts aux visiteurs.<\/strong><\/p>\n\n\n\n<p><em>Nous esp\u00e9rons vous voir bient\u00f4t pour une journ\u00e9e de pleine conscience!<\/em><\/p>\n\n\n\n<p><\/p>\n","protected":false},"excerpt":{"rendered":"<p>Vous \u00eates les bienvenu.es \u00e0 chaque journ\u00e9e de pleine conscience. Ces journ\u00e9es offrent un petit avant-go\u00fbt des pratiques de pleine conscience du Village des Pruniers. Si vous venez de loin, nous vous recommandons de faire au minimum une retraite d&rsquo;une semaine, afin de pouvoir faire une exp\u00e9rience approfondie de nos pratiques de pleine conscience et<\/p>\n","protected":false},"author":9,"featured_media":0,"parent":285068,"menu_order":1,"comment_status":"closed","ping_status":"closed","template":"","meta":{"_acf_changed":false,"sync_status":"","episode_type":"","audio_file":"","podmotor_file_id":"","podmotor_episode_id":"","castos_file_data":"","cover_image":"","cover_image_id":"","duration":"","filesize":"","filesize_raw":"","date_recorded":"","explicit":"","block":"","itunes_episode_number":"","itunes_title":"","itunes_season_number":"","itunes_episode_type":"","ep_exclude_from_search":false,"footnotes":""},"class_list":["post-140789","page","type-page","status-publish","hentry"],"acf":[],"_links":{"self":[{"href":"https:\/\/plumvillage.org\/fr\/wp-json\/wp\/v2\/pages\/140789","targetHints":{"allow":["GET"]}}],"collection":[{"href":"https:\/\/plumvillage.org\/fr\/wp-json\/wp\/v2\/pages"}],"about":[{"href":"https:\/\/plumvillage.org\/fr\/wp-json\/wp\/v2\/types\/page"}],"author":[{"embeddable":true,"href":"https:\/\/plumvillage.org\/fr\/wp-json\/wp\/v2\/users\/9"}],"replies":[{"embeddable":true,"href":"https:\/\/plumvillage.org\/fr\/wp-json\/wp\/v2\/comments?post=140789"}],"version-history":[{"count":4,"href":"https:\/\/plumvillage.org\/fr\/wp-json\/wp\/v2\/pages\/140789\/revisions"}],"predecessor-version":[{"id":612937,"href":"https:\/\/plumvillage.org\/fr\/wp-json\/wp\/v2\/pages\/140789\/revisions\/612937"}],"up":[{"embeddable":true,"href":"https:\/\/plumvillage.org\/fr\/wp-json\/wp\/v2\/pages\/285068"}],"wp:attachment":[{"href":"https:\/\/plumvillage.org\/fr\/wp-json\/wp\/v2\/media?parent=140789"}],"curies":[{"name":"wp","href":"https:\/\/api.w.org\/{rel}","templated":true}]}}