{"id":140943,"date":"2022-03-27T17:40:00","date_gmt":"2022-03-27T15:40:00","guid":{"rendered":"https:\/\/plumvillage.org\/?page_id=140943"},"modified":"2025-12-19T00:33:31","modified_gmt":"2025-12-18T23:33:31","slug":"exemple-de-planning","status":"publish","type":"page","link":"https:\/\/plumvillage.org\/fr\/retraites\/informations-importantes\/exemple-de-planning","title":{"rendered":"Exemple d&#8217;emploi du temps"},"content":{"rendered":"\n<figure class=\"wp-block-image alignright size-large\"><img loading=\"lazy\" decoding=\"async\" width=\"1024\" height=\"683\" src=\"https:\/\/plumvillage.org\/wp-content\/uploads\/2022\/10\/Autumn-leaves-in-nong-la-1024x683.jpg\" alt=\"\" class=\"wp-image-303536\" srcset=\"https:\/\/plumvillage.org\/wp-content\/uploads\/2022\/10\/Autumn-leaves-in-nong-la-1024x683.jpg 1024w, https:\/\/plumvillage.org\/wp-content\/uploads\/2022\/10\/Autumn-leaves-in-nong-la-499x333.jpg 499w, https:\/\/plumvillage.org\/wp-content\/uploads\/2022\/10\/Autumn-leaves-in-nong-la-768x512.jpg 768w, https:\/\/plumvillage.org\/wp-content\/uploads\/2022\/10\/Autumn-leaves-in-nong-la-1536x1024.jpg 1536w, https:\/\/plumvillage.org\/wp-content\/uploads\/2022\/10\/Autumn-leaves-in-nong-la.jpg 1920w\" sizes=\"auto, (max-width: 1024px) 100vw, 1024px\" \/><\/figure>\n\n\n\n<p class=\"has-large-font-size\">Une retraite au Village des Pruniers est l&rsquo;occasion d&rsquo;exp\u00e9rimenter <a href=\"https:\/\/plumvillage.org\/fr\/pleine-conscience\/pratiques-du-village\">l&rsquo;art de vivre en pleine conscience<\/a>. Nous faisons tout dans un esprit de m\u00e9ditation, que ce soit en allant aux toilettes, en faisant la vaisselle ou en \u00e9coutant profond\u00e9ment le son de la cloche.<\/p>\n\n\n\n<p class=\"has-large-font-size\"><\/p>\n\n\n\n<p>Le programme quotidien au Village des Pruniers varie selon la saison et la retraite, et varie l\u00e9g\u00e8rement entre les diff\u00e9rents hameaux. Chaque jour, nous pratiquons <strong>la m\u00e9ditation assise, la m\u00e9ditation march\u00e9e, l&rsquo;alimentation en pleine conscience et le travail en pleine conscience <\/strong>en tant que communaut\u00e9. Il y a toujours une p\u00e9riode de \u201c<strong>Noble Silence<\/strong>\u201d entre la derni\u00e8re activit\u00e9 du soir et le petit-d\u00e9jeuner du lendemain. Un jour par semaine &#8211; en g\u00e9n\u00e9ral le lundi, est d\u00e9sign\u00e9 comme <a href=\"https:\/\/plumvillage.org\/fr\/retraites\/informations-importantes\/organisations-pratiques#jour-de-paresse\"><strong>journ\u00e9e de paresse<\/strong><\/a>, sans horaire de pratique formelle.<\/p>\n\n\n\n<div class=\"jump-to align\" id=\"les-differents-types-de-retraites\">\n\t<hr>\n\t<span class=\"jump-to-text\"><span class=\"label\">Allez vers <span class=\"icon icon-arrow-tiny\"><\/span><\/span>\n\t\t<a class=\"active\" href=\"#les-differents-types-de-retraites\">Les diff\u00e9rents types de Retraites<\/a>, <a  href=\"#emploi-du-temps-type\">Emploi du temps type<\/a><\/span>\n<\/div>\n\n\n<h2 class=\"wp-block-heading\">Les diff\u00e9rents types de Retraites<\/h2>\n\n\n\n<h4 class=\"wp-block-heading\">Retraites \u00e0 Th\u00e8me<\/h4>\n\n\n\n<figure class=\"wp-block-image alignright size-large\"><img loading=\"lazy\" decoding=\"async\" width=\"1024\" height=\"683\" src=\"https:\/\/plumvillage.org\/wp-content\/uploads\/2022\/10\/Br-Phap-Lai-Dharma-Talk-1024x683.jpg\" alt=\"\" class=\"wp-image-303548\" srcset=\"https:\/\/plumvillage.org\/wp-content\/uploads\/2022\/10\/Br-Phap-Lai-Dharma-Talk-1024x683.jpg 1024w, https:\/\/plumvillage.org\/wp-content\/uploads\/2022\/10\/Br-Phap-Lai-Dharma-Talk-499x333.jpg 499w, https:\/\/plumvillage.org\/wp-content\/uploads\/2022\/10\/Br-Phap-Lai-Dharma-Talk-768x512.jpg 768w, https:\/\/plumvillage.org\/wp-content\/uploads\/2022\/10\/Br-Phap-Lai-Dharma-Talk-1536x1024.jpg 1536w, https:\/\/plumvillage.org\/wp-content\/uploads\/2022\/10\/Br-Phap-Lai-Dharma-Talk.jpg 1920w\" sizes=\"auto, (max-width: 1024px) 100vw, 1024px\" \/><figcaption class=\"wp-element-caption\">Dharma Talk <\/figcaption><\/figure>\n\n\n\n<p>Lors des retraites \u00e0 th\u00e8me telles que la \u201cRetraite de la Terre\u201d, les retraites d&rsquo;\u00e9t\u00e9, la \u201cRetraite Wake Up\u201d, les participants font partie d&rsquo;une \u201cfamille de partage du Dharma\u201d anim\u00e9e par un enseignant du Dharma.<\/p>\n\n\n\n<p>Nous avons g\u00e9n\u00e9ralement <strong>quatre enseignements du Dharma par semaine<\/strong>, pendant lesquels toute la communaut\u00e9 se r\u00e9unit dans l&rsquo;un des 3 hameaux du Village des Pruniers pour la matin\u00e9e. L&rsquo;enseignement est propos\u00e9 par l&rsquo;un de nos enseignants du Dharma &#8211; ou par Th\u00e2y (Thich Nhat Hanh) par le biais d&rsquo;un DVD enregistr\u00e9 &#8211; et est suivi d&rsquo;une marche m\u00e9ditative.<\/p>\n\n\n\n<h4 class=\"wp-block-heading\">Semaines de Pleine Conscience<\/h4>\n\n\n\n<p>Pendant nos Semaine de Pleine Conscience d&rsquo;Hiver, de Printemps, d&rsquo;Automne et pendant <a href=\"https:\/\/plumvillage.org\/fr\/articles-fr\/lesprit-de-la-retraite-des-pluies-de-3-mois-1ere-partie\">la retraite des pluies<\/a>, les retraitant\u2e31es ont la possibilit\u00e9 de suivre l&#8217;emploi du temps des monastiques afin d&rsquo;approfondir les pratiques fondamentales que sont la m\u00e9ditation assise et march\u00e9e, le chant, le toucher de la terre, les repas et le travail en pleine conscience.<\/p>\n\n\n\n<p>Toute la communaut\u00e9 se r\u00e9unit les jeudis et les dimanches pour une <a href=\"https:\/\/plumvillage.org\/fr\/retraites\/journees-de-pleine-conscience\" target=\"_blank\" rel=\"noreferrer noopener\">Journ\u00e9e de Pleine Conscience<\/a> dans l&rsquo;un des 3 hameaux. Le reste de la semaine, nous passons nos journ\u00e9es dans notre hameau d&rsquo;origine.<\/p>\n\n\n\n<p>\u00c0 votre arriv\u00e9e, nous vous proposons une orientation compl\u00e8te sur la pratique de la pleine conscience de Plum Village et sur le programme de la pratique pendant votre s\u00e9jour. Il n&rsquo;y a pas de Famille de Partage du Dharma.<\/p>\n\n\n\n<div class=\"jump-to align\" id=\"emploi-du-temps-type\">\n\t<hr>\n\t<span class=\"jump-to-text\"><span class=\"label\">Allez vers <span class=\"icon icon-arrow-tiny\"><\/span><\/span>\n\t\t<a  href=\"#les-differents-types-de-retraites\">Les diff\u00e9rents types de Retraites<\/a>, <a class=\"active\" href=\"#emploi-du-temps-type\">Emploi du temps type<\/a><\/span>\n<\/div>\n\n\n<div class=\"wp-block-group has-fresh-earth-background-color has-background is-layout-flow wp-block-group-is-layout-flow\">\n<p><strong>Emploi du temps type d\u2019une journ\u00e9e<\/strong><\/p>\n\n\n\n<p>5:00 R\u00e9veil<\/p>\n\n\n\n<p>6:00 M\u00e9ditation assise (suivie d&rsquo;une lecture des Sutras \/ Touchers de la Terre \/ Marche m\u00e9ditative lente)<br><\/p>\n\n\n\n<p>7:00 : Exercice Physique <\/p>\n\n\n\n<p>7:45 : Petit-d\u00e9jeuner<\/p>\n\n\n\n<p>9:00 : Enseignement du Dharma \/ Classe \/ Pr\u00e9sentation \/ M\u00e9ditation du Service<\/p>\n\n\n\n<p>11:30 Marche m\u00e9ditative dans la nature<\/p>\n\n\n\n<p>12:30 : D\u00e9jeuner<\/p>\n\n\n\n<p>13.30 : Repos \/ Relaxation guid\u00e9e (optionnelle)<\/p>\n\n\n\n<p>15:00 : Partage du Dharma ou M\u00e9ditation de Service<\/p>\n\n\n\n<p>18:00 : D\u00eener l\u00e9ger<\/p>\n\n\n\n<p>20:00 : Temps d&rsquo;\u00e9tude personnelle \/ M\u00e9ditation assise ou autre pratique collective <\/p>\n\n\n\n<p>21:30 : D\u00e9but du Noble Silence<\/p>\n\n\n\n<p>22:00 : Extinction des feux<\/p>\n<\/div>\n\n\n\n<p>Il y a souvent du temps en d\u00e9but de matin\u00e9e ou en fin d&rsquo;apr\u00e8s-midi pour faire de l&rsquo;exercice personnel (yoga, chi gong, tai chi, jogging, etc.) ou, selon le temps, des sports collectifs (football, volley-ball, frisbee, etc.).<\/p>\n","protected":false},"excerpt":{"rendered":"<p>Une retraite au Village des Pruniers est l&rsquo;occasion d&rsquo;exp\u00e9rimenter l&rsquo;art de vivre en pleine conscience. Nous faisons tout dans un esprit de m\u00e9ditation, que ce soit en allant aux toilettes, en faisant la vaisselle ou en \u00e9coutant profond\u00e9ment le son de la cloche. Le programme quotidien au Village des Pruniers varie selon la saison et<\/p>\n","protected":false},"author":1088,"featured_media":0,"parent":10937,"menu_order":0,"comment_status":"closed","ping_status":"open","template":"","meta":{"_acf_changed":false,"sync_status":"","episode_type":"","audio_file":"","podmotor_file_id":"","podmotor_episode_id":"","castos_file_data":"","cover_image":"","cover_image_id":"","duration":"","filesize":"","filesize_raw":"","date_recorded":"","explicit":"","block":"","itunes_episode_number":"","itunes_title":"","itunes_season_number":"","itunes_episode_type":"","ep_exclude_from_search":false,"footnotes":""},"class_list":["post-140943","page","type-page","status-publish","hentry"],"acf":[],"_links":{"self":[{"href":"https:\/\/plumvillage.org\/fr\/wp-json\/wp\/v2\/pages\/140943","targetHints":{"allow":["GET"]}}],"collection":[{"href":"https:\/\/plumvillage.org\/fr\/wp-json\/wp\/v2\/pages"}],"about":[{"href":"https:\/\/plumvillage.org\/fr\/wp-json\/wp\/v2\/types\/page"}],"author":[{"embeddable":true,"href":"https:\/\/plumvillage.org\/fr\/wp-json\/wp\/v2\/users\/1088"}],"replies":[{"embeddable":true,"href":"https:\/\/plumvillage.org\/fr\/wp-json\/wp\/v2\/comments?post=140943"}],"version-history":[{"count":4,"href":"https:\/\/plumvillage.org\/fr\/wp-json\/wp\/v2\/pages\/140943\/revisions"}],"predecessor-version":[{"id":608706,"href":"https:\/\/plumvillage.org\/fr\/wp-json\/wp\/v2\/pages\/140943\/revisions\/608706"}],"up":[{"embeddable":true,"href":"https:\/\/plumvillage.org\/fr\/wp-json\/wp\/v2\/pages\/10937"}],"wp:attachment":[{"href":"https:\/\/plumvillage.org\/fr\/wp-json\/wp\/v2\/media?parent=140943"}],"curies":[{"name":"wp","href":"https:\/\/api.w.org\/{rel}","templated":true}]}}