{"id":141033,"date":"2022-03-28T16:30:17","date_gmt":"2022-03-28T14:30:17","guid":{"rendered":"https:\/\/plumvillage.org\/au-sujet\/thich-nhat-hanh\/letters\/"},"modified":"2022-05-06T21:56:52","modified_gmt":"2022-05-06T19:56:52","slug":"lettres","status":"publish","type":"page","link":"https:\/\/plumvillage.org\/fr\/a-propos\/thich-nhat-hanh\/lettres","title":{"rendered":"Lettres de Thich Nhat Hanh"},"content":{"rendered":"\n<div class=\"wp-block-image\"><figure class=\"alignright\"><img loading=\"lazy\" decoding=\"async\" width=\"499\" height=\"372\" src=\"https:\/\/plumvillage.org\/wp-content\/uploads\/2019\/08\/Screenshot-2019-07-31-at-16.28.58-1024x763-499x372.png\" alt=\"\" class=\"wp-image-139243\" srcset=\"https:\/\/plumvillage.org\/wp-content\/uploads\/2019\/08\/Screenshot-2019-07-31-at-16.28.58-1024x763-499x372.png 499w, https:\/\/plumvillage.org\/wp-content\/uploads\/2019\/08\/Screenshot-2019-07-31-at-16.28.58-1024x763-768x572.png 768w, https:\/\/plumvillage.org\/wp-content\/uploads\/2019\/08\/Screenshot-2019-07-31-at-16.28.58-1024x763.png 1024w\" sizes=\"auto, (max-width: 499px) 100vw, 499px\" \/><\/figure><\/div>\n\n\n\n<p class=\"has-large-font-size\">Explorez les lettres ouvertes du Ma\u00eetre Zen sur l&rsquo;\u00e9dification de la communaut\u00e9 et les affaires courantes, dont des messages remarquables sur Martin Luther King Junior ou \u00e0 un jeune homme dans le couloir de la mort aux \u00c9tats-Unis. Ces lettres sont pr\u00e9sent\u00e9es dans l&rsquo;ordre chronologique de leur \u00e9criture.<\/p>\n\n\n\t  <div class=\"filter-block center-without-border\">\n   <h5 class=\"filter-title\">Filtrer par Sujet<\/h5>\n   <div class=\"filter-list\"><a href=\"#filter=*\" class=\"reset-filter selected\" data-filter=\"*\"> Tout Montrer<\/a>,\n     <a href=\"#filter=topics-community-building-fr\" class=\"filter-products trigger-topics-community-building-fr\" data-filter=\".topics-community-building-fr\">Construction de la communaut\u00e9<\/a>, <a href=\"#filter=topics-monastic-life-fr\" class=\"filter-products trigger-topics-monastic-life-fr\" data-filter=\".topics-monastic-life-fr\">Vie monastique<\/a>, <a href=\"#filter=topics-buddhism-fr\" class=\"filter-products trigger-topics-buddhism-fr\" data-filter=\".topics-buddhism-fr\">Bouddhisme<\/a>, <a href=\"#filter=topics-souffrance\" class=\"filter-products trigger-topics-souffrance\" data-filter=\".topics-souffrance\">Souffrance<\/a>, <a href=\"#filter=topics-healing-reconciliation-fr\" class=\"filter-products trigger-topics-healing-reconciliation-fr\" data-filter=\".topics-healing-reconciliation-fr\">Gu\u00e9rison &amp; R\u00e9conciliation<\/a>, <a href=\"#filter=topics-climate-change-fr\" class=\"filter-products trigger-topics-climate-change-fr\" data-filter=\".topics-climate-change-fr\">Changement Climatique<\/a>     <span class=\"toggle-filter-list icon-circle-caret-down\"><\/span>\n   <\/div>\n   <hr>\n <\/div>\t<div class=\"to-left-edge to-right-edge\">\n\t\t<div class=\"row post-overview\">\n\t\t\t\t\t\t\t\t\t\t\t\n<article id=\"post-512413\" class=\"index-item index-letter col-sm-6 col-md-4 col-lg-3 topics-souffrance\">\n\t<header class=\"entry-header\">\n\t\t<div class=\"entry-meta\">\n\t\t\t<span class=\"posted-on\"><a href=\"https:\/\/plumvillage.org\/fr\/about\/thich-nhat-hanh\/letters\/discours-de-thich-nhat-hanh-au-vatican-le-2-decembre-2014\" rel=\"bookmark\"><time class=\"entry-date published updated\" datetime=\"2025-04-20T13:52:24+02:00\">20 avril 2025<\/time><\/a><\/span>\t\t<\/div><!-- .entry-meta -->\n\t\t<h4 class=\"entry-title\"><a href=\"https:\/\/plumvillage.org\/fr\/about\/thich-nhat-hanh\/letters\/discours-de-thich-nhat-hanh-au-vatican-le-2-decembre-2014\" rel=\"bookmark\">Discours de Thich Nhat Hanh au Vatican, le 2 d\u00e9cembre 2014<\/a><\/h4>\t<\/header><!-- .entry-header -->\n\n\t<div class=\"entry-content\">\n\t\t<p>Le 2 d\u00e9cembre 2014, une d\u00e9l\u00e9gation de moines et de nonnes de Plum Village s&rsquo;est rendue au Vatican pour repr\u00e9senter Thich Nhat Hanh lors d&rsquo;un sommet des leaders religieux mondiaux pour mettre fin \u00e0&#8230;<\/p>\n\t<\/div><!-- .entry-content -->\n\t\n<\/article><!-- #post-512413 -->\t\t\t\t\t\t\t\t\t\t\t\n<article id=\"post-149086\" class=\"index-item index-letter col-sm-6 col-md-4 col-lg-3 topics-healing-reconciliation-fr\">\n\t<header class=\"entry-header\">\n\t\t<div class=\"entry-meta\">\n\t\t\t<span class=\"posted-on\"><a href=\"https:\/\/plumvillage.org\/fr\/about\/thich-nhat-hanh\/letters\/lettre-de-thay-aux-descendants-du-temple-racine\" rel=\"bookmark\"><time class=\"entry-date published updated\" datetime=\"2018-11-02T04:20:47+01:00\">2 novembre 2018<\/time><\/a><\/span>\t\t<\/div><!-- .entry-meta -->\n\t\t<h4 class=\"entry-title\"><a href=\"https:\/\/plumvillage.org\/fr\/about\/thich-nhat-hanh\/letters\/lettre-de-thay-aux-descendants-du-temple-racine\" rel=\"bookmark\">Lettre de Th\u1ea7y aux descendants du Temple Racine<\/a><\/h4>\t<\/header><!-- .entry-header -->\n\n\t<div class=\"entry-content\">\n\t\t<p>Cette lettre expose l&rsquo;intention de Thay de retourner au Vietnam pour son dernier chapitre. Bien que Thay ne puisse plus \u00e9crire ou dicter, il a utilis\u00e9 des gestes pour indiquer son intention, et la&#8230;<\/p>\n\t<\/div><!-- .entry-content -->\n\t\t\t<footer class=\"index-footer\">\n\t\t\t<a href=\"https:\/\/plumvillage.org\/fr\/about\/thich-nhat-hanh\/letters\/lettre-de-thay-aux-descendants-du-temple-racine#comments\"><span class=\"icon icon-reply\"><\/span>1 commentaires<\/a>\n\t\t<\/footer>\n\t\n<\/article><!-- #post-149086 -->\t\t\t\t\t\t\t\t\t\t\t\n<article id=\"post-149084\" class=\"index-item index-letter col-sm-6 col-md-4 col-lg-3 topics-climate-change-fr\">\n\t<header class=\"entry-header\">\n\t\t<div class=\"entry-meta\">\n\t\t\t<span class=\"posted-on\"><a href=\"https:\/\/plumvillage.org\/fr\/about\/thich-nhat-hanh\/letters\/declaration-de-thich-nhat-hanh-sur-le-changement-climatique-pour-les-nations-unies\" rel=\"bookmark\"><time class=\"entry-date published updated\" datetime=\"2015-09-30T20:00:00+02:00\">30 septembre 2015<\/time><\/a><\/span>\t\t<\/div><!-- .entry-meta -->\n\t\t<h4 class=\"entry-title\"><a href=\"https:\/\/plumvillage.org\/fr\/about\/thich-nhat-hanh\/letters\/declaration-de-thich-nhat-hanh-sur-le-changement-climatique-pour-les-nations-unies\" rel=\"bookmark\">D\u00e9claration de Thich Nhat Hanh sur le changement climatique pour les Nations Unies<\/a><\/h4>\t<\/header><!-- .entry-header -->\n\n\t<div class=\"entry-content\">\n\t\t<p>En 2014, la Convention-cadre des Nations Unies sur les changements climatiques (CCNUCC) a approch\u00e9 Thich Nhat Hanh en tant que leader religieux international, pour demander une br\u00e8ve d\u00e9claration sur le changement climatique et nos&#8230;<\/p>\n\t<\/div><!-- .entry-content -->\n\t\n<\/article><!-- #post-149084 -->\t\t\t\t\t\t\t\t\t\t\t\n<article id=\"post-153945\" class=\"index-item index-letter col-sm-6 col-md-4 col-lg-3 topics-buddhism-fr topics-community-building-fr topics-monastic-life-fr\">\n\t<header class=\"entry-header\">\n\t\t<div class=\"entry-meta\">\n\t\t\t<span class=\"posted-on\"><a href=\"https:\/\/plumvillage.org\/fr\/about\/thich-nhat-hanh\/letters\/sangha-building-our-noblest-career\" rel=\"bookmark\"><time class=\"entry-date published updated\" datetime=\"2014-10-03T19:48:20+02:00\">3 octobre 2014<\/time><\/a><\/span>\t\t<\/div><!-- .entry-meta -->\n\t\t<h4 class=\"entry-title\"><a href=\"https:\/\/plumvillage.org\/fr\/about\/thich-nhat-hanh\/letters\/sangha-building-our-noblest-career\" rel=\"bookmark\">B\u00e2tir la Sangha : notre plus noble carri\u00e8re<\/a><\/h4>\t<\/header><!-- .entry-header -->\n\n\t<div class=\"entry-content\">\n\t\t<p>Dans cet enseignement donn\u00e9 juste avant son accident vasculaire c\u00e9r\u00e9bral, Thay met l&rsquo;accent sur le fait que la construction de la sangha et nourrir l&rsquo;\u00e9veil collectif sont plus nobles que les \u00e9tudes, les c\u00e9r\u00e9monies,&#8230;<\/p>\n\t<\/div><!-- .entry-content -->\n\t\n<\/article><!-- #post-153945 -->\t\t\t\t\t\t\t\t\t\t\t\n<article id=\"post-149388\" class=\"index-item index-letter col-sm-6 col-md-4 col-lg-3 topics-buddhism-fr\">\n\t<header class=\"entry-header\">\n\t\t<div class=\"entry-meta\">\n\t\t\t<span class=\"posted-on\"><a href=\"https:\/\/plumvillage.org\/fr\/about\/thich-nhat-hanh\/letters\/se-connecter-a-notre-maitre-racine-le-bouddha\" rel=\"bookmark\"><time class=\"entry-date published updated\" datetime=\"2014-09-27T09:00:00+02:00\">27 septembre 2014<\/time><\/a><\/span>\t\t<\/div><!-- .entry-meta -->\n\t\t<h4 class=\"entry-title\"><a href=\"https:\/\/plumvillage.org\/fr\/about\/thich-nhat-hanh\/letters\/se-connecter-a-notre-maitre-racine-le-bouddha\" rel=\"bookmark\">Se connecter \u00e0 notre ma\u00eetre-racine, le Bouddha<\/a><\/h4>\t<\/header><!-- .entry-header -->\n\n\t<div class=\"entry-content\">\n\t\t<p>Th\u1ea7y a \u00e9crit cette lettre \u00e0 tous ses \u00e9l\u00e8ves \u00e0 l&rsquo;automne 2014, alors que sa sant\u00e9 commen\u00e7ait \u00e0 s&rsquo;affaiblir. Bien que Thay n&rsquo;ait plus eu assez de force pour donner des Enseignements du Dharma,&#8230;<\/p>\n\t<\/div><!-- .entry-content -->\n\t\n<\/article><!-- #post-149388 -->\t\t\t\t\t\t\t\t\t\t\t\n<article id=\"post-154800\" class=\"index-item index-letter col-sm-6 col-md-4 col-lg-3 topics-monastic-life-fr\">\n\t<header class=\"entry-header\">\n\t\t<div class=\"entry-meta\">\n\t\t\t<span class=\"posted-on\"><a href=\"https:\/\/plumvillage.org\/fr\/about\/thich-nhat-hanh\/letters\/a-young-monastics-dream\" rel=\"bookmark\"><time class=\"entry-date published updated\" datetime=\"2009-09-01T12:41:15+02:00\">1 septembre 2009<\/time><\/a><\/span>\t\t<\/div><!-- .entry-meta -->\n\t\t<h4 class=\"entry-title\"><a href=\"https:\/\/plumvillage.org\/fr\/about\/thich-nhat-hanh\/letters\/a-young-monastics-dream\" rel=\"bookmark\">Le r\u00eave d&rsquo;un jeune monastique<\/a><\/h4>\t<\/header><!-- .entry-header -->\n\n\t<div class=\"entry-content\">\n\t\t<p>Dans le livre des &lsquo;Chants du Coeur&rsquo; , il y a un chant que j&rsquo;aimais beaucoup quand j&rsquo;\u00e9tais novice.<\/p>\n\t<\/div><!-- .entry-content -->\n\t\n<\/article><!-- #post-154800 -->\t\t\t\t\t\t\t\t\t\t\t\n<article id=\"post-154654\" class=\"index-item index-letter col-sm-6 col-md-4 col-lg-3 topics-community-building-fr\">\n\t<header class=\"entry-header\">\n\t\t<div class=\"entry-meta\">\n\t\t\t<span class=\"posted-on\"><a href=\"https:\/\/plumvillage.org\/fr\/about\/thich-nhat-hanh\/letters\/everyone-can-see-thay-in-the-sangha\" rel=\"bookmark\"><time class=\"entry-date published updated\" datetime=\"2009-08-25T12:09:39+02:00\">25 ao\u00fbt 2009<\/time><\/a><\/span>\t\t<\/div><!-- .entry-meta -->\n\t\t<h4 class=\"entry-title\"><a href=\"https:\/\/plumvillage.org\/fr\/about\/thich-nhat-hanh\/letters\/everyone-can-see-thay-in-the-sangha\" rel=\"bookmark\">Voir Th\u1ea7y dans la Sangha<\/a><\/h4>\t<\/header><!-- .entry-header -->\n\n\t<div class=\"entry-content\">\n\t\t<p>Aux amis et pratiquants de la retraite \u201cUn Bouddha ne suffit pas\u201d Cher.es ami.es, Encore une fois, Th\u1ea7y vous \u00e9crit depuis l&rsquo;h\u00f4pital g\u00e9n\u00e9ral du Massachusetts. Le traitement se d\u00e9roule bien et, au terme de&#8230;<\/p>\n\t<\/div><!-- .entry-content -->\n\t\n<\/article><!-- #post-154654 -->\t\t\t\t\t\t\t\t\t\t\t\n<article id=\"post-154651\" class=\"index-item index-letter col-sm-6 col-md-4 col-lg-3 topics-community-building-fr\">\n\t<header class=\"entry-header\">\n\t\t<div class=\"entry-meta\">\n\t\t\t<span class=\"posted-on\"><a href=\"https:\/\/plumvillage.org\/fr\/about\/thich-nhat-hanh\/letters\/thay-misses-the-sangha\" rel=\"bookmark\"><time class=\"entry-date published updated\" datetime=\"2009-08-21T12:02:32+02:00\">21 ao\u00fbt 2009<\/time><\/a><\/span>\t\t<\/div><!-- .entry-meta -->\n\t\t<h4 class=\"entry-title\"><a href=\"https:\/\/plumvillage.org\/fr\/about\/thich-nhat-hanh\/letters\/thay-misses-the-sangha\" rel=\"bookmark\">La Sangha manque \u00e0 Th\u1ea7y<\/a><\/h4>\t<\/header><!-- .entry-header -->\n\n\t<div class=\"entry-content\">\n\t\t<p>Chers amis et pratiquants pr\u00e9sents \u00e0 la retraite \u201cUn bouddha ne suffit pas\u201d, (Estes Park, Colorado). Mes chers amis, Je vous \u00e9cris depuis l&rsquo;h\u00f4pital g\u00e9n\u00e9ral du Massachusetts \u00e0 Boston. Je sais que la Sangha&#8230;<\/p>\n\t<\/div><!-- .entry-content -->\n\t\n<\/article><!-- #post-154651 -->\t\t\t\t\t\t\t\t\t\t\t\n<article id=\"post-154659\" class=\"index-item index-letter col-sm-6 col-md-4 col-lg-3 topics-monastic-life-fr\">\n\t<header class=\"entry-header\">\n\t\t<div class=\"entry-meta\">\n\t\t\t<span class=\"posted-on\"><a href=\"https:\/\/plumvillage.org\/fr\/about\/thich-nhat-hanh\/letters\/the-mountain-rock-cliff-robe\" rel=\"bookmark\"><time class=\"entry-date published updated\" datetime=\"2009-08-13T16:23:56+02:00\">13 ao\u00fbt 2009<\/time><\/a><\/span>\t\t<\/div><!-- .entry-meta -->\n\t\t<h4 class=\"entry-title\"><a href=\"https:\/\/plumvillage.org\/fr\/about\/thich-nhat-hanh\/letters\/the-mountain-rock-cliff-robe\" rel=\"bookmark\">La Robe de la falaise de la montagne<\/a><\/h4>\t<\/header><!-- .entry-header -->\n\n\t<div class=\"entry-content\">\n\t\t<p>Institut Europ\u00e9en de Bouddhisme Appliqu\u00e9Waldbroel, Allemagne2009 La nuit derni\u00e8re, alors qu&rsquo;il dormait ici, Th\u1ea7y a fait un r\u00eave. Il a vu qu&rsquo;il escaladait une montagne avec le Bouddha et avec le petit H\u1ea3i Tri\u1ec1u&#8230;<\/p>\n\t<\/div><!-- .entry-content -->\n\t\n<\/article><!-- #post-154659 -->\t\t\t\t\t\t\t\t\t\t\t\n<article id=\"post-149575\" class=\"index-item index-letter col-sm-6 col-md-4 col-lg-3 \">\n\t<header class=\"entry-header\">\n\t\t<div class=\"entry-meta\">\n\t\t\t<span class=\"posted-on\"><a href=\"https:\/\/plumvillage.org\/fr\/about\/thich-nhat-hanh\/letters\/lettre-a-un-prisonnier\" rel=\"bookmark\"><time class=\"entry-date published updated\" datetime=\"2008-09-19T08:41:00+02:00\">19 septembre 2008<\/time><\/a><\/span>\t\t<\/div><!-- .entry-meta -->\n\t\t<h4 class=\"entry-title\"><a href=\"https:\/\/plumvillage.org\/fr\/about\/thich-nhat-hanh\/letters\/lettre-a-un-prisonnier\" rel=\"bookmark\">Lettre \u00e0 un prisonnier<\/a><\/h4>\t<\/header><!-- .entry-header -->\n\n\t<div class=\"entry-content\">\n\t\t<p>Village des Pruniers, 19 Septembre 2008 Cher Tommy, J&rsquo;aime votre \u00e9criture. C&rsquo;est tellement beau. Je vous sugg\u00e8re de vous asseoir tous les jours et d&rsquo;\u00e9crire consciemment sur votre exp\u00e9rience de la pratique de la&#8230;<\/p>\n\t<\/div><!-- .entry-content -->\n\t\t\t<footer class=\"index-footer\">\n\t\t\t<a href=\"https:\/\/plumvillage.org\/fr\/about\/thich-nhat-hanh\/letters\/lettre-a-un-prisonnier#comments\"><span class=\"icon icon-reply\"><\/span>1 commentaires<\/a>\n\t\t<\/footer>\n\t\n<\/article><!-- #post-149575 -->\t\t\t\t\t\t\t\t\t\t\t\n<article id=\"post-200087\" class=\"index-item index-letter col-sm-6 col-md-4 col-lg-3 \">\n\t<header class=\"entry-header\">\n\t\t<div class=\"entry-meta\">\n\t\t\t<span class=\"posted-on\"><a href=\"https:\/\/plumvillage.org\/fr\/about\/thich-nhat-hanh\/letters\/the-menton-statement-a-message-to-our-3-5-billion-neighbours-on-planet-earth\" rel=\"bookmark\"><time class=\"entry-date published updated\" datetime=\"1971-05-11T09:00:00+01:00\">11 mai 1971<\/time><\/a><\/span>\t\t<\/div><!-- .entry-meta -->\n\t\t<h4 class=\"entry-title\"><a href=\"https:\/\/plumvillage.org\/fr\/about\/thich-nhat-hanh\/letters\/the-menton-statement-a-message-to-our-3-5-billion-neighbours-on-planet-earth\" rel=\"bookmark\">\u201c Message \u00e0 3 milliards et demi de terriens \u201d<\/a><\/h4>\t<\/header><!-- .entry-header -->\n\n\t<div class=\"entry-content\">\n\t\t<p>En 1970, avec Alfred Hassler (du Mouvement International de la R\u00e9conciliation) et d\u2019autres intellectuels et scientifiques reconnus, Thich Nhat Hanh et S\u0153ur Chan Khong ont aid\u00e9 \u00e0 organiser la premi\u00e8re conf\u00e9rence europ\u00e9enne sur l\u2019environnement,&#8230;<\/p>\n\t<\/div><!-- .entry-content -->\n\t\n<\/article><!-- #post-200087 -->\t\t\t\t\t\t\t\t\t\t\t\n<article id=\"post-149082\" class=\"index-item index-letter col-sm-6 col-md-4 col-lg-3 \">\n\t<header class=\"entry-header\">\n\t\t<div class=\"entry-meta\">\n\t\t\t<span class=\"posted-on\"><a href=\"https:\/\/plumvillage.org\/fr\/about\/thich-nhat-hanh\/letters\/letter-after-hearing-of-dr-martin-luther-king-jr-s-assassination\" rel=\"bookmark\"><time class=\"entry-date published updated\" datetime=\"1968-05-04T17:00:00+01:00\">4 mai 1968<\/time><\/a><\/span>\t\t<\/div><!-- .entry-meta -->\n\t\t<h4 class=\"entry-title\"><a href=\"https:\/\/plumvillage.org\/fr\/about\/thich-nhat-hanh\/letters\/letter-after-hearing-of-dr-martin-luther-king-jr-s-assassination\" rel=\"bookmark\">Lettre \u00e9crite apr\u00e8s avoir appris l&rsquo;assassinat de Martin Luther King<\/a><\/h4>\t<\/header><!-- .entry-header -->\n\n\t<div class=\"entry-content\">\n\t\t<p>Thich Nhat Hanh a envoy\u00e9 cette lettre \u00e0 son ami Ray Gould le matin suivant la nouvelle de l&rsquo;assassinat de leur ami. Ray \u00e9tait l&rsquo;un des directeurs du Fellowship of Reconciliation (FOR) et du&#8230;<\/p>\n\t<\/div><!-- .entry-content -->\n\t\n<\/article><!-- #post-149082 -->\t\t\t\t\t\t\t\t\t\t\t\n<article id=\"post-225238\" class=\"index-item index-letter col-sm-6 col-md-4 col-lg-3 \">\n\t<header class=\"entry-header\">\n\t\t<div class=\"entry-meta\">\n\t\t\t<span class=\"posted-on\"><a href=\"https:\/\/plumvillage.org\/fr\/about\/thich-nhat-hanh\/letters\/a-la-recherche-de-lennemi-de-lhomme\" rel=\"bookmark\"><time class=\"entry-date published updated\" datetime=\"1965-06-01T08:55:00+01:00\">1 juin 1965<\/time><\/a><\/span>\t\t<\/div><!-- .entry-meta -->\n\t\t<h4 class=\"entry-title\"><a href=\"https:\/\/plumvillage.org\/fr\/about\/thich-nhat-hanh\/letters\/a-la-recherche-de-lennemi-de-lhomme\" rel=\"bookmark\">\u00c0 la recherche de l&rsquo;ennemi de l&rsquo;homme<\/a><\/h4>\t<\/header><!-- .entry-header -->\n\n\t<div class=\"entry-content\">\n\t\t<p>Lettre adress\u00e9e le 1er juin 1965 au r\u00e9v\u00e9rend Martin Luther King par Thich Nhat Hanh. Il s&rsquo;agissait de leur tout premier contact&nbsp;; c&rsquo;est un an plus tard qu&rsquo;ils se rencontr\u00e8rent pour la premi\u00e8re fois,&#8230;<\/p>\n\t<\/div><!-- .entry-content -->\n\t\n<\/article><!-- #post-225238 -->\t\t\t\t\t<\/div>\n\t<\/div>\n\n","protected":false},"excerpt":{"rendered":"<p>Explorez les lettres ouvertes du Ma\u00eetre Zen sur l&rsquo;\u00e9dification de la communaut\u00e9 et les affaires courantes, dont des messages remarquables sur Martin Luther King Junior ou \u00e0 un jeune homme dans le couloir de la mort aux \u00c9tats-Unis. Ces lettres sont pr\u00e9sent\u00e9es dans l&rsquo;ordre chronologique de leur \u00e9criture.<\/p>\n","protected":false},"author":9,"featured_media":0,"parent":140832,"menu_order":0,"comment_status":"closed","ping_status":"closed","template":"","meta":{"_acf_changed":false,"sync_status":"","episode_type":"","audio_file":"","castos_file_data":"","podmotor_file_id":"","cover_image":"","cover_image_id":"","duration":"","filesize":"","filesize_raw":"","date_recorded":"","explicit":"","block":"","itunes_episode_number":"","itunes_title":"","itunes_season_number":"","itunes_episode_type":"","ep_exclude_from_search":false,"footnotes":""},"class_list":["post-141033","page","type-page","status-publish","hentry"],"acf":[],"_links":{"self":[{"href":"https:\/\/plumvillage.org\/fr\/wp-json\/wp\/v2\/pages\/141033","targetHints":{"allow":["GET"]}}],"collection":[{"href":"https:\/\/plumvillage.org\/fr\/wp-json\/wp\/v2\/pages"}],"about":[{"href":"https:\/\/plumvillage.org\/fr\/wp-json\/wp\/v2\/types\/page"}],"author":[{"embeddable":true,"href":"https:\/\/plumvillage.org\/fr\/wp-json\/wp\/v2\/users\/9"}],"replies":[{"embeddable":true,"href":"https:\/\/plumvillage.org\/fr\/wp-json\/wp\/v2\/comments?post=141033"}],"version-history":[{"count":0,"href":"https:\/\/plumvillage.org\/fr\/wp-json\/wp\/v2\/pages\/141033\/revisions"}],"up":[{"embeddable":true,"href":"https:\/\/plumvillage.org\/fr\/wp-json\/wp\/v2\/pages\/140832"}],"wp:attachment":[{"href":"https:\/\/plumvillage.org\/fr\/wp-json\/wp\/v2\/media?parent=141033"}],"curies":[{"name":"wp","href":"https:\/\/api.w.org\/{rel}","templated":true}]}}