{"id":193316,"date":"2021-03-08T15:17:50","date_gmt":"2021-03-08T14:17:50","guid":{"rendered":"https:\/\/plumvillage.org\/?page_id=193316"},"modified":"2022-05-07T02:46:32","modified_gmt":"2022-05-07T00:46:32","slug":"malheureusement-quelque-chose-sest-mal-passe","status":"publish","type":"page","link":"https:\/\/plumvillage.org\/fr\/contact\/malheureusement-quelque-chose-sest-mal-passe","title":{"rendered":"Malheureusement, quelque chose s&rsquo;est mal pass\u00e9 &#8230;"},"content":{"rendered":"\n<p>Pouvez-vous r\u00e9essayer? Si le probl\u00e8me persiste, <a href=\"https:\/\/plumvillage.org\/fr\/contact\/\">contactez-nous<\/a>!<\/p>\n\n\n\n<!-- Begin Mailchimp Signup Form -->\n<div id=\"mc_embed_signup\">\n  <form action=\"https:\/\/thichnhathanhfoundation.us9.list-manage.com\/subscribe\/post?u=5e570933565480d3f893196b8&amp;id=f9c45f7ef1&amp;f_id=00ebc2e1f0\" method=\"post\" id=\"mc-embedded-subscribe-form\" name=\"mc-embedded-subscribe-form\" class=\"validate\" target=\"_blank\" novalidate>\n    <div id=\"mc_embed_signup_scroll\">\n      <div class=\"row mb-2 g-2\">\n        <div class=\"col\">\n          <div class=\"mc-field-group form-floating\">\n            <input type=\"text\" value=\"\" name=\"FNAME\" class=\"required form-control\" id=\"mce-FNAME\" required placeholder=\"Pr\u00e9nom\">\n            <label for=\"mce-FNAME\">Pr\u00e9nom<\/label>\n            <span id=\"mce-FNAME-HELPERTEXT\" class=\"helper_text\"><\/span>\n          <\/div>\n        <\/div>\n        <div class=\"col\">\n          <div class=\"mc-field-group form-floating\">\n            <input type=\"text\" value=\"\" name=\"LNAME\" class=\"required form-control\" id=\"mce-LNAME\" required placeholder=\"Nom de Famille\">\n            <label for=\"mce-LNAME\">Nom de Famille<\/label>\n            <span id=\"mce-LNAME-HELPERTEXT\" class=\"helper_text\"><\/span>\n          <\/div>\n        <\/div>\n      <\/div>\n      <div class=\"mc-field-group form-floating mb-2\">\n        <input type=\"email\" value=\"\" name=\"EMAIL\" class=\"required email form-control\" id=\"mce-EMAIL\" required placeholder=\"E-mail\">\n        <label for=\"mce-EMAIL\">E-mail<\/label>\n        <span id=\"mce-EMAIL-HELPERTEXT\" class=\"helper_text\"><\/span>\n      <\/div>\n      <div class=\"row mb-2 g-2\">\n        <div class=\"col-sm-8\">\n          <div class=\"mc-field-group form-floating\">\n            <select name=\"DONOTUSE\" class=\"required form-control\" id=\"mce-DONOTUSE\" required>\n              <option value=\"\">S\u00e9lectionnez votre pays<\/option>\n              <option value=\"Aaland Islands\">Aaland Islands<\/option>\n              <option value=\"Afghanistan\">Afghanistan<\/option>\n              <option value=\"Albania\">Albania<\/option>\n              <option value=\"Algeria\">Algeria<\/option>\n              <option value=\"American Samoa\">American Samoa<\/option>\n              <option value=\"Andorra\">Andorra<\/option>\n              <option value=\"Angola\">Angola<\/option>\n              <option value=\"Anguilla\">Anguilla<\/option>\n              <option value=\"Antarctica\">Antarctica<\/option>\n              <option value=\"Antigua And Barbuda\">Antigua And Barbuda<\/option>\n              <option value=\"Argentina\">Argentina<\/option>\n              <option value=\"Armenia\">Armenia<\/option>\n              <option value=\"Aruba\">Aruba<\/option>\n              <option value=\"Australia\">Australia<\/option>\n              <option value=\"Austria\">Austria<\/option>\n              <option value=\"Azerbaijan\">Azerbaijan<\/option>\n              <option value=\"Bahamas\">Bahamas<\/option>\n              <option value=\"Bahrain\">Bahrain<\/option>\n              <option value=\"Bangladesh\">Bangladesh<\/option>\n              <option value=\"Barbados\">Barbados<\/option>\n              <option value=\"Belarus\">Belarus<\/option>\n              <option value=\"Belgium\">Belgium<\/option>\n              <option value=\"Belize\">Belize<\/option>\n              <option value=\"Benin\">Benin<\/option>\n              <option value=\"Bermuda\">Bermuda<\/option>\n              <option value=\"Bhutan\">Bhutan<\/option>\n              <option value=\"Bolivia\">Bolivia<\/option>\n              <option value=\"Bonaire, Saint Eustatius and Saba\">Bonaire, Saint Eustatius and Saba<\/option>\n              <option value=\"Bosnia and Herzegovina\">Bosnia and Herzegovina<\/option>\n              <option value=\"Botswana\">Botswana<\/option>\n              <option value=\"Bouvet Island\">Bouvet Island<\/option>\n              <option value=\"Brazil\">Brazil<\/option>\n              <option value=\"British Indian Ocean Territory\">British Indian Ocean Territory<\/option>\n              <option value=\"Brunei Darussalam\">Brunei Darussalam<\/option>\n              <option value=\"Bulgaria\">Bulgaria<\/option>\n              <option value=\"Burkina Faso\">Burkina Faso<\/option>\n              <option value=\"Burundi\">Burundi<\/option>\n              <option value=\"Cambodia\">Cambodia<\/option>\n              <option value=\"Cameroon\">Cameroon<\/option>\n              <option value=\"Canada\">Canada<\/option>\n              <option value=\"Cape Verde\">Cape Verde<\/option>\n              <option value=\"Cayman Islands\">Cayman Islands<\/option>\n              <option value=\"Central African Republic\">Central African Republic<\/option>\n              <option value=\"Chad\">Chad<\/option>\n              <option value=\"Chile\">Chile<\/option>\n              <option value=\"China\">China<\/option>\n              <option value=\"Christmas Island\">Christmas Island<\/option>\n              <option value=\"Cocos (Keeling) Islands\">Cocos (Keeling) Islands<\/option>\n              <option value=\"Colombia\">Colombia<\/option>\n              <option value=\"Comoros\">Comoros<\/option>\n              <option value=\"Congo\">Congo<\/option>\n              <option value=\"Cook Islands\">Cook Islands<\/option>\n              <option value=\"Costa Rica\">Costa Rica<\/option>\n              <option value=\"Cote D'Ivoire\">Cote D&rsquo;Ivoire<\/option>\n              <option value=\"Croatia\">Croatia<\/option>\n              <option value=\"Cuba\">Cuba<\/option>\n              <option value=\"Curacao\">Curacao<\/option>\n              <option value=\"Cyprus\">Cyprus<\/option>\n              <option value=\"Czech Republic\">Czech Republic<\/option>\n              <option value=\"Democratic Republic of the Congo\">Democratic Republic of the Congo<\/option>\n              <option value=\"Denmark\">Denmark<\/option>\n              <option value=\"Djibouti\">Djibouti<\/option>\n              <option value=\"Dominica\">Dominica<\/option>\n              <option value=\"Dominican Republic\">Dominican Republic<\/option>\n              <option value=\"Ecuador\">Ecuador<\/option>\n              <option value=\"Egypt\">Egypt<\/option>\n              <option value=\"El Salvador\">El Salvador<\/option>\n              <option value=\"Equatorial Guinea\">Equatorial Guinea<\/option>\n              <option value=\"Eritrea\">Eritrea<\/option>\n              <option value=\"Estonia\">Estonia<\/option>\n              <option value=\"Ethiopia\">Ethiopia<\/option>\n              <option value=\"Falkland Islands\">Falkland Islands<\/option>\n              <option value=\"Faroe Islands\">Faroe Islands<\/option>\n              <option value=\"Fiji\">Fiji<\/option>\n              <option value=\"Finland\">Finland<\/option>\n              <option value=\"France\">France<\/option>\n              <option value=\"French Guiana\">French Guiana<\/option>\n              <option value=\"French Polynesia\">French Polynesia<\/option>\n              <option value=\"French Southern Territories\">French Southern Territories<\/option>\n              <option value=\"Gabon\">Gabon<\/option>\n              <option value=\"Gambia\">Gambia<\/option>\n              <option value=\"Georgia\">Georgia<\/option>\n              <option value=\"Germany\">Germany<\/option>\n              <option value=\"Ghana\">Ghana<\/option>\n              <option value=\"Gibraltar\">Gibraltar<\/option>\n              <option value=\"Greece\">Greece<\/option>\n              <option value=\"Greenland\">Greenland<\/option>\n              <option value=\"Grenada\">Grenada<\/option>\n              <option value=\"Guadeloupe\">Guadeloupe<\/option>\n              <option value=\"Guam\">Guam<\/option>\n              <option value=\"Guatemala\">Guatemala<\/option>\n              <option value=\"Guernsey\">Guernsey<\/option>\n              <option value=\"Guinea\">Guinea<\/option>\n              <option value=\"Guinea-Bissau\">Guinea-Bissau<\/option>\n              <option value=\"Guyana\">Guyana<\/option>\n              <option value=\"Haiti\">Haiti<\/option>\n              <option value=\"Heard and Mc Donald Islands\">Heard and Mc Donald Islands<\/option>\n              <option value=\"Honduras\">Honduras<\/option>\n              <option value=\"Hong Kong\">Hong Kong<\/option>\n              <option value=\"Hungary\">Hungary<\/option>\n              <option value=\"Iceland\">Iceland<\/option>\n              <option value=\"India\">India<\/option>\n              <option value=\"Indonesia\">Indonesia<\/option>\n              <option value=\"Iran\">Iran<\/option>\n              <option value=\"Iraq\">Iraq<\/option>\n              <option value=\"Ireland\">Ireland<\/option>\n              <option value=\"Isle of Man\">Isle of Man<\/option>\n              <option value=\"Israel\">Israel<\/option>\n              <option value=\"Italy\">Italy<\/option>\n              <option value=\"Jamaica\">Jamaica<\/option>\n              <option value=\"Japan\">Japan<\/option>\n              <option value=\"Jersey (Channel Islands)\">Jersey (Channel Islands)<\/option>\n              <option value=\"Jordan\">Jordan<\/option>\n              <option value=\"Kazakhstan\">Kazakhstan<\/option>\n              <option value=\"Kenya\">Kenya<\/option>\n              <option value=\"Kiribati\">Kiribati<\/option>\n              <option value=\"Kuwait\">Kuwait<\/option>\n              <option value=\"Kyrgyzstan\">Kyrgyzstan<\/option>\n              <option value=\"Lao People's Democratic Republic\">Lao People&rsquo;s Democratic Republic<\/option>\n              <option value=\"Latvia\">Latvia<\/option>\n              <option value=\"Lebanon\">Lebanon<\/option>\n              <option value=\"Lesotho\">Lesotho<\/option>\n              <option value=\"Liberia\">Liberia<\/option>\n              <option value=\"Libya\">Libya<\/option>\n              <option value=\"Liechtenstein\">Liechtenstein<\/option>\n              <option value=\"Lithuania\">Lithuania<\/option>\n              <option value=\"Luxembourg\">Luxembourg<\/option>\n              <option value=\"Macau\">Macau<\/option>\n              <option value=\"Macedonia\">Macedonia<\/option>\n              <option value=\"Madagascar\">Madagascar<\/option>\n              <option value=\"Malawi\">Malawi<\/option>\n              <option value=\"Malaysia\">Malaysia<\/option>\n              <option value=\"Maldives\">Maldives<\/option>\n              <option value=\"Mali\">Mali<\/option>\n              <option value=\"Malta\">Malta<\/option>\n              <option value=\"Marshall Islands\">Marshall Islands<\/option>\n              <option value=\"Martinique\">Martinique<\/option>\n              <option value=\"Mauritania\">Mauritania<\/option>\n              <option value=\"Mauritius\">Mauritius<\/option>\n              <option value=\"Mayotte\">Mayotte<\/option>\n              <option value=\"Mexico\">Mexico<\/option>\n              <option value=\"Micronesia, Federated States of\">Micronesia, Federated States of<\/option>\n              <option value=\"Moldova, Republic of\">Moldova, Republic of<\/option>\n              <option value=\"Monaco\">Monaco<\/option>\n              <option value=\"Mongolia\">Mongolia<\/option>\n              <option value=\"Montenegro\">Montenegro<\/option>\n              <option value=\"Montserrat\">Montserrat<\/option>\n              <option value=\"Morocco\">Morocco<\/option>\n              <option value=\"Mozambique\">Mozambique<\/option>\n              <option value=\"Myanmar\">Myanmar<\/option>\n              <option value=\"Namibia\">Namibia<\/option>\n              <option value=\"Nauru\">Nauru<\/option>\n              <option value=\"Nepal\">Nepal<\/option>\n              <option value=\"Netherlands\">Netherlands<\/option>\n              <option value=\"Netherlands Antilles\">Netherlands Antilles<\/option>\n              <option value=\"New Caledonia\">New Caledonia<\/option>\n              <option value=\"New Zealand\">New Zealand<\/option>\n              <option value=\"Nicaragua\">Nicaragua<\/option>\n              <option value=\"Niger\">Niger<\/option>\n              <option value=\"Nigeria\">Nigeria<\/option>\n              <option value=\"Niue\">Niue<\/option>\n              <option value=\"Norfolk Island\">Norfolk Island<\/option>\n              <option value=\"North Korea\">North Korea<\/option>\n              <option value=\"Northern Mariana Islands\">Northern Mariana Islands<\/option>\n              <option value=\"Norway\">Norway<\/option>\n              <option value=\"Oman\">Oman<\/option>\n              <option value=\"Pakistan\">Pakistan<\/option>\n              <option value=\"Palau\">Palau<\/option>\n              <option value=\"Palestine\">Palestine<\/option>\n              <option value=\"Panama\">Panama<\/option>\n              <option value=\"Papua New Guinea\">Papua New Guinea<\/option>\n              <option value=\"Paraguay\">Paraguay<\/option>\n              <option value=\"Peru\">Peru<\/option>\n              <option value=\"Philippines\">Philippines<\/option>\n              <option value=\"Pitcairn\">Pitcairn<\/option>\n              <option value=\"Poland\">Poland<\/option>\n              <option value=\"Portugal\">Portugal<\/option>\n              <option value=\"Puerto Rico\">Puerto Rico<\/option>\n              <option value=\"Qatar\">Qatar<\/option>\n              <option value=\"Republic of Kosovo\">Republic of Kosovo<\/option>\n              <option value=\"Reunion\">Reunion<\/option>\n              <option value=\"Romania\">Romania<\/option>\n              <option value=\"Russia\">Russia<\/option>\n              <option value=\"Rwanda\">Rwanda<\/option>\n              <option value=\"Saint Kitts and Nevis\">Saint Kitts and Nevis<\/option>\n              <option value=\"Saint Lucia\">Saint Lucia<\/option>\n              <option value=\"Saint Martin\">Saint Martin<\/option>\n              <option value=\"Saint Vincent and the Grenadines\">Saint Vincent and the Grenadines<\/option>\n              <option value=\"Samoa (Independent)\">Samoa (Independent)<\/option>\n              <option value=\"San Marino\">San Marino<\/option>\n              <option value=\"Sao Tome and Principe\">Sao Tome and Principe<\/option>\n              <option value=\"Saudi Arabia\">Saudi Arabia<\/option>\n              <option value=\"Senegal\">Senegal<\/option>\n              <option value=\"Serbia\">Serbia<\/option>\n              <option value=\"Seychelles\">Seychelles<\/option>\n              <option value=\"Sierra Leone\">Sierra Leone<\/option>\n              <option value=\"Singapore\">Singapore<\/option>\n              <option value=\"Sint Maarten\">Sint Maarten<\/option>\n              <option value=\"Slovakia\">Slovakia<\/option>\n              <option value=\"Slovenia\">Slovenia<\/option>\n              <option value=\"Solomon Islands\">Solomon Islands<\/option>\n              <option value=\"Somalia\">Somalia<\/option>\n              <option value=\"South Africa\">South Africa<\/option>\n              <option value=\"South Georgia and the South Sandwich Islands\">South Georgia and the South Sandwich Islands<\/option>\n              <option value=\"South Korea\">South Korea<\/option>\n              <option value=\"South Sudan\">South Sudan<\/option>\n              <option value=\"Spain\">Spain<\/option>\n              <option value=\"Sri Lanka\">Sri Lanka<\/option>\n              <option value=\"St. Helena\">St. Helena<\/option>\n              <option value=\"St. Pierre and Miquelon\">St. Pierre and Miquelon<\/option>\n              <option value=\"Sudan\">Sudan<\/option>\n              <option value=\"Suriname\">Suriname<\/option>\n              <option value=\"Svalbard and Jan Mayen Islands\">Svalbard and Jan Mayen Islands<\/option>\n              <option value=\"Swaziland\">Swaziland<\/option>\n              <option value=\"Sweden\">Sweden<\/option>\n              <option value=\"Switzerland\">Switzerland<\/option>\n              <option value=\"Syria\">Syria<\/option>\n              <option value=\"Taiwan\">Taiwan<\/option>\n              <option value=\"Tajikistan\">Tajikistan<\/option>\n              <option value=\"Tanzania\">Tanzania<\/option>\n              <option value=\"Thailand\">Thailand<\/option>\n              <option value=\"Timor-Leste\">Timor-Leste<\/option>\n              <option value=\"Togo\">Togo<\/option>\n              <option value=\"Tokelau\">Tokelau<\/option>\n              <option value=\"Tonga\">Tonga<\/option>\n              <option value=\"Trinidad and Tobago\">Trinidad and Tobago<\/option>\n              <option value=\"Tunisia\">Tunisia<\/option>\n              <option value=\"Turkey\">Turkey<\/option>\n              <option value=\"Turkmenistan\">Turkmenistan<\/option>\n              <option value=\"Turks &amp; Caicos Islands\">Turks &amp; Caicos Islands<\/option>\n              <option value=\"Turks and Caicos Islands\">Turks and Caicos Islands<\/option>\n              <option value=\"Tuvalu\">Tuvalu<\/option>\n              <option value=\"Uganda\">Uganda<\/option>\n              <option value=\"Ukraine\">Ukraine<\/option>\n              <option value=\"United Arab Emirates\">United Arab Emirates<\/option>\n              <option value=\"United Kingdom\">United Kingdom<\/option>\n              <option value=\"United States of America\">United States of America<\/option>\n              <option value=\"Uruguay\">Uruguay<\/option>\n              <option value=\"USA Minor Outlying Islands\">USA Minor Outlying Islands<\/option>\n              <option value=\"Uzbekistan\">Uzbekistan<\/option>\n              <option value=\"Vanuatu\">Vanuatu<\/option>\n              <option value=\"Vatican City State (Holy See)\">Vatican City State (Holy See)<\/option>\n              <option value=\"Venezuela\">Venezuela<\/option>\n              <option value=\"Vietnam\">Vietnam<\/option>\n              <option value=\"Virgin Islands (British)\">Virgin Islands (British)<\/option>\n              <option value=\"Virgin Islands (U.S.)\">Virgin Islands (U.S.)<\/option>\n              <option value=\"Wallis and Futuna Islands\">Wallis and Futuna Islands<\/option>\n              <option value=\"Western Sahara\">Western Sahara<\/option>\n              <option value=\"Yemen\">Yemen<\/option>\n              <option value=\"Zambia\">Zambia<\/option>\n              <option value=\"Zimbabwe\">Zimbabwe<\/option>\n            <\/select>\n            <label for=\"mce-DONOTUSE\">Pays de R\u00e9sidence<\/label>\n            <span id=\"mce-DONOTUSE-HELPERTEXT\" class=\"helper_text\"><\/span>\n          <\/div>\n        <\/div>\n        <div class=\"col-sm-4\">\n          <div class=\"mc-field-group input-group\" style=\"display:none\">\n            <strong>Email Communications <\/strong>\n            <ul>\n              <li>\n                <input type=\"checkbox\" value=\"1\" name=\"group[48][1]\" id=\"mce-group[48]-48-0\" >\n                <label for=\"mce-group[48]-48-0\">The Raft<\/label>\n              <\/li>\n              <li>\n                <input type=\"checkbox\" value=\"512\" name=\"group[48][512]\" id=\"mce-group[48]-48-1\" checked>\n                <label for=\"mce-group[48]-48-1\">L&rsquo;\u00cele\u202fInt\u00e9rieure<\/label>\n              <\/li>\n              <li>\n                <input type=\"checkbox\" value=\"4\" name=\"group[48][4]\" id=\"mce-group[48]-48-2\" >\n                <label for=\"mce-group[48]-48-2\">Retreats\/Events (Americas)<\/label>\n              <\/li>\n              <li>\n                <input type=\"checkbox\" value=\"16\" name=\"group[48][16]\" id=\"mce-group[48]-48-3\" >\n                <label for=\"mce-group[48]-48-3\">Retreats\/Events (Asia and Australia)<\/label>\n              <\/li>\n              <li>\n                <input type=\"checkbox\" value=\"2\" name=\"group[48][2]\" id=\"mce-group[48]-48-4\" >\n                <label for=\"mce-group[48]-48-4\">Retreats\/Events (Europe and Africa)<\/label>\n              <\/li>\n            <\/ul>\n            <span id=\"mce-group[48]-HELPERTEXT\" class=\"helper_text\"><\/span>\n          <\/div>\n          <div hidden=\"true\"><input type=\"hidden\" name=\"tags\" value=\"45052\"><\/div>\n\n          <!-- real people should not fill this in and expect good things - do not remove this or risk form bot signups-->\n          <div style=\"position: absolute; left: -5000px;\" aria-hidden=\"true\"><input type=\"text\" name=\"b_5e570933565480d3f893196b8_f9c45f7ef1\" tabindex=\"-1\" value=\"\"><\/div>\n          <input type=\"submit\" value=\"S'abonner\" name=\"subscribe\" id=\"mc-embedded-subscribe\" class=\"btn btn-primary btn-block ps-0 pe-0\">\n        <\/div>\n      <\/div>\n    <\/div>\n    <div id=\"mce-responses\" class=\"clear\">\n      <div class=\"response mt-3 mb-2\" id=\"mce-error-response\" style=\"display:none\"><\/div>\n      <div class=\"response mt-3 mb-2\" id=\"mce-success-response\" style=\"display:none\"><\/div>\n    <\/div>\n    <p class=\"smaller has-grey-color\">En cliquant sur \u201cS&rsquo;abonner\u201d, vous acceptez que la Communaut\u00e9 internationale du Village des Pruniers vous envoie des nouvelles, des informations sur les retraites et des offres sp\u00e9ciales pour soutenir votre pratique. Vous comprenez et acceptez que la Communaut\u00e9 internationale du Village des Pruniers, ses filiales et ses fournisseurs de services puissent utiliser vos informations conform\u00e9ment \u00e0 notre <a href=\"https:\/\/thichnhathanhfoundation.org\/privacy-policy\">politique de confidentialit\u00e9<\/a>. Vous pouvez vous d\u00e9sabonner et mettre \u00e0 jour vos pr\u00e9f\u00e9rences \u00e0 tout moment. <\/p>\n  <\/form>\n<\/div>\n<script type='text\/javascript' src='\/\/s3.amazonaws.com\/downloads.mailchimp.com\/js\/mc-validate.js'><\/script>\n<script type='text\/javascript'>\n  (function($) {\n    window.fnames = new Array();\n    window.ftypes = new Array();\n    fnames[0] = 'EMAIL';\n    ftypes[0] = 'email';\n    fnames[1] = 'FNAME';\n    ftypes[1] = 'text';\n    fnames[2] = 'LNAME';\n    ftypes[2] = 'text';\n    fnames[5] = 'LANG1';\n    ftypes[5] = 'dropdown';\n    fnames[6] = 'LANG2';\n    ftypes[6] = 'dropdown';\n    fnames[14] = 'MMERGE14';\n    ftypes[14] = 'dropdown';\n    fnames[3] = 'STREET';\n    ftypes[3] = 'text';\n    fnames[11] = 'CITY';\n    ftypes[11] = 'text';\n    fnames[9] = 'STATE';\n    ftypes[9] = 'text';\n    fnames[10] = 'POSTALCODE';\n    ftypes[10] = 'text';\n    fnames[12] = 'COUNTRY';\n    ftypes[12] = 'text';\n    fnames[4] = 'PHONE';\n    ftypes[4] = 'phone';\n    fnames[7] = 'DONOTUSE';\n    ftypes[7] = 'dropdown';\n    fnames[8] = 'SIGNUP';\n    ftypes[8] = 'text';\n    fnames[16] = 'SFCREATED';\n    ftypes[16] = 'date';\n    fnames[17] = 'FORMAL';\n    ftypes[17] = 'text';\n    fnames[18] = 'INFORMAL';\n    ftypes[18] = 'text';\n    fnames[15] = 'SFID';\n    ftypes[15] = 'text';\n  }(jQuery));\n  var $mcj = jQuery.noConflict(true);\n<\/script>\n<!--End mc_embed_signup-->\n\n\n<p><\/p>\n","protected":false},"excerpt":{"rendered":"<p>Pouvez-vous r\u00e9essayer? Si le probl\u00e8me persiste, contactez-nous!<\/p>\n","protected":false},"author":1088,"featured_media":0,"parent":140778,"menu_order":0,"comment_status":"closed","ping_status":"closed","template":"","meta":{"_acf_changed":false,"sync_status":"","episode_type":"","audio_file":"","castos_file_data":"","podmotor_file_id":"","cover_image":"","cover_image_id":"","duration":"","filesize":"","filesize_raw":"","date_recorded":"","explicit":"","block":"","itunes_episode_number":"","itunes_title":"","itunes_season_number":"","itunes_episode_type":"","ep_exclude_from_search":false,"footnotes":""},"class_list":["post-193316","page","type-page","status-publish","hentry"],"acf":[],"_links":{"self":[{"href":"https:\/\/plumvillage.org\/fr\/wp-json\/wp\/v2\/pages\/193316","targetHints":{"allow":["GET"]}}],"collection":[{"href":"https:\/\/plumvillage.org\/fr\/wp-json\/wp\/v2\/pages"}],"about":[{"href":"https:\/\/plumvillage.org\/fr\/wp-json\/wp\/v2\/types\/page"}],"author":[{"embeddable":true,"href":"https:\/\/plumvillage.org\/fr\/wp-json\/wp\/v2\/users\/1088"}],"replies":[{"embeddable":true,"href":"https:\/\/plumvillage.org\/fr\/wp-json\/wp\/v2\/comments?post=193316"}],"version-history":[{"count":0,"href":"https:\/\/plumvillage.org\/fr\/wp-json\/wp\/v2\/pages\/193316\/revisions"}],"up":[{"embeddable":true,"href":"https:\/\/plumvillage.org\/fr\/wp-json\/wp\/v2\/pages\/140778"}],"wp:attachment":[{"href":"https:\/\/plumvillage.org\/fr\/wp-json\/wp\/v2\/media?parent=193316"}],"curies":[{"name":"wp","href":"https:\/\/api.w.org\/{rel}","templated":true}]}}