{"id":247181,"date":"2022-03-28T12:05:51","date_gmt":"2022-03-28T10:05:51","guid":{"rendered":"https:\/\/plumvillage.org\/?page_id=247181"},"modified":"2024-01-10T17:08:25","modified_gmt":"2024-01-10T16:08:25","slug":"souvenirs","status":"publish","type":"page","link":"https:\/\/plumvillage.org\/fr\/a-propos\/thich-nhat-hanh\/commemoration\/souvenirs","title":{"rendered":"Gratitudes pour Thich Nhat Hanh"},"content":{"rendered":"\n<p>Vous pouvez poster ci-dessous vos souvenirs de certains enseignements de Thay, ou de retraites en sa pr\u00e9sence, ou simplement t\u00e9moigner de la fa\u00e7on dont ses enseignements et \u00e9crits ont influenc\u00e9 votre vie.<\/p>\n\n\n\n<p>Avez-vous pu reconstruire la relation avec une personne ou transformer une difficult\u00e9 ? Vous a-t-il inspir\u00e9 \u00e0 agir en faveur de la paix, de la justice sociale, de l\u2019\u00e9cologie, de l\u2019\u00e9ducation, du d\u00e9veloppement communautaire ou d\u2019autres types de services engag\u00e9s ? Comment aspirez-vous \u00e0 poursuivre son message dans votre propre vie?<br>Le Village des Pruniers et la Fondation Thich Nhat Hanh rassemblent des archives de souvenirs de Thay. Nous vous invitons \u00e0 partager une photo ou une vid\u00e9o de Thay, ou une photo haute r\u00e9solution d\u2019une de ses calligraphies.<\/p>\n\n\n\n<p>Si vous souhaitez partager quelque chose avec nous, mais que vous pr\u00e9f\u00e9rez ne pas le poster publiquement, nous vous invitons \u00e0 l\u2019envoyer \u00e0\u00a0: <a href=\"mailto:thankyouTNH@plumvillage.org\">thankyouTNH@plumvillage.org<\/a><\/p>\n\n\n\n<p>En ce suivant ce <a href=\"http:\/\/rendus \u00e0 notre ma\u00eetre par quelques personnalit\u00e9s\">lien, vous pourrez aussi lire diff\u00e9rents hommages <\/a>rendus \u00e0 notre ma\u00eetre par quelques personnalit\u00e9s.<\/p>\n","protected":false},"excerpt":{"rendered":"<p>Partagez un souvenir, vos gratitudes.<\/p>\n","protected":false},"author":1169,"featured_media":250759,"parent":247228,"menu_order":0,"comment_status":"open","ping_status":"closed","template":"","meta":{"_acf_changed":false,"sync_status":"","episode_type":"","audio_file":"","castos_file_data":"","podmotor_file_id":"","cover_image":"","cover_image_id":"","duration":"","filesize":"","filesize_raw":"","date_recorded":"","explicit":"","block":"","itunes_episode_number":"","itunes_title":"","itunes_season_number":"","itunes_episode_type":"","ep_exclude_from_search":false,"footnotes":""},"class_list":["post-247181","page","type-page","status-publish","has-post-thumbnail","hentry"],"acf":[],"_links":{"self":[{"href":"https:\/\/plumvillage.org\/fr\/wp-json\/wp\/v2\/pages\/247181","targetHints":{"allow":["GET"]}}],"collection":[{"href":"https:\/\/plumvillage.org\/fr\/wp-json\/wp\/v2\/pages"}],"about":[{"href":"https:\/\/plumvillage.org\/fr\/wp-json\/wp\/v2\/types\/page"}],"author":[{"embeddable":true,"href":"https:\/\/plumvillage.org\/fr\/wp-json\/wp\/v2\/users\/1169"}],"replies":[{"embeddable":true,"href":"https:\/\/plumvillage.org\/fr\/wp-json\/wp\/v2\/comments?post=247181"}],"version-history":[{"count":1,"href":"https:\/\/plumvillage.org\/fr\/wp-json\/wp\/v2\/pages\/247181\/revisions"}],"predecessor-version":[{"id":428352,"href":"https:\/\/plumvillage.org\/fr\/wp-json\/wp\/v2\/pages\/247181\/revisions\/428352"}],"up":[{"embeddable":true,"href":"https:\/\/plumvillage.org\/fr\/wp-json\/wp\/v2\/pages\/247228"}],"wp:featuredmedia":[{"embeddable":true,"href":"https:\/\/plumvillage.org\/fr\/wp-json\/wp\/v2\/media\/250759"}],"wp:attachment":[{"href":"https:\/\/plumvillage.org\/fr\/wp-json\/wp\/v2\/media?parent=247181"}],"curies":[{"name":"wp","href":"https:\/\/api.w.org\/{rel}","templated":true}]}}