{"id":284939,"date":"2022-03-29T15:00:44","date_gmt":"2022-03-29T13:00:44","guid":{"rendered":"https:\/\/plumvillage.org\/?page_id=284939"},"modified":"2025-07-15T12:28:19","modified_gmt":"2025-07-15T10:28:19","slug":"nos-hameaux","status":"publish","type":"page","link":"https:\/\/plumvillage.org\/fr\/a-propos\/village-des-pruniers\/nos-hameaux","title":{"rendered":"Nos hameaux"},"content":{"rendered":"\n<p class=\"has-large-font-size\">Le Village des Pruniers, situ\u00e9 dans le sud de la France, se compose actuellement de trois lieux diff\u00e9rents que l&rsquo;on appelle \u201chameaux\u201d.<\/p>\n\n\n\n<figure class=\"wp-block-image alignright size-large\"><img loading=\"lazy\" decoding=\"async\" width=\"1024\" height=\"414\" src=\"https:\/\/plumvillage.org\/wp-content\/uploads\/2016\/06\/2016-Plum-Village-Vulture-Peak-Gathering-18-1024x414.jpg\" alt=\"\" class=\"wp-image-30907\" srcset=\"https:\/\/plumvillage.org\/wp-content\/uploads\/2016\/06\/2016-Plum-Village-Vulture-Peak-Gathering-18-1024x414.jpg 1024w, https:\/\/plumvillage.org\/wp-content\/uploads\/2016\/06\/2016-Plum-Village-Vulture-Peak-Gathering-18-499x202.jpg 499w, https:\/\/plumvillage.org\/wp-content\/uploads\/2016\/06\/2016-Plum-Village-Vulture-Peak-Gathering-18-768x310.jpg 768w, https:\/\/plumvillage.org\/wp-content\/uploads\/2016\/06\/2016-Plum-Village-Vulture-Peak-Gathering-18-300x121.jpg 300w, https:\/\/plumvillage.org\/wp-content\/uploads\/2016\/06\/2016-Plum-Village-Vulture-Peak-Gathering-18-100x40.jpg 100w, https:\/\/plumvillage.org\/wp-content\/uploads\/2016\/06\/2016-Plum-Village-Vulture-Peak-Gathering-18-150x61.jpg 150w, https:\/\/plumvillage.org\/wp-content\/uploads\/2016\/06\/2016-Plum-Village-Vulture-Peak-Gathering-18-200x81.jpg 200w, https:\/\/plumvillage.org\/wp-content\/uploads\/2016\/06\/2016-Plum-Village-Vulture-Peak-Gathering-18-450x182.jpg 450w, https:\/\/plumvillage.org\/wp-content\/uploads\/2016\/06\/2016-Plum-Village-Vulture-Peak-Gathering-18-600x243.jpg 600w, https:\/\/plumvillage.org\/wp-content\/uploads\/2016\/06\/2016-Plum-Village-Vulture-Peak-Gathering-18-900x364.jpg 900w, https:\/\/plumvillage.org\/wp-content\/uploads\/2016\/06\/2016-Plum-Village-Vulture-Peak-Gathering-18.jpg 1138w\" sizes=\"auto, (max-width: 1024px) 100vw, 1024px\" \/><figcaption class=\"wp-element-caption\">Repas formel au Hameau du Bas<\/figcaption><\/figure>\n\n\n\n<p>Ces hameaux sont des communaut\u00e9s autonomes o\u00f9 les membres monastiques et la\u00efques pratiquent, mangent, travaillent et se d\u00e9tendent ensemble, en famille spirituelle. Les trois hameaux se retrouvent en g\u00e9n\u00e9ral deux fois par semaine, pendant des \u201c<a href=\"https:\/\/plumvillage.org\/fr\/retraites\/journees-de-pleine-conscience\">journ\u00e9es de Pleine Conscience\u201d<\/a>, pour \u00e9couter un enseignement et pratiquer la pleine conscience tout au long de la journ\u00e9e en communaut\u00e9.<\/p>\n\n\n\n<div class=\"jump-to align\" id=\"visiter-le-village-des-pruniers\">\n\t<hr>\n\t<span class=\"jump-to-text\"><span class=\"label\">Allez vers <span class=\"icon icon-arrow-tiny\"><\/span><\/span>\n\t\t<a class=\"active\" href=\"#visiter-le-village-des-pruniers\">Visiter le Village des Pruniers<\/a>, <a  href=\"#les-2-communautes-de-moniales\">Les 2 communaut\u00e9s de moniales<\/a>, <a  href=\"#notre-communaute-de-moines\">Notre communaut\u00e9 de moines<\/a>, <a  href=\"#ou-sinscrire\">O\u00f9 s&rsquo;inscrire?<\/a><\/span>\n<\/div>\n\n\n<h2 class=\"wp-block-heading\">Visiter le Village des Pruniers<\/h2>\n\n\n\n<p>Pour visiter l&rsquo;un de nos hameaux, vous pouvez soit vous <a href=\"https:\/\/plumvillage.org\/fr\/retraites\/calendrier-retraites\" target=\"_blank\" rel=\"noreferrer noopener\">inscrire \u00e0 une retraite<\/a>, soit vous rendre \u00e0 une <a href=\"https:\/\/plumvillage.org\/fr\/retraites\/journees-de-pleine-conscience\" target=\"_blank\" rel=\"noreferrer noopener\">journ\u00e9e de pleine conscience<\/a> programm\u00e9e.<\/p>\n\n\n\n<p>[Pour les nuit\u00e9es, chaque hameau ne peut recevoir que des invit\u00e9s qui se sont inscrits et ont pay\u00e9 pour l&rsquo;une de nos retraites dans <a href=\"https:\/\/plumvillage.org\/fr\/retraites\/calendrier-retraites\" target=\"_blank\" rel=\"noreferrer noopener\">notre calendrier des retraites<\/a>. Nous ne sommes pas en mesure d&rsquo;accueillir des personnes qui arrivent sans r\u00e9servation. Nous ne pouvons pas non plus accueillir des invit\u00e9s qui souhaitent passer la nuit en dehors des dates de retraite. Nous vous remercions de votre soutien et de votre compr\u00e9hension.]<\/p>\n\n\n\n<div class=\"jump-to alignwide\" id=\"les-2-communautes-de-moniales\">\n\t<hr>\n\t<span class=\"jump-to-text\"><span class=\"label\">Allez vers <span class=\"icon icon-arrow-tiny\"><\/span><\/span>\n\t\t<a  href=\"#visiter-le-village-des-pruniers\">Visiter le Village des Pruniers<\/a>, <a class=\"active\" href=\"#les-2-communautes-de-moniales\">Les 2 communaut\u00e9s de moniales<\/a>, <a  href=\"#notre-communaute-de-moines\">Notre communaut\u00e9 de moines<\/a>, <a  href=\"#ou-sinscrire\">O\u00f9 s&rsquo;inscrire?<\/a><\/span>\n<\/div>\n\n\n<h2 class=\"wp-block-heading\" id=\"femmes\">Nos deux communaut\u00e9s de moniales<\/h2>\n\n\n\n<p><strong><a href=\"#new\" data-link-type=\"website\" rel=\"noopener noreferrer\" target=\"\" data-link-description=\"\" class=\"advanced-url\"><\/a><a href=\"https:\/\/plumvillage.org\/fr\/practice-centre\/village-des-pruniers\/hameau-nouveau\" target=\"_blank\" rel=\"noreferrer noopener\">Le Hameau Nouveau<\/a><\/strong> et <strong><a href=\"#lower\" data-link-type=\"website\" rel=\"noopener noreferrer\" target=\"\" data-link-description=\"\" class=\"advanced-url\"><\/a><a href=\"https:\/\/plumvillage.org\/fr\/practice-centre\/village-des-pruniers\/hameau-du-bas\" target=\"_blank\" rel=\"noreferrer noopener\">le Hameau du Bas<\/a><\/strong> sont deux communaut\u00e9s de moniales (ou \u201csoeurs\u201d) du Village des Pruniers qui se situent \u00e0 18 kilom\u00e8tres l&rsquo;un de l&rsquo;autre.<\/p>\n\n\n\n<p class=\"has-small-font-size\"><em>Si vous \u00eates une femme venant seule, merci de vous inscrire dans un seul de ces deux hameaux. <\/em><span class=\"footnote\">Dans un esprit d&rsquo;accueil et d&rsquo;adelphit\u00e9, et afin de r\u00e9pondre avec souplesse et bienveillance aux besoins de la pratique, nos hameaux essayent d&rsquo;\u00eatre plus flexibles sur la question des genres. Ainsi, certaines retraites ou s\u00e9jours de longue dur\u00e9e peuvent \u00eatre ouverts aux personnes de tout genre, qu\u2019elles soient b\u00e9n\u00e9voles ou participantes, en couple ou seules et ce, quel que soit le hameau. <br>Nous vous invitons \u00e0 consulter attentivement les indications sp\u00e9cifiques \u00e0 chaque retraite ou hameau lors de votre inscription. En ce qui concerne les b\u00e9n\u00e9voles, il est particuli\u00e8rement fr\u00e9quent que l&rsquo;assignation aux diff\u00e9rents hameaux ne se fasse pas par genre, mais en fonction des besoins de chaque hameau (par exemple en termes de capacit\u00e9 de traduction, de conduite, d&rsquo;exp\u00e9rience dans certains domaines etc..). Si vous avez un doute, n\u2019h\u00e9sitez pas \u00e0 nous contacter.<\/span><\/p>\n\n\n\n<div class=\"jump-to alignwide\" id=\"notre-communaute-de-moines\">\n\t<hr>\n\t<span class=\"jump-to-text\"><span class=\"label\">Allez vers <span class=\"icon icon-arrow-tiny\"><\/span><\/span>\n\t\t<a  href=\"#visiter-le-village-des-pruniers\">Visiter le Village des Pruniers<\/a>, <a  href=\"#les-2-communautes-de-moniales\">Les 2 communaut\u00e9s de moniales<\/a>, <a class=\"active\" href=\"#notre-communaute-de-moines\">Notre communaut\u00e9 de moines<\/a>, <a  href=\"#ou-sinscrire\">O\u00f9 s&rsquo;inscrire?<\/a><\/span>\n<\/div>\n\n\n<h2 class=\"wp-block-heading\" id=\"hommes\">Notre communaut\u00e9 de moines<\/h2>\n\n\n\n<p><strong><a href=\"#upper\" data-link-type=\"website\" rel=\"noopener noreferrer\" target=\"\" data-link-description=\"\" class=\"advanced-url\"><\/a><a href=\"https:\/\/plumvillage.org\/fr\/practice-centre\/village-des-pruniers\/hameau-du-haut\" target=\"_blank\" rel=\"noreferrer noopener\">Le Hameau du Haut<\/a><\/strong> est le lieu o\u00f9 vivent et pratiques les moines (ou \u201cfr\u00e8res\u201d) et les r\u00e9sidents la\u00efcs de sexe masculin.<\/p>\n\n\n\n<p class=\"has-small-font-size\"><em>Si vous \u00eates un homme venant seul, merci de vous inscrire au Hameau du Haut. <\/em><span class=\"footnote\">Dans un esprit d&rsquo;accueil et d&rsquo;adelphit\u00e9, et afin de r\u00e9pondre avec souplesse et bienveillance aux besoins de la pratique, nos hameaux essayent d&rsquo;\u00eatre plus flexibles sur la question des genres. Ainsi, certaines retraites ou s\u00e9jours de longue dur\u00e9e peuvent \u00eatre ouverts aux personnes de tout genre, qu\u2019elles soient b\u00e9n\u00e9voles ou participantes, en couple ou seules et ce, quel que soit le hameau. <br>Nous vous invitons \u00e0 consulter attentivement les indications sp\u00e9cifiques \u00e0 chaque retraite ou hameau lors de votre inscription. En ce qui concerne les b\u00e9n\u00e9voles, il est particuli\u00e8rement fr\u00e9quent que l&rsquo;assignation aux diff\u00e9rents hameaux ne se fasse pas par genre, mais en fonction des besoins de chaque hameau (par exemple en termes de capacit\u00e9 de traduction, de conduite, d&rsquo;exp\u00e9rience dans certains domaines etc..). Si vous avez un doute, n\u2019h\u00e9sitez pas \u00e0 nous contacter.<\/span><\/p>\n\n\n\n<div class=\"jump-to alignwide\" id=\"ou-sinscrire\">\n\t<hr>\n\t<span class=\"jump-to-text\"><span class=\"label\">Allez vers <span class=\"icon icon-arrow-tiny\"><\/span><\/span>\n\t\t<a  href=\"#visiter-le-village-des-pruniers\">Visiter le Village des Pruniers<\/a>, <a  href=\"#les-2-communautes-de-moniales\">Les 2 communaut\u00e9s de moniales<\/a>, <a  href=\"#notre-communaute-de-moines\">Notre communaut\u00e9 de moines<\/a>, <a class=\"active\" href=\"#ou-sinscrire\">O\u00f9 s&rsquo;inscrire?<\/a><\/span>\n<\/div>\n\n\n<h2 class=\"wp-block-heading\" id=\"inscriptions\">O\u00f9 s&rsquo;inscrire ?<\/h2>\n\n\n\n<p>Si vous \u00eates une femme venant seule, merci de vous inscrire dans l&rsquo;un seul de ces deux hameaux : le <a href=\"https:\/\/plumvillage.org\/fr\/practice-centre\/village-des-pruniers\/hameau-nouveau\" target=\"_blank\" rel=\"noreferrer noopener\">Hameau Nouveau<\/a> ou le <a href=\"https:\/\/plumvillage.org\/fr\/practice-centre\/village-des-pruniers\/hameau-du-bas\" target=\"_blank\" rel=\"noreferrer noopener\">Hameau du Bas<\/a>.<\/p>\n\n\n\n<p>Si vous \u00eates un homme venant seul, merci de vous inscrire au <a href=\"https:\/\/plumvillage.org\/fr\/practice-centre\/village-des-pruniers\/hameau-du-haut\" target=\"_blank\" rel=\"noreferrer noopener\">Hameau du Haut<\/a>.<\/p>\n\n\n\n<p>Tous les hameaux acceptent les couples et les familles pour des retraites de courte dur\u00e9e. Pour les retraites \u00e0 long terme, comme la retraite des pluies, les conditions peuvent varier. Il est donc pr\u00e9f\u00e9rable de lire les conditions sur le formulaire d&rsquo;inscription de chaque hameau, ou de contacter directement le hameau.<\/p>\n\n\n\n<p>Si vous voulez venir avec une personne de l&rsquo;autre sexe et que vous ne souhaitez pas partager votre chambre, merci de vous inscrire s\u00e9par\u00e9ment dans les hameaux qui conviennent \u00e0 chacun.e. <\/p>\n\n\n\n<p>Merci de faire parvenir vos questions au bureau du Hameau dans lequel vous vous inscrivez pour que nous puissions y r\u00e9pondre \u00e0 temps avant votre arriv\u00e9e.  <\/p>\n\n\n\n<p><em>Merci de consid\u00e9rer que les bureaux d&rsquo;inscription des trois hameaux ont des horaires diff\u00e9rents. <\/em><\/p>\n","protected":false},"excerpt":{"rendered":"<p>Le Village des Pruniers, situ\u00e9 dans le sud de la France, se compose actuellement de trois lieux diff\u00e9rents que l&rsquo;on appelle \u201chameaux\u201d. Ces hameaux sont des communaut\u00e9s autonomes o\u00f9 les membres monastiques et la\u00efques pratiquent, mangent, travaillent et se d\u00e9tendent ensemble, en famille spirituelle. Les trois hameaux se retrouvent en g\u00e9n\u00e9ral deux fois par semaine,<\/p>\n","protected":false},"author":1169,"featured_media":0,"parent":140786,"menu_order":0,"comment_status":"closed","ping_status":"open","template":"","meta":{"_acf_changed":false,"sync_status":"","episode_type":"","audio_file":"","castos_file_data":"","podmotor_file_id":"","cover_image":"","cover_image_id":"","duration":"","filesize":"","filesize_raw":"","date_recorded":"","explicit":"","block":"","itunes_episode_number":"","itunes_title":"","itunes_season_number":"","itunes_episode_type":"","ep_exclude_from_search":false,"footnotes":""},"class_list":["post-284939","page","type-page","status-publish","hentry"],"acf":[],"_links":{"self":[{"href":"https:\/\/plumvillage.org\/fr\/wp-json\/wp\/v2\/pages\/284939","targetHints":{"allow":["GET"]}}],"collection":[{"href":"https:\/\/plumvillage.org\/fr\/wp-json\/wp\/v2\/pages"}],"about":[{"href":"https:\/\/plumvillage.org\/fr\/wp-json\/wp\/v2\/types\/page"}],"author":[{"embeddable":true,"href":"https:\/\/plumvillage.org\/fr\/wp-json\/wp\/v2\/users\/1169"}],"replies":[{"embeddable":true,"href":"https:\/\/plumvillage.org\/fr\/wp-json\/wp\/v2\/comments?post=284939"}],"version-history":[{"count":5,"href":"https:\/\/plumvillage.org\/fr\/wp-json\/wp\/v2\/pages\/284939\/revisions"}],"predecessor-version":[{"id":526595,"href":"https:\/\/plumvillage.org\/fr\/wp-json\/wp\/v2\/pages\/284939\/revisions\/526595"}],"up":[{"embeddable":true,"href":"https:\/\/plumvillage.org\/fr\/wp-json\/wp\/v2\/pages\/140786"}],"wp:attachment":[{"href":"https:\/\/plumvillage.org\/fr\/wp-json\/wp\/v2\/media?parent=284939"}],"curies":[{"name":"wp","href":"https:\/\/api.w.org\/{rel}","templated":true}]}}