{"id":367731,"date":"2023-03-03T11:20:16","date_gmt":"2023-03-03T10:20:16","guid":{"rendered":"https:\/\/plumvillage.org\/?page_id=367731"},"modified":"2023-03-04T00:00:38","modified_gmt":"2023-03-03T23:00:38","slug":"bot-access-page","status":"publish","type":"page","link":"https:\/\/plumvillage.org\/fr\/bot-access-page","title":{"rendered":"Acc\u00e8s au Bot &#8211; Inscriptions"},"content":{"rendered":"\n<p>Bienvenue \u00e0 l&rsquo;inscription pour la retraite d&rsquo;ouverture d&rsquo;\u00e9t\u00e9 2023.<\/p>\n\n\n\n<p> <\/p>\n\n\n\n<div class=\"wp-block-buttons is-layout-flex wp-block-buttons-is-layout-flex\">\n<div class=\"wp-block-button has-custom-width wp-block-button__width-50\"><a class=\"wp-block-button__link wp-element-button\" href=\"https:\/\/typebot.io\/summer-french-2023\">Venir sans enfants<\/a><\/div>\n\n\n\n<div class=\"wp-block-button has-custom-width wp-block-button__width-50 is-style-fill\"><a class=\"wp-block-button__link wp-element-button\" href=\"https:\/\/plumvillage.org\/fr\/coming-with-children-aged-0-17\/\" target=\"_blank\" rel=\"noreferrer noopener\">Venir avec des enfants entre 0-17 ans<\/a><\/div>\n<\/div>\n","protected":false},"excerpt":{"rendered":"<p>Bienvenue \u00e0 l&rsquo;inscription pour la retraite d&rsquo;ouverture d&rsquo;\u00e9t\u00e9 2023.<\/p>\n","protected":false},"author":1112,"featured_media":0,"parent":0,"menu_order":0,"comment_status":"closed","ping_status":"closed","template":"","meta":{"_acf_changed":false,"sync_status":"","episode_type":"","audio_file":"","castos_file_data":"","podmotor_file_id":"","cover_image":"","cover_image_id":"","duration":"","filesize":"","filesize_raw":"","date_recorded":"","explicit":"","block":"","itunes_episode_number":"","itunes_title":"","itunes_season_number":"","itunes_episode_type":"","ep_exclude_from_search":false,"footnotes":""},"class_list":["post-367731","page","type-page","status-publish","hentry"],"acf":[],"_links":{"self":[{"href":"https:\/\/plumvillage.org\/fr\/wp-json\/wp\/v2\/pages\/367731","targetHints":{"allow":["GET"]}}],"collection":[{"href":"https:\/\/plumvillage.org\/fr\/wp-json\/wp\/v2\/pages"}],"about":[{"href":"https:\/\/plumvillage.org\/fr\/wp-json\/wp\/v2\/types\/page"}],"author":[{"embeddable":true,"href":"https:\/\/plumvillage.org\/fr\/wp-json\/wp\/v2\/users\/1112"}],"replies":[{"embeddable":true,"href":"https:\/\/plumvillage.org\/fr\/wp-json\/wp\/v2\/comments?post=367731"}],"version-history":[{"count":5,"href":"https:\/\/plumvillage.org\/fr\/wp-json\/wp\/v2\/pages\/367731\/revisions"}],"predecessor-version":[{"id":367894,"href":"https:\/\/plumvillage.org\/fr\/wp-json\/wp\/v2\/pages\/367731\/revisions\/367894"}],"wp:attachment":[{"href":"https:\/\/plumvillage.org\/fr\/wp-json\/wp\/v2\/media?parent=367731"}],"curies":[{"name":"wp","href":"https:\/\/api.w.org\/{rel}","templated":true}]}}