{"id":384312,"date":"2023-05-29T11:51:27","date_gmt":"2023-05-29T09:51:27","guid":{"rendered":"https:\/\/plumvillage.org\/?page_id=384312"},"modified":"2026-04-03T01:21:05","modified_gmt":"2026-04-02T23:21:05","slug":"don","status":"publish","type":"page","link":"https:\/\/plumvillage.org\/fr\/don","title":{"rendered":"Dons avec d\u00e9duction fiscale en France"},"content":{"rendered":"\n<p>Nous sommes actuellement en train d&rsquo;am\u00e9liorer les options de don permettant \u00e0 nos donateurs fran\u00e7ais de b\u00e9n\u00e9ficier d&rsquo;une d\u00e9duction fiscale. Rendez-vous tr\u00e8s bient\u00f4t sur cette page lorsque tout sera pr\u00eat ! D&rsquo;ici l\u00e0, vous pouvez faire un don ci-dessous (sans d\u00e9duction fiscale) :<\/p>\n\n\n\n<div class=\"wp-block-buttons is-content-justification-left is-layout-flex wp-container-core-buttons-is-layout-fdcfc74e wp-block-buttons-is-layout-flex\">\n\n\n<div class=\"wp-block-button is-style-large\"><a class=\"wp-block-button__link wp-element-button\" href=\"https:\/\/plumvillage.org\/fr\/donner?form=FUNYXNVFYDC\">Don pour le projet de construction (sans d\u00e9duction fiscale)<\/a><\/div>\n<\/div>\n\n\n\n<p><\/p>\n","protected":false},"excerpt":{"rendered":"<p>Nous sommes actuellement en train d&rsquo;am\u00e9liorer les options de don permettant \u00e0 nos donateurs fran\u00e7ais de b\u00e9n\u00e9ficier d&rsquo;une d\u00e9duction fiscale. Rendez-vous tr\u00e8s bient\u00f4t sur cette page lorsque tout sera pr\u00eat ! D&rsquo;ici l\u00e0, vous pouvez faire un don ci-dessous (sans d\u00e9duction fiscale) :<\/p>\n","protected":false},"author":1088,"featured_media":0,"parent":0,"menu_order":0,"comment_status":"closed","ping_status":"closed","template":"","meta":{"_acf_changed":false,"sync_status":"","episode_type":"","audio_file":"","podmotor_file_id":"","podmotor_episode_id":"","castos_file_data":"","cover_image":"","cover_image_id":"","duration":"","filesize":"","filesize_raw":"","date_recorded":"","explicit":"","block":"","itunes_episode_number":"","itunes_title":"","itunes_season_number":"","itunes_episode_type":"","ep_exclude_from_search":false,"footnotes":""},"class_list":["post-384312","page","type-page","status-publish","hentry"],"acf":[],"_links":{"self":[{"href":"https:\/\/plumvillage.org\/fr\/wp-json\/wp\/v2\/pages\/384312","targetHints":{"allow":["GET"]}}],"collection":[{"href":"https:\/\/plumvillage.org\/fr\/wp-json\/wp\/v2\/pages"}],"about":[{"href":"https:\/\/plumvillage.org\/fr\/wp-json\/wp\/v2\/types\/page"}],"author":[{"embeddable":true,"href":"https:\/\/plumvillage.org\/fr\/wp-json\/wp\/v2\/users\/1088"}],"replies":[{"embeddable":true,"href":"https:\/\/plumvillage.org\/fr\/wp-json\/wp\/v2\/comments?post=384312"}],"version-history":[{"count":4,"href":"https:\/\/plumvillage.org\/fr\/wp-json\/wp\/v2\/pages\/384312\/revisions"}],"predecessor-version":[{"id":638067,"href":"https:\/\/plumvillage.org\/fr\/wp-json\/wp\/v2\/pages\/384312\/revisions\/638067"}],"wp:attachment":[{"href":"https:\/\/plumvillage.org\/fr\/wp-json\/wp\/v2\/media?parent=384312"}],"curies":[{"name":"wp","href":"https:\/\/api.w.org\/{rel}","templated":true}]}}