{"id":429555,"date":"2024-01-17T11:58:11","date_gmt":"2024-01-17T10:58:11","guid":{"rendered":"https:\/\/plumvillage.org\/?page_id=429555"},"modified":"2026-02-22T17:16:38","modified_gmt":"2026-02-22T16:16:38","slug":"benevolat","status":"publish","type":"page","link":"https:\/\/plumvillage.org\/fr\/benevolat","title":{"rendered":"B\u00e9n\u00e9volat"},"content":{"rendered":"\n<p>Voici les prochaines opportunit\u00e9s de b\u00e9n\u00e9volat pour ceux qui souhaitent soutenir nos retraites. Ces opportunit\u00e9s sont particuli\u00e8rement appropri\u00e9es pour celles et ceux qui ont de l&rsquo;exp\u00e9rience dans la tradition du Village des Pruniers et qui connaissent bien nos retraites.<\/p>\n\n\n\n<p>Si votre <strong>niveau d&rsquo;anglais est suffisant <\/strong>et<strong> <\/strong>que vous souhaitez<strong> consulter toutes les autres opportunit\u00e9s de volontariat<\/strong>, veuillez : <\/p>\n\n\n\n<ul class=\"wp-block-list\">\n<li>vous abonner \u00e0 la lettre d&rsquo;information The Raft (en bas de page) et <\/li>\n\n\n\n<li>consulter la page <a href=\"https:\/\/plumvillage.org\/fr\/benevolat\" target=\"_blank\" rel=\"noreferrer noopener\">https:\/\/plumvillage.org\/volunteering<\/a> pour vous inscrire.<\/li>\n<\/ul>\n\n\n<div class=\"block block-retreats-list align to-right-edge\">\n\n                <div class=\"filter-dropdown-blocks\">\n            <div class=\"filter-dropdown-block\"><div class=\"dropdown\" data-filter=\"month\" ><a class=\"selected\">Tous les mois<\/a><ul class=\"sub-menu\"><li><a href=\"#filter=*\">Tous les mois<\/a><\/li><li><a class=\"trigger-region-1\" href=\"#filter=.month-1\">janvier<\/a><\/li><li><a class=\"trigger-region-2\" href=\"#filter=.month-2\">f\u00e9vrier<\/a><\/li><li><a class=\"trigger-region-3\" href=\"#filter=.month-3\">mars<\/a><\/li><li><a class=\"trigger-region-4\" href=\"#filter=.month-4\">avril<\/a><\/li><li><a class=\"trigger-region-5\" href=\"#filter=.month-5\">mai<\/a><\/li><li><a class=\"trigger-region-6\" href=\"#filter=.month-6\">juin<\/a><\/li><li><a class=\"trigger-region-7\" href=\"#filter=.month-7\">juillet<\/a><\/li><li><a class=\"trigger-region-8\" href=\"#filter=.month-8\">ao\u00fbt<\/a><\/li><li><a class=\"trigger-region-9\" href=\"#filter=.month-9\">septembre<\/a><\/li><li><a class=\"trigger-region-10\" href=\"#filter=.month-10\">octobre<\/a><\/li><li><a class=\"trigger-region-11\" href=\"#filter=.month-11\">novembre<\/a><\/li><li><a class=\"trigger-region-12\" href=\"#filter=.month-12\">d\u00e9cembre<\/a><\/li><\/ul><\/div><\/div>        <\/div>\n\n        <!-- Temporarily remove some classes from dom events because the filters currently dont support multiple retreat overviews on one page -->\n        <div class=\"event-list\">\n            <div class=\"row post-overview\" data-isotope-layoutmode=\"masonry\">\n                <div class=\"grid-sizer col-md-6\"><\/div>\n                                    <article id=\"post-\" class=\"index-event index-item col-md-6\t\t\t\t\t\t region-eu practice-centres-hameau-nouveau practice-centres-village-des-pruniers month-3\">\n                        \t\t<a href=\"https:\/\/plumvillage.org\/fr\/event\/benevolat-2\/2026-sinscrire-comme-benevole-pour-soutenir-la-retraite-francophone-2026-au-hameau-nouveau\">\n\t\t\t\t\t\t\t<div class=\"index-thumbnail\"><img loading=\"lazy\" decoding=\"async\" width=\"480\" height=\"290\" src=\"https:\/\/plumvillage.org\/wp-content\/uploads\/2022\/10\/Wild-geese_2022-M-Retreat-v2-480x290.jpg\" class=\"attachment-landscape size-landscape\" alt=\"\" srcset=\"https:\/\/plumvillage.org\/wp-content\/uploads\/2022\/10\/Wild-geese_2022-M-Retreat-v2-480x290.jpg 480w, https:\/\/plumvillage.org\/wp-content\/uploads\/2022\/10\/Wild-geese_2022-M-Retreat-v2-720x435.jpg 720w\" sizes=\"auto, (max-width: 480px) 100vw, 480px\" \/><\/div>\n\t\t\t\t<div class=\"index-content\">\n\t\t\t\t\t\t<header class=\"entry-header\">\n\t\t\t\t<div class=\"entry-meta\">\n\t\t\t\t\t\t\t\t\t\t\t\t\t\t\t\t\t\t\t\t\t\t\t\t\t\t\t\t\t<span class=\"event-label event-type entry-event-type\">\n\t\t\t\t\t\t\t\tB\u00e9n\u00e9volat\t\t\t\t\t\t\t\t<\/span>\n\t\t\t\t\t\t\t\t\t\t\t\t\t\n\t\t\t\t\t\t\t\t\t\t\t\t\t\t\t\t\t\t\t<span class=\"event-label event-fully-booked has-stamp-background-color\">\nComplet<\/span>\n\t\t\t\t\t\t\n\t\t\t\t\t\t<span class=\"entry-date\">30 mars <span class=\"has-normal-weight\">au<\/span> 13 avril 2026 | Hameau Nouveau, Le Village des Pruniers<\/span>\n\n\t\t\t\t<\/div><!-- .entry-meta -->\n\t\t\t\t<h2 class=\"entry-title\">B\u00e9n\u00e9volat &#8211; Retraite francophone 2026 (Hameau Nouveau)<\/h2>\t\t\t<\/header><!-- .entry-header -->\n\n\t\t\t<div class=\"entry-content\">\n\t\t\t\t<p>Nous recherchons des b\u00e9n\u00e9voles pour la retraite francophone 2026 au Hameau Nouveau.<\/p>\n\t\t\t<\/div><!-- .entry-content -->\n\t\t\t<btn class=\"btn btn-sm btn-earth mb-3\">Plus d&rsquo;informations<\/btn>\n\n\t\t<\/div>\n\t\t<\/a>                    <\/article>\n                                    <article id=\"post-\" class=\"index-event index-item col-md-6\t\t\t\t\t\t region-eu practice-centres-hameau-du-haut practice-centres-village-des-pruniers month-7 month-8\">\n                        \t\t<a href=\"https:\/\/plumvillage.org\/fr\/event\/benevolat-2\/benevolat-programme-enfants-2026\">\n\t\t\t\t\t\t\t<div class=\"index-thumbnail\"><img loading=\"lazy\" decoding=\"async\" width=\"480\" height=\"290\" src=\"https:\/\/plumvillage.org\/wp-content\/uploads\/2025\/07\/Parents-practicing-480x290.webp\" class=\"attachment-landscape size-landscape\" alt=\"\" srcset=\"https:\/\/plumvillage.org\/wp-content\/uploads\/2025\/07\/Parents-practicing-480x290.webp 480w, https:\/\/plumvillage.org\/wp-content\/uploads\/2025\/07\/Parents-practicing-720x435.webp 720w\" sizes=\"auto, (max-width: 480px) 100vw, 480px\" \/><\/div>\n\t\t\t\t<div class=\"index-content\">\n\t\t\t\t\t\t<header class=\"entry-header\">\n\t\t\t\t<div class=\"entry-meta\">\n\t\t\t\t\t\t\t\t\t\t\t<span class=\"event-label has-earth-background-color\">Inscription ouverte<\/span>\n\t\t\t\t\t\t\t\t\t\t\t\t\t\t\t\t\t\t\t\t\t\t\t\t\t\t\t\t\t<span class=\"event-label event-type entry-event-type\">\n\t\t\t\t\t\t\t\tB\u00e9n\u00e9volat\t\t\t\t\t\t\t\t<\/span>\n\t\t\t\t\t\t\t\t\t\t\t\t\t\n\t\t\t\t\t\t\t\t\t\t\t\t\n\t\t\t\t\t\t<span class=\"entry-date\">5 juillet <span class=\"has-normal-weight\">au<\/span> 5 ao\u00fbt 2026 | Hameau du Haut, Le Village des Pruniers<\/span>\n\n\t\t\t\t<\/div><!-- .entry-meta -->\n\t\t\t\t<h2 class=\"entry-title\">B\u00e9n\u00e9volat &#8211; Programme Enfants 2026<\/h2>\t\t\t<\/header><!-- .entry-header -->\n\n\t\t\t<div class=\"entry-content\">\n\t\t\t\t<p>Nous recherchons des b\u00e9n\u00e9voles pour le programme Enfants, qui soient bien ancr\u00e9s dans la pratique du Village des Pruniers, sachent comment travailler en harmonie au sein d\u2019une \u00e9quipe et aspirent \u00e0 offrir leur pr\u00e9sence,&#8230;<\/p>\n\t\t\t<\/div><!-- .entry-content -->\n\t\t\t<btn class=\"btn btn-sm btn-earth mb-3\">Plus d&rsquo;informations &#038; inscriptions<\/btn>\n\n\t\t<\/div>\n\t\t<\/a>                    <\/article>\n                                    <article id=\"post-\" class=\"index-event index-item col-md-6\t\t\t\t\t\t region-eu practice-centres-village-des-pruniers month-8\">\n                        \t\t<a href=\"https:\/\/plumvillage.org\/fr\/event\/benevolat-2\/benevolat-wake-up-2026\">\n\t\t\t\t\t\t\t<div class=\"index-thumbnail\"><img loading=\"lazy\" decoding=\"async\" width=\"480\" height=\"290\" src=\"https:\/\/plumvillage.org\/wp-content\/uploads\/2025\/03\/wake-up-480x290.webp\" class=\"attachment-landscape size-landscape\" alt=\"\" srcset=\"https:\/\/plumvillage.org\/wp-content\/uploads\/2025\/03\/wake-up-480x290.webp 480w, https:\/\/plumvillage.org\/wp-content\/uploads\/2025\/03\/wake-up-720x435.webp 720w\" sizes=\"auto, (max-width: 480px) 100vw, 480px\" \/><\/div>\n\t\t\t\t<div class=\"index-content\">\n\t\t\t\t\t\t<header class=\"entry-header\">\n\t\t\t\t<div class=\"entry-meta\">\n\t\t\t\t\t\t\t\t\t\t\t<span class=\"event-label has-earth-background-color\">Inscription ouverte<\/span>\n\t\t\t\t\t\t\t\t\t\t\t\t\t\t\t\t\t\t\t\t\t\t\t\t\t\t\t\t\t<span class=\"event-label event-type entry-event-type\">\n\t\t\t\t\t\t\t\tB\u00e9n\u00e9volat\t\t\t\t\t\t\t\t<\/span>\n\t\t\t\t\t\t\t\t\t\t\t\t\t\n\t\t\t\t\t\t\t\t\t\t\t\t\n\t\t\t\t\t\t<span class=\"entry-date\">5 ao\u00fbt <span class=\"has-normal-weight\">au<\/span> 19 ao\u00fbt 2026 | Le Village des Pruniers<\/span>\n\n\t\t\t\t<\/div><!-- .entry-meta -->\n\t\t\t\t<h2 class=\"entry-title\">B\u00e9n\u00e9volat &#8211; Wake Up 2026<\/h2>\t\t\t<\/header><!-- .entry-header -->\n\n\t\t\t<div class=\"entry-content\">\n\t\t\t\t<p>(ANGLAIS N\u00c9CESSAIRE) Nous aimerions inviter des praticien-es exp\u00e9riment\u00e9-es dans la tradition du Village des Pruniers \u00e0 nous soutenir en tant que b\u00e9n\u00e9voles pendant la retraite Wake Up pour les jeunes de 18 \u00e0 35&#8230;<\/p>\n\t\t\t<\/div><!-- .entry-content -->\n\t\t\t<btn class=\"btn btn-sm btn-earth mb-3\">Plus d&rsquo;informations &#038; inscriptions<\/btn>\n\n\t\t<\/div>\n\t\t<\/a>                    <\/article>\n                            <\/div>\n        <\/div>\n    <\/div>\n\n\n<p>(des offres de b\u00e9n\u00e9volat seront ajout\u00e9es au fur et \u00e0 mesure)<\/p>\n","protected":false},"excerpt":{"rendered":"<p>Voici les prochaines opportunit\u00e9s de b\u00e9n\u00e9volat pour ceux qui souhaitent soutenir nos retraites. Ces opportunit\u00e9s sont particuli\u00e8rement appropri\u00e9es pour celles et ceux qui ont de l&rsquo;exp\u00e9rience dans la tradition du Village des Pruniers et qui connaissent bien nos retraites. Si votre niveau d&rsquo;anglais est suffisant et que vous souhaitez consulter toutes les autres opportunit\u00e9s de<\/p>\n","protected":false},"author":1088,"featured_media":0,"parent":0,"menu_order":0,"comment_status":"closed","ping_status":"closed","template":"","meta":{"_acf_changed":false,"sync_status":"","episode_type":"","audio_file":"","castos_file_data":"","podmotor_file_id":"","cover_image":"","cover_image_id":"","duration":"","filesize":"","filesize_raw":"","date_recorded":"","explicit":"","block":"","itunes_episode_number":"","itunes_title":"","itunes_season_number":"","itunes_episode_type":"","ep_exclude_from_search":false,"footnotes":""},"class_list":["post-429555","page","type-page","status-publish","hentry"],"acf":[],"_links":{"self":[{"href":"https:\/\/plumvillage.org\/fr\/wp-json\/wp\/v2\/pages\/429555","targetHints":{"allow":["GET"]}}],"collection":[{"href":"https:\/\/plumvillage.org\/fr\/wp-json\/wp\/v2\/pages"}],"about":[{"href":"https:\/\/plumvillage.org\/fr\/wp-json\/wp\/v2\/types\/page"}],"author":[{"embeddable":true,"href":"https:\/\/plumvillage.org\/fr\/wp-json\/wp\/v2\/users\/1088"}],"replies":[{"embeddable":true,"href":"https:\/\/plumvillage.org\/fr\/wp-json\/wp\/v2\/comments?post=429555"}],"version-history":[{"count":5,"href":"https:\/\/plumvillage.org\/fr\/wp-json\/wp\/v2\/pages\/429555\/revisions"}],"predecessor-version":[{"id":629161,"href":"https:\/\/plumvillage.org\/fr\/wp-json\/wp\/v2\/pages\/429555\/revisions\/629161"}],"wp:attachment":[{"href":"https:\/\/plumvillage.org\/fr\/wp-json\/wp\/v2\/media?parent=429555"}],"curies":[{"name":"wp","href":"https:\/\/api.w.org\/{rel}","templated":true}]}}