{"id":479932,"date":"2024-06-02T20:46:23","date_gmt":"2024-06-02T18:46:23","guid":{"rendered":"https:\/\/plumvillage.org\/donner\/support-lower-hamlet"},"modified":"2025-06-25T16:39:40","modified_gmt":"2025-06-25T14:39:40","slug":"support-lower-hamlet","status":"publish","type":"page","link":"https:\/\/plumvillage.org\/fr\/donner\/support-lower-hamlet","title":{"rendered":"Soutenir le Hameau du Bas"},"content":{"rendered":"\n<div class=\"jump-to align\" id=\"notre-defi\">\n\t<hr>\n\t<span class=\"jump-to-text\"><span class=\"label\">Allez vers <span class=\"icon icon-arrow-tiny\"><\/span><\/span>\n\t\t<a class=\"active\" href=\"#notre-defi\">Notre d\u00e9fi<\/a>, <a  href=\"#nos-besoins-immediats\">Nos besoins imm\u00e9diats<\/a><\/span>\n<\/div>\n\n\n<div class=\"wp-block-group is-nowrap is-layout-flex wp-container-core-group-is-layout-ad2f72ca wp-block-group-is-layout-flex\"><\/div>\n\n\n\n<figure class=\"wp-block-image alignright size-full\"><img loading=\"lazy\" decoding=\"async\" width=\"775\" height=\"522\" src=\"https:\/\/plumvillage.org\/wp-content\/uploads\/2024\/06\/Screenshot-2024-06-02-at-17.52.49.png\" alt=\"\" class=\"wp-image-457814\" srcset=\"https:\/\/plumvillage.org\/wp-content\/uploads\/2024\/06\/Screenshot-2024-06-02-at-17.52.49.png 775w, https:\/\/plumvillage.org\/wp-content\/uploads\/2024\/06\/Screenshot-2024-06-02-at-17.52.49-499x336.png 499w, https:\/\/plumvillage.org\/wp-content\/uploads\/2024\/06\/Screenshot-2024-06-02-at-17.52.49-768x517.png 768w\" sizes=\"auto, (max-width: 775px) 100vw, 775px\" \/><\/figure>\n\n\n\n<h2 class=\"wp-block-heading\">Notre d\u00e9fi<\/h2>\n\n\n\n<p>Depuis les ann\u00e9es 1980, les b\u00e2timents agricoles d\u00e9labr\u00e9s de Plum Village ont \u00e9t\u00e9 restaur\u00e9s par les b\u00e9n\u00e9voles et les r\u00e9sidents avec beaucoup d\u2019amour.<\/p>\n\n\n\n<p>Alors que nous continuons \u00e0 offrir un sanctuaire spirituel \u00e0 un nombre croissant de personnes chaque ann\u00e9e, nos b\u00e2timents et notre terrain partag\u00e9s sont soumis \u00e0 d&rsquo;\u00e9normes d\u00e9fis.<\/p>\n\n\n\n<p>Aujourd&rsquo;hui, les logements et les installations monastiques du Hameau du bas ne r\u00e9pondent plus aux nouvelles exigences des normes europ\u00e9ennes. Les autorit\u00e9s nous demandent de moderniser nos infrastructures \u00e9lectriques et hydrauliques. Et nous avons d\u00fb d\u00e9manteler le hangar \u00e0 tabac converti en r\u00e9sidence monastique dont la couverture \u00e9tait en amiante.<\/p>\n\n\n\n<div class=\"wp-block-buttons is-content-justification-center is-layout-flex wp-container-core-buttons-is-layout-16018d1d wp-block-buttons-is-layout-flex\">\n<div class=\"wp-block-button is-style-large\"><a class=\"wp-block-button__link wp-element-button\" href=\"https:\/\/donor.plumvillage.org\/page\/supportlowerhamlet\">Donner<\/a><\/div>\n<\/div>\n\n\n\n<p><\/p>\n\n\n\n<p><em>Les dons pour le projet de construction du Village des Pruniers ne sont pas deductibles des imp\u00f4ts en France. Veuillez cliquer sur le bouton ci-dessous pour faire un don avec d\u00e9duction fiscale.<\/em><\/p>\n\n\n\n<div class=\"wp-block-buttons is-content-justification-center is-layout-flex wp-container-core-buttons-is-layout-16018d1d wp-block-buttons-is-layout-flex\">\n<div class=\"wp-block-button is-style-large\"><a class=\"wp-block-button__link wp-element-button\" href=\"https:\/\/plumvillage.org\/fr\/don?form=1905HB\">Donner avec d\u00e9duction fiscale<\/a><\/div>\n<\/div>\n\n\n\n<div class=\"jump-to align\" id=\"nos-besoins-immediats\">\n\t<hr>\n\t<span class=\"jump-to-text\"><span class=\"label\">Allez vers <span class=\"icon icon-arrow-tiny\"><\/span><\/span>\n\t\t<a  href=\"#notre-defi\">Notre d\u00e9fi<\/a>, <a class=\"active\" href=\"#nos-besoins-immediats\">Nos besoins imm\u00e9diats<\/a><\/span>\n<\/div>\n\n\n<h2 class=\"wp-block-heading\">Nos besoins imm\u00e9diats<\/h2>\n\n\n\n<p>Construire des logements de haute densit\u00e9 et des installations de formation monastique pour 60-75 moniales et aspirantes de 12 nationalit\u00e9s, comprenant des dortoirs, un zendo, une biblioth\u00e8que, des espaces communs et des salles de classe.<\/p>\n\n\n\n<p>Pouvoir ainsi mettre tr\u00e8s rapidement \u00e0 disposition sur place 60 lits aux normes pour les h\u00f4tes, ainsi qu\u2019 une salle de yoga, une biblioth\u00e8que, une buanderie et des espaces communs.<\/p>\n\n\n\n<p>Cr\u00e9er des \u00e9tangs, des prairies, une for\u00eat nourrici\u00e8re, des lits de rivi\u00e8res \u00e0 sec, ainsi<strong> <\/strong>que des chemins praticables par tous les temps ainsi que planter plus de    1 000 arbres.<\/p>\n\n\n\n<p>Repenser l&rsquo;\u00e9coulement de l&rsquo;eau, l&rsquo;\u00e9lectricit\u00e9 et l&rsquo;utilisation de l&rsquo;\u00e9nergie sur l&rsquo;ensemble du site afin de r\u00e9pondre efficacement \u00e0 la demande croissante.<\/p>\n\n\n\n<p>Avec votre aide, le Village des Pruniers continuera \u00e0 servir de foyer pour nos r\u00e9sidents monastiques et la\u00efcs, de&nbsp;<strong>terrain d\u2019entra\u00eenement pour les aspirants<\/strong>, de&nbsp;<strong>refuge pour les retraitants<\/strong>, de&nbsp;<strong>laboratoire pour imaginer de nouvelles fa\u00e7ons de partager le Dharma<\/strong>, et de&nbsp;<strong>lieu de p\u00e8lerinage<\/strong>&nbsp;en raison de l\u2019empreinte ind\u00e9l\u00e9bile que Thay a laiss\u00e9 sur ce territoire.<\/p>\n\n\n\n<div class=\"wp-block-buttons is-content-justification-center is-layout-flex wp-container-core-buttons-is-layout-16018d1d wp-block-buttons-is-layout-flex\"><\/div>\n\n\n\n<div class=\"wp-block-buttons is-content-justification-center is-layout-flex wp-container-core-buttons-is-layout-16018d1d wp-block-buttons-is-layout-flex\">\n<div class=\"wp-block-button is-style-large\"><a class=\"wp-block-button__link wp-element-button\" href=\"https:\/\/donor.plumvillage.org\/page\/supportlowerhamlet\">Donner<\/a><\/div>\n<\/div>\n\n\n\n<p><\/p>\n\n\n\n<div class=\"wp-block-buttons is-content-justification-center is-layout-flex wp-container-core-buttons-is-layout-8057eaf3 wp-block-buttons-is-layout-flex\">\n<div class=\"wp-block-button is-style-large\"><a class=\"wp-block-button__link wp-element-button\" href=\"https:\/\/plumvillage.org\/fr\/don?form=1905HB\">Donner avec d\u00e9duction fiscale<\/a><\/div>\n<\/div>\n\n\n\n<p><\/p>\n","protected":false},"excerpt":{"rendered":"<p>Notre d\u00e9fi Depuis les ann\u00e9es 1980, les b\u00e2timents agricoles d\u00e9labr\u00e9s de Plum Village ont \u00e9t\u00e9 restaur\u00e9s par les b\u00e9n\u00e9voles et les r\u00e9sidents avec beaucoup d\u2019amour. Alors que nous continuons \u00e0 offrir un sanctuaire spirituel \u00e0 un nombre croissant de personnes chaque ann\u00e9e, nos b\u00e2timents et notre terrain partag\u00e9s sont soumis \u00e0 d&rsquo;\u00e9normes d\u00e9fis. Aujourd&rsquo;hui, les<\/p>\n","protected":false},"author":1088,"featured_media":0,"parent":373774,"menu_order":0,"comment_status":"closed","ping_status":"closed","template":"","meta":{"_acf_changed":false,"sync_status":"","episode_type":"","audio_file":"","podmotor_file_id":"","podmotor_episode_id":"","castos_file_data":"","cover_image":"","cover_image_id":"","duration":"","filesize":"","filesize_raw":"","date_recorded":"","explicit":"","block":"","itunes_episode_number":"","itunes_title":"","itunes_season_number":"","itunes_episode_type":"","ep_exclude_from_search":false,"footnotes":""},"class_list":["post-479932","page","type-page","status-publish","hentry"],"acf":[],"_links":{"self":[{"href":"https:\/\/plumvillage.org\/fr\/wp-json\/wp\/v2\/pages\/479932","targetHints":{"allow":["GET"]}}],"collection":[{"href":"https:\/\/plumvillage.org\/fr\/wp-json\/wp\/v2\/pages"}],"about":[{"href":"https:\/\/plumvillage.org\/fr\/wp-json\/wp\/v2\/types\/page"}],"author":[{"embeddable":true,"href":"https:\/\/plumvillage.org\/fr\/wp-json\/wp\/v2\/users\/1088"}],"replies":[{"embeddable":true,"href":"https:\/\/plumvillage.org\/fr\/wp-json\/wp\/v2\/comments?post=479932"}],"version-history":[{"count":5,"href":"https:\/\/plumvillage.org\/fr\/wp-json\/wp\/v2\/pages\/479932\/revisions"}],"predecessor-version":[{"id":524106,"href":"https:\/\/plumvillage.org\/fr\/wp-json\/wp\/v2\/pages\/479932\/revisions\/524106"}],"up":[{"embeddable":true,"href":"https:\/\/plumvillage.org\/fr\/wp-json\/wp\/v2\/pages\/373774"}],"wp:attachment":[{"href":"https:\/\/plumvillage.org\/fr\/wp-json\/wp\/v2\/media?parent=479932"}],"curies":[{"name":"wp","href":"https:\/\/api.w.org\/{rel}","templated":true}]}}