{"id":479934,"date":"2024-07-24T14:05:46","date_gmt":"2024-07-24T12:05:46","guid":{"rendered":"https:\/\/plumvillage.org\/donner\/support-new-hamlet"},"modified":"2025-06-25T16:41:05","modified_gmt":"2025-06-25T14:41:05","slug":"support-new-hamlet","status":"publish","type":"page","link":"https:\/\/plumvillage.org\/fr\/donner\/support-new-hamlet","title":{"rendered":"Soutenir le Hameau Nouveau"},"content":{"rendered":"\n<div class=\"jump-to align\" id=\"notre-defi-et-nos-aspirations\">\n\t<hr>\n\t<span class=\"jump-to-text\"><span class=\"label\">Allez vers <span class=\"icon icon-arrow-tiny\"><\/span><\/span>\n\t\t<a class=\"active\" href=\"#notre-defi-et-nos-aspirations\">Notre d\u00e9fi et nos aspirations<\/a>, <a  href=\"#nos-besoins-immediats\">Nos besoins imm\u00e9diats<\/a><\/span>\n<\/div>\n\n\n<figure class=\"wp-block-image alignright size-large\"><img loading=\"lazy\" decoding=\"async\" width=\"1024\" height=\"568\" src=\"https:\/\/plumvillage.org\/wp-content\/uploads\/2024\/07\/ezgif-7-ef97df5d17-1024x568.jpg\" alt=\"\" class=\"wp-image-463484\" srcset=\"https:\/\/plumvillage.org\/wp-content\/uploads\/2024\/07\/ezgif-7-ef97df5d17-1024x568.jpg 1024w, https:\/\/plumvillage.org\/wp-content\/uploads\/2024\/07\/ezgif-7-ef97df5d17-499x277.jpg 499w, https:\/\/plumvillage.org\/wp-content\/uploads\/2024\/07\/ezgif-7-ef97df5d17-768x426.jpg 768w, https:\/\/plumvillage.org\/wp-content\/uploads\/2024\/07\/ezgif-7-ef97df5d17-1536x852.jpg 1536w, https:\/\/plumvillage.org\/wp-content\/uploads\/2024\/07\/ezgif-7-ef97df5d17.jpg 1600w\" sizes=\"auto, (max-width: 1024px) 100vw, 1024px\" \/><\/figure>\n\n\n\n<h2 class=\"wp-block-heading\">Notre d\u00e9fi<\/h2>\n\n\n\n<p>Actuellement, nos h\u00f4tes doivent s\u00e9journer \u00e0 l&rsquo;ext\u00e9rieur du site, dans un h\u00e9bergement situ\u00e9 \u00e0 plusieurs minutes de marche du hameau. Les s\u0153urs sont r\u00e9parties dans diff\u00e9rents b\u00e2timents<\/p>\n\n\n\n<h4 class=\"wp-block-heading\">Nos aspirations<\/h4>\n\n\n\n<ul class=\"wp-block-list\">\n<li>En cultivant la force et la stabilit\u00e9, \u00eatre un refuge r\u00e9silient et inspirant pour les r\u00e9sidents et les invit\u00e9s afin de gu\u00e9rir et de transformer la souffrance.<\/li>\n\n\n\n<li>\u00c9tablir une base solide et nourrissante d\u2019enseignements, \u00e0 partir de laquelle nous pourrons partager avec un public mondial sur internet, dans des livres et lors de tourn\u00e9es monastiques.<\/li>\n\n\n\n<li>D\u00e9velopper notre capacit\u00e9 \u00e0 accueillir des personnes au sein du hameau, afin que les moniales et leurs h\u00f4tes puissent \u00eatre plus proches les uns des autres.<\/li>\n\n\n\n<li>Mod\u00e9liser des m\u00e9thodes de construction simples, \u00e9cologiques et durables avec les artisans locaux.<\/li>\n<\/ul>\n\n\n\n<div class=\"wp-block-buttons is-content-justification-center is-layout-flex wp-container-core-buttons-is-layout-16018d1d wp-block-buttons-is-layout-flex\">\n<div class=\"wp-block-button is-style-large\"><a class=\"wp-block-button__link wp-element-button\" href=\"https:\/\/donor.plumvillage.org\/page\/supportnewhamlet\">Donner<\/a><\/div>\n<\/div>\n\n\n\n<p><\/p>\n\n\n\n<p><em>Les dons pour le projet de construction du Village des Pruniers ne sont pas <em>d\u00e9ductibles<\/em> des imp\u00f4ts en France. Veuillez cliquer sur le bouton ci-dessous\u00a0pour faire un don avec d\u00e9duction fiscale.<\/em><\/p>\n\n\n\n<div class=\"wp-block-buttons is-content-justification-center is-layout-flex wp-container-core-buttons-is-layout-16018d1d wp-block-buttons-is-layout-flex\">\n<div class=\"wp-block-button is-style-large\"><a class=\"wp-block-button__link has-text-align-center wp-element-button\" href=\"https:\/\/plumvillage.org\/fr\/don?form=1905HN\">Donner avec d\u00e9duction fiscale<\/a><\/div>\n<\/div>\n\n\n\n<div class=\"jump-to align\" id=\"nos-besoins-immediats\">\n\t<hr>\n\t<span class=\"jump-to-text\"><span class=\"label\">Allez vers <span class=\"icon icon-arrow-tiny\"><\/span><\/span>\n\t\t<a  href=\"#notre-defi-et-nos-aspirations\">Notre d\u00e9fi et nos aspirations<\/a>, <a class=\"active\" href=\"#nos-besoins-immediats\">Nos besoins imm\u00e9diats<\/a><\/span>\n<\/div>\n\n\n<h2 class=\"wp-block-heading\">Nos besoins imm\u00e9diats<\/h2>\n\n\n\n<p>Nouveaux dortoirs monastiques pouvant accueillir jusqu&rsquo;\u00e0 84 s\u0153urs, ce qui lib\u00e9rera 60 lits sur place pour les h\u00f4tes.<\/p>\n\n\n\n<p>B\u00e2timents modulaires en paille, \u00e9conomes en \u00e9nergie.<\/p>\n\n\n\n<p>Construction d&rsquo;une nouvelle salle de m\u00e9ditation, plus grande, pouvant accueillir jusqu&rsquo;\u00e0 800 personnes les jours o\u00f9 tous les hameaux se r\u00e9unissent.<\/p>\n\n\n\n<p>Avec votre aide, le Village des Pruniers continuera \u00e0 servir de foyer pour nos r\u00e9sidents monastiques et la\u00efcs, de <strong>terrain d&rsquo;entra\u00eenement pour les aspirants<\/strong>, de <strong>refuge pour les retraitants<\/strong>, de <strong>laboratoire pour imaginer de nouvelles fa\u00e7ons de partager le Dharma<\/strong>, et de <strong>lieu de p\u00e8lerinage<\/strong> en raison de l&#8217;empreinte ind\u00e9l\u00e9bile que Thay a laiss\u00e9 sur ce territoire.<\/p>\n\n\n\n<div class=\"wp-block-buttons is-content-justification-center is-layout-flex wp-container-core-buttons-is-layout-16018d1d wp-block-buttons-is-layout-flex\">\n<div class=\"wp-block-button is-style-large\"><a class=\"wp-block-button__link wp-element-button\" href=\"https:\/\/donor.plumvillage.org\/page\/supportnewhamlet\">Donner<\/a><\/div>\n<\/div>\n\n\n\n<p><\/p>\n\n\n\n<div class=\"wp-block-buttons is-content-justification-center is-layout-flex wp-container-core-buttons-is-layout-16018d1d wp-block-buttons-is-layout-flex\">\n<div class=\"wp-block-button is-style-large\"><a class=\"wp-block-button__link has-text-align-center wp-element-button\" href=\"https:\/\/plumvillage.org\/fr\/don?form=1905HN\">Donner avec d\u00e9duction fiscale<\/a><\/div>\n<\/div>\n\n\n\n<p><\/p>\n","protected":false},"excerpt":{"rendered":"<p>Notre d\u00e9fi Actuellement, nos h\u00f4tes doivent s\u00e9journer \u00e0 l&rsquo;ext\u00e9rieur du site, dans un h\u00e9bergement situ\u00e9 \u00e0 plusieurs minutes de marche du hameau. Les s\u0153urs sont r\u00e9parties dans diff\u00e9rents b\u00e2timents Nos aspirations Les dons pour le projet de construction du Village des Pruniers ne sont pas d\u00e9ductibles des imp\u00f4ts en France. Veuillez cliquer sur le bouton<\/p>\n","protected":false},"author":1088,"featured_media":0,"parent":373774,"menu_order":0,"comment_status":"closed","ping_status":"closed","template":"","meta":{"_acf_changed":false,"sync_status":"","episode_type":"","audio_file":"","castos_file_data":"","podmotor_file_id":"","cover_image":"","cover_image_id":"","duration":"","filesize":"","filesize_raw":"","date_recorded":"","explicit":"","block":"","itunes_episode_number":"","itunes_title":"","itunes_season_number":"","itunes_episode_type":"","ep_exclude_from_search":false,"footnotes":""},"class_list":["post-479934","page","type-page","status-publish","hentry"],"acf":[],"_links":{"self":[{"href":"https:\/\/plumvillage.org\/fr\/wp-json\/wp\/v2\/pages\/479934","targetHints":{"allow":["GET"]}}],"collection":[{"href":"https:\/\/plumvillage.org\/fr\/wp-json\/wp\/v2\/pages"}],"about":[{"href":"https:\/\/plumvillage.org\/fr\/wp-json\/wp\/v2\/types\/page"}],"author":[{"embeddable":true,"href":"https:\/\/plumvillage.org\/fr\/wp-json\/wp\/v2\/users\/1088"}],"replies":[{"embeddable":true,"href":"https:\/\/plumvillage.org\/fr\/wp-json\/wp\/v2\/comments?post=479934"}],"version-history":[{"count":5,"href":"https:\/\/plumvillage.org\/fr\/wp-json\/wp\/v2\/pages\/479934\/revisions"}],"predecessor-version":[{"id":524110,"href":"https:\/\/plumvillage.org\/fr\/wp-json\/wp\/v2\/pages\/479934\/revisions\/524110"}],"up":[{"embeddable":true,"href":"https:\/\/plumvillage.org\/fr\/wp-json\/wp\/v2\/pages\/373774"}],"wp:attachment":[{"href":"https:\/\/plumvillage.org\/fr\/wp-json\/wp\/v2\/media?parent=479934"}],"curies":[{"name":"wp","href":"https:\/\/api.w.org\/{rel}","templated":true}]}}