{"id":479935,"date":"2024-07-24T14:05:25","date_gmt":"2024-07-24T12:05:25","guid":{"rendered":"https:\/\/plumvillage.org\/donner\/support-upper-hamlet"},"modified":"2025-06-25T16:48:32","modified_gmt":"2025-06-25T14:48:32","slug":"support-upper-hamlet","status":"publish","type":"page","link":"https:\/\/plumvillage.org\/fr\/donner\/support-upper-hamlet","title":{"rendered":"Soutenir le Hameau du Haut"},"content":{"rendered":"\n<div class=\"jump-to align\" id=\"notre-defi\">\n\t<hr>\n\t<span class=\"jump-to-text\"><span class=\"label\">Allez vers <span class=\"icon icon-arrow-tiny\"><\/span><\/span>\n\t\t<a class=\"active\" href=\"#notre-defi\">Notre d\u00e9fi<\/a>, <a  href=\"#nos-besoins-immediats\">Nos besoins imm\u00e9diats<\/a><\/span>\n<\/div>\n\n\n<figure class=\"wp-block-image alignright size-full\"><img loading=\"lazy\" decoding=\"async\" width=\"799\" height=\"532\" src=\"https:\/\/plumvillage.org\/wp-content\/uploads\/2024\/07\/ezgif-7-eb35c5bf06.webp\" alt=\"\" class=\"wp-image-463500\" srcset=\"https:\/\/plumvillage.org\/wp-content\/uploads\/2024\/07\/ezgif-7-eb35c5bf06.webp 799w, https:\/\/plumvillage.org\/wp-content\/uploads\/2024\/07\/ezgif-7-eb35c5bf06-499x332.webp 499w, https:\/\/plumvillage.org\/wp-content\/uploads\/2024\/07\/ezgif-7-eb35c5bf06-768x511.webp 768w\" sizes=\"auto, (max-width: 799px) 100vw, 799px\" \/><\/figure>\n\n\n\n<h2 class=\"wp-block-heading\">Notre d\u00e9fi<\/h2>\n\n\n\n<p>Depuis les ann\u00e9es 1980, les b\u00e2timents agricoles d\u00e9labr\u00e9s de Plum Village ont \u00e9t\u00e9 restaur\u00e9s par les b\u00e9n\u00e9voles et les r\u00e9sidents avec beaucoup d&rsquo;amour.<\/p>\n\n\n\n<p>Alors que nous continuons \u00e0 offrir un sanctuaire spirituel \u00e0 un nombre croissant de personnes chaque ann\u00e9e, nos b\u00e2timents et notre terrain partag\u00e9s sont soumis \u00e0 d&rsquo;\u00e9normes d\u00e9fis. Nous manquons d&rsquo;espaces int\u00e9rieurs et de centres d&rsquo;activit\u00e9s communautaires pour accueillir des retraites tout au long de l&rsquo;ann\u00e9e et par tous les temps.<\/p>\n\n\n\n<p>Aujourd&rsquo;hui, de nombreux dortoirs et installations ne r\u00e9pondent plus aux nouvelles exigences des normes europ\u00e9ennes. Les autorit\u00e9s nous ont donn\u00e9 cinq ans pour travailler \u00e0 la mise aux normes du Hameau du haut et nous devons montrer des progr\u00e8s chaque ann\u00e9e.<\/p>\n\n\n\n<div class=\"wp-block-buttons is-content-justification-center is-layout-flex wp-container-core-buttons-is-layout-16018d1d wp-block-buttons-is-layout-flex\">\n<div class=\"wp-block-button is-style-large\"><a class=\"wp-block-button__link wp-element-button\" href=\"https:\/\/donor.plumvillage.org\/page\/supportupperhamlet\">Donner<\/a><\/div>\n<\/div>\n\n\n\n<p><\/p>\n\n\n\n<p><em>Les dons pour le projet de construction du Village des Pruniers ne sont pas d\u00e9ductibles des imp\u00f4ts en France. Veuillez cliquer sur le bouton ci-dessous pour faire un don avec d\u00e9duction fiscale.<\/em><\/p>\n\n\n\n<div class=\"wp-block-buttons is-content-justification-center is-layout-flex wp-container-core-buttons-is-layout-16018d1d wp-block-buttons-is-layout-flex\">\n<div class=\"wp-block-button is-style-large\"><a class=\"wp-block-button__link wp-element-button\" href=\"https:\/\/plumvillage.org\/fr\/don?form=1905HH\">Donner avec d\u00e9duction fiscale<\/a><\/div>\n<\/div>\n\n\n\n<div class=\"jump-to align\" id=\"nos-besoins-immediats\">\n\t<hr>\n\t<span class=\"jump-to-text\"><span class=\"label\">Allez vers <span class=\"icon icon-arrow-tiny\"><\/span><\/span>\n\t\t<a  href=\"#notre-defi\">Notre d\u00e9fi<\/a>, <a class=\"active\" href=\"#nos-besoins-immediats\">Nos besoins imm\u00e9diats<\/a><\/span>\n<\/div>\n\n\n<h2 class=\"wp-block-heading\">Nos besoins imm\u00e9diats<\/h2>\n\n\n\n<p>Un total de 60 nouveaux lits aux normes dans des logements \u00e9cologiques, comprenant 9 espaces de retraite polyvalents.<\/p>\n\n\n\n<p>Cr\u00e9ation d&rsquo;une nouvelle entr\u00e9e et d&rsquo;une cour accueillante.<\/p>\n\n\n\n<p>Restauration de l&rsquo;ancienne grange \u201cHarmonie\u201d&nbsp;datant du 19e si\u00e8cle pour en faire un centre communautaire, avec des espaces d&rsquo;activit\u00e9s, des dortoirs pour les invit\u00e9s et des installations pour les campeurs.<\/p>\n\n\n\n<p>Avec votre aide, le Village des Pruniers continuera \u00e0 servir de foyer pour nos r\u00e9sidents monastiques et la\u00efcs, de <strong>terrain d&rsquo;entra\u00eenement pour les aspirants<\/strong>, de <strong>refuge pour les retraitants<\/strong>, de <strong>laboratoire pour imaginer de nouvelles fa\u00e7ons de partager le Dharma<\/strong>, et de <strong>lieu de p\u00e8lerinage<\/strong> en raison de l&#8217;empreinte ind\u00e9l\u00e9bile que Thay a laiss\u00e9 sur ce territoire.<\/p>\n\n\n\n<div class=\"wp-block-buttons is-content-justification-center is-layout-flex wp-container-core-buttons-is-layout-16018d1d wp-block-buttons-is-layout-flex\">\n<div class=\"wp-block-button is-style-large\"><a class=\"wp-block-button__link wp-element-button\" href=\"https:\/\/donor.plumvillage.org\/page\/supportupperhamlet\">Donner<\/a><\/div>\n<\/div>\n\n\n\n<div class=\"wp-block-buttons is-content-justification-center is-layout-flex wp-container-core-buttons-is-layout-16018d1d wp-block-buttons-is-layout-flex\"><\/div>\n\n\n\n<p><\/p>\n\n\n\n<div class=\"wp-block-buttons is-content-justification-center is-layout-flex wp-container-core-buttons-is-layout-16018d1d wp-block-buttons-is-layout-flex\">\n<div class=\"wp-block-button is-style-large\"><a class=\"wp-block-button__link wp-element-button\" href=\"https:\/\/plumvillage.org\/fr\/don?form=1905HH\">Donner avec d\u00e9duction fiscale<\/a><\/div>\n<\/div>\n\n\n\n<p><\/p>\n","protected":false},"excerpt":{"rendered":"<p>Notre d\u00e9fi Depuis les ann\u00e9es 1980, les b\u00e2timents agricoles d\u00e9labr\u00e9s de Plum Village ont \u00e9t\u00e9 restaur\u00e9s par les b\u00e9n\u00e9voles et les r\u00e9sidents avec beaucoup d&rsquo;amour. Alors que nous continuons \u00e0 offrir un sanctuaire spirituel \u00e0 un nombre croissant de personnes chaque ann\u00e9e, nos b\u00e2timents et notre terrain partag\u00e9s sont soumis \u00e0 d&rsquo;\u00e9normes d\u00e9fis. Nous manquons<\/p>\n","protected":false},"author":1088,"featured_media":0,"parent":373774,"menu_order":0,"comment_status":"closed","ping_status":"closed","template":"","meta":{"_acf_changed":false,"sync_status":"","episode_type":"","audio_file":"","castos_file_data":"","podmotor_file_id":"","cover_image":"","cover_image_id":"","duration":"","filesize":"","filesize_raw":"","date_recorded":"","explicit":"","block":"","itunes_episode_number":"","itunes_title":"","itunes_season_number":"","itunes_episode_type":"","ep_exclude_from_search":false,"footnotes":""},"class_list":["post-479935","page","type-page","status-publish","hentry"],"acf":[],"_links":{"self":[{"href":"https:\/\/plumvillage.org\/fr\/wp-json\/wp\/v2\/pages\/479935","targetHints":{"allow":["GET"]}}],"collection":[{"href":"https:\/\/plumvillage.org\/fr\/wp-json\/wp\/v2\/pages"}],"about":[{"href":"https:\/\/plumvillage.org\/fr\/wp-json\/wp\/v2\/types\/page"}],"author":[{"embeddable":true,"href":"https:\/\/plumvillage.org\/fr\/wp-json\/wp\/v2\/users\/1088"}],"replies":[{"embeddable":true,"href":"https:\/\/plumvillage.org\/fr\/wp-json\/wp\/v2\/comments?post=479935"}],"version-history":[{"count":4,"href":"https:\/\/plumvillage.org\/fr\/wp-json\/wp\/v2\/pages\/479935\/revisions"}],"predecessor-version":[{"id":524113,"href":"https:\/\/plumvillage.org\/fr\/wp-json\/wp\/v2\/pages\/479935\/revisions\/524113"}],"up":[{"embeddable":true,"href":"https:\/\/plumvillage.org\/fr\/wp-json\/wp\/v2\/pages\/373774"}],"wp:attachment":[{"href":"https:\/\/plumvillage.org\/fr\/wp-json\/wp\/v2\/media?parent=479935"}],"curies":[{"name":"wp","href":"https:\/\/api.w.org\/{rel}","templated":true}]}}