{"id":591702,"date":"2025-11-12T22:41:29","date_gmt":"2025-11-12T21:41:29","guid":{"rendered":"https:\/\/plumvillage.org\/?page_id=591702"},"modified":"2025-11-18T07:20:46","modified_gmt":"2025-11-18T06:20:46","slug":"fourchette-de-tarifs-annulation-politique-de-remboursement-jusquen-decembre-2025","status":"publish","type":"page","link":"https:\/\/plumvillage.org\/fr\/fourchette-de-tarifs-annulation-politique-de-remboursement-jusquen-decembre-2025","title":{"rendered":"Fourchette de Tarifs, Annulation &amp; Politique de Remboursement jusqu&rsquo;en D\u00e9cembre 2025"},"content":{"rendered":"\n<div style=\"height:100px\" aria-hidden=\"true\" class=\"wp-block-spacer\"><\/div>\n\n\n\n<h2 class=\"wp-block-heading\">Fourchettes de prix<\/h2>\n\n\n\n<figure class=\"wp-block-image size-full\"><img loading=\"lazy\" decoding=\"async\" width=\"809\" height=\"823\" src=\"https:\/\/plumvillage.org\/wp-content\/uploads\/2025\/11\/image.png\" alt=\"\" class=\"wp-image-589241\" srcset=\"https:\/\/plumvillage.org\/wp-content\/uploads\/2025\/11\/image.png 809w, https:\/\/plumvillage.org\/wp-content\/uploads\/2025\/11\/image-499x508.png 499w, https:\/\/plumvillage.org\/wp-content\/uploads\/2025\/11\/image-768x781.png 768w\" sizes=\"auto, (max-width: 809px) 100vw, 809px\" \/><\/figure>\n\n\n\n<h2 class=\"wp-block-heading\"><em>Annulations &amp; Re<\/em>mboursements<\/h2>\n\n\n\n<div class=\"wp-block-media-text is-stacked-on-mobile\"><figure class=\"wp-block-media-text__media\"><img loading=\"lazy\" decoding=\"async\" width=\"300\" height=\"300\" src=\"https:\/\/plumvillage.org\/wp-content\/uploads\/2025\/11\/Flower-1-1.jpg\" alt=\"\" class=\"wp-image-589274 size-full\"\/><\/figure><div class=\"wp-block-media-text__content\">\n<p><em>Tout peut changer, nous en avons conscience.<\/em><\/p>\n\n\n\n<p><em>Merci de penser \u00e0 lib\u00e9rer votre place si vos plans \u00e9voluent \u2013 <strong>une place disponible est un opportunit\u00e9 pour un\u00b7e autre membre de la communaut\u00e9<\/strong>.<\/em><\/p>\n<\/div><\/div>\n\n\n\n<p><\/p>\n\n\n\n<p>Si vous annulez:<\/p>\n\n\n\n<ul class=\"wp-block-list\">\n<li>Plus de 3 semaines avant la date d&rsquo;arriv\u00e9e: Votre contribution vous sera rembours\u00e9e, <strong>moins les frais de gestion de 50 \u20ac<\/strong> (frais d\u2019annulation + frais de service).<\/li>\n\n\n\n<li><strong>Moins de 3 semaines avant la date d\u2019arriv\u00e9e<\/strong> : 50 % de votre contribution seront rembours\u00e9s (incluant les frais de gestion).<\/li>\n\n\n\n<li><strong>\u00c0 partir de la date d\u2019arriv\u00e9e (ou apr\u00e8s)<\/strong> : aucun remboursement ne pourra \u00eatre effectu\u00e9.<\/li>\n<\/ul>\n\n\n\n<h2 class=\"wp-block-heading\">Annulation d&rsquo;une retraite par le Village des Pruniers<\/h2>\n\n\n\n<p><br>Le Village des Pruniers se r\u00e9serve le droit d\u2019annuler une retraite, quelles que soient les circonstances.<br>Dans ce cas, l\u2019int\u00e9gralit\u00e9 des sommes que vous nous aurez vers\u00e9es pour votre inscription vous sera revers\u00e9e.<br><\/p>\n\n\n\n<p><strong>La responsabilit\u00e9 du Village des Pruniers se limite strictement au remboursement des frais d\u2019inscription \u00e0 la retraite.<\/strong> <\/p>\n\n\n\n<p>En aucun cas le Village des Pruniers ne pourra \u00eatre tenu pour responsable des d\u00e9penses engag\u00e9es par le\u00b7la participant\u00b7e en dehors de ce cadre, y compris, mais sans s\u2019y limiter, les frais de transport (billets d\u2019avion, train, etc.), les frais de visa, les r\u00e9servations d\u2019h\u00e9bergement externe ou tout autre co\u00fbt accessoire li\u00e9 \u00e0 la participation \u00e0 la retraite. <\/p>\n","protected":false},"excerpt":{"rendered":"<p>Fourchettes de prix Annulations &amp; Remboursements Tout peut changer, nous en avons conscience. Merci de penser \u00e0 lib\u00e9rer votre place si vos plans \u00e9voluent \u2013 une place disponible est un opportunit\u00e9 pour un\u00b7e autre membre de la communaut\u00e9. Si vous annulez: Annulation d&rsquo;une retraite par le Village des Pruniers Le Village des Pruniers se r\u00e9serve<\/p>\n","protected":false},"author":9591,"featured_media":0,"parent":0,"menu_order":0,"comment_status":"closed","ping_status":"closed","template":"","meta":{"_acf_changed":false,"sync_status":"","episode_type":"","audio_file":"","castos_file_data":"","podmotor_file_id":"","cover_image":"","cover_image_id":"","duration":"","filesize":"","filesize_raw":"","date_recorded":"","explicit":"","block":"","itunes_episode_number":"","itunes_title":"","itunes_season_number":"","itunes_episode_type":"","ep_exclude_from_search":false,"footnotes":""},"class_list":["post-591702","page","type-page","status-publish","hentry"],"acf":[],"_links":{"self":[{"href":"https:\/\/plumvillage.org\/fr\/wp-json\/wp\/v2\/pages\/591702","targetHints":{"allow":["GET"]}}],"collection":[{"href":"https:\/\/plumvillage.org\/fr\/wp-json\/wp\/v2\/pages"}],"about":[{"href":"https:\/\/plumvillage.org\/fr\/wp-json\/wp\/v2\/types\/page"}],"author":[{"embeddable":true,"href":"https:\/\/plumvillage.org\/fr\/wp-json\/wp\/v2\/users\/9591"}],"replies":[{"embeddable":true,"href":"https:\/\/plumvillage.org\/fr\/wp-json\/wp\/v2\/comments?post=591702"}],"version-history":[{"count":2,"href":"https:\/\/plumvillage.org\/fr\/wp-json\/wp\/v2\/pages\/591702\/revisions"}],"predecessor-version":[{"id":591749,"href":"https:\/\/plumvillage.org\/fr\/wp-json\/wp\/v2\/pages\/591702\/revisions\/591749"}],"wp:attachment":[{"href":"https:\/\/plumvillage.org\/fr\/wp-json\/wp\/v2\/media?parent=591702"}],"curies":[{"name":"wp","href":"https:\/\/api.w.org\/{rel}","templated":true}]}}