{"id":596926,"date":"2026-01-13T08:30:33","date_gmt":"2026-01-13T07:30:33","guid":{"rendered":"https:\/\/plumvillage.org\/?page_id=596926"},"modified":"2026-04-19T15:44:31","modified_gmt":"2026-04-19T13:44:31","slug":"inscription-au-hameau-nouveau","status":"publish","type":"page","link":"https:\/\/plumvillage.org\/fr\/retraites\/inscription-au-hameau-nouveau","title":{"rendered":"Inscription au Hameau Nouveau"},"content":{"rendered":"\n<p class=\"has-fresh-sun-background-color has-background\"><strong>Veuillez remplir un formulaire d&rsquo;inscription par personne.<\/strong> Vous trouverez ci-dessous toutes les options d&rsquo;h\u00e9bergement disponibles. Si vous ne voyez aucun lit disponible ou le type d&rsquo;h\u00e9bergement souhait\u00e9, cela signifie qu&rsquo;ils ont tous \u00e9t\u00e9 r\u00e9serv\u00e9s.<strong> Des places se lib\u00e9reront en cas d&rsquo;annulations.<\/strong> Vous pouvez donc revenir consulter la page d&rsquo;inscription pour v\u00e9rifier les disponibilit\u00e9s. <br><em>A Bien noter que : nous ne tenons pas de liste d&rsquo;attente.<\/em><br><br>\u00c0 la fin du processus d&rsquo;inscription, il vous sera demand\u00e9 de soumettre vos coordonn\u00e9es de paiement, mais notez qu&rsquo;aucun paiement ne sera encore d\u00e9bit\u00e9 de votre compte. Apr\u00e8s avoir soumis le formulaire, le Bureau des inscriptions examinera vos informations. S&rsquo;ils confirment votre place, un paiement sera imm\u00e9diatement d\u00e9bit\u00e9 de votre compte pour finaliser votre inscription. En cas de probl\u00e8me avec le paiement, un autre courriel vous sera envoy\u00e9 vous invitant \u00e0 effectuer \u00e0 nouveau le paiement.<br><br>Veuillez noter : votre r\u00e9servation sera trait\u00e9e de mani\u00e8re s\u00e9curis\u00e9e via un syst\u00e8me et logiciel en ligne appel\u00e9 Planyo.<br><br><strong>Le prix indiqu\u00e9 pour chaque type d&rsquo;h\u00e9bergement est par personne et comprend toutes les activit\u00e9s et enseignements de la retraite, ainsi que les repas quotidiens (petit-d\u00e9jeuner, d\u00e9jeuner et d\u00eener). <\/strong>Les prix incluent la TVA \u00e0 10 %. Comme nous facturons la TVA, nous pouvons r\u00e9cup\u00e9rer la TVA que nous payons sur la construction, l&rsquo;entretien et d&rsquo;autres co\u00fbts. Cela permet de garantir que votre contribution est utilis\u00e9e de la mani\u00e8re la plus efficace possible pour soutenir le Village des Pruniers.<br><br>Une taxe de s\u00e9jour suppl\u00e9mentaire sera ajout\u00e9e aux r\u00e9servations, le cas \u00e9ch\u00e9ant.<\/p>\n\n\n\n<hr class=\"wp-block-separator has-css-opacity\"\/>\n\n\n\n<script type=\"text\/javascript\">\n    function planyo_apply_top_level_class() { }; \/\/define missing function for now\n    \/\/ change the following values to match your settings\n    var planyo_site_id = '70109'; \/\/ ID of your planyo site\n    var planyo_default_mode = 'empty'; \/\/ one of: 'resource_list' (displays list of resources with photos, descriptions etc.), 'search' (displays the search box), 'empty' (will not display anything by default but will require you to either pass the resource ID as parameter in the URL (resource_id) or add an external search box or calendar preview), 'upcoming_availability' (displays a quick list of all upcoming availability)\n    var extra_search_fields = ''; \/\/ comma-separated extra fields in the search box, e.g. 'Number of persons'. You first need to define them in settings\/custom resource properties\n    var sort_fields = ''; \/\/ comma-separated sort fields for the search box -- a single field will hide the sort dropdown box\n    var planyo_resource_ordering = 'name'; \/\/ optional sort criterium for resource list\n    var planyo_include_js_library = true; \/\/ set this to true if jQuery (required) should be included by this plugin, or false if your website already includes jQuery\n    var planyo_attribs = ''; \/\/ optionally you can insert the attribute string here\n    var planyo_resource_id = ''; \/\/ optional: ID of the resource being reserved\n    var planyo_language = 'FR'; \/\/ you can optionally change the language here, e.g. 'FR' or 'ES' or pass the languge in the 'lang' parameter. 'AUTO' means the language is detected automatically\n    \/\/var ulap_script = \"ulap.php\";\n    var ulap_script = \"jsonp\"; \/\/ leave this as \"jsonp\" for a plain-javascript implementation --OR-- if using a php\/asp.net\/java implementation, one of the ULAP scripts: \"ulap.php\", \"ulap.aspx\", \"ulap.jsp\", in such case you must download the advanced integration Planyo files from http:\/\/www.planyo.com\/Plugins\/PlanyoFiles\/planyo-files.zip\n    var planyo_use_https = (\"https:\" == document.location.protocol); \/\/ set this to true if embedding planyo on a secure website (SSL)\n    \/\/var planyo_files_location = (planyo_use_https ? \"https\" : \"http\") + ':\/\/www.planyo.com\/Plugins\/PlanyoFiles'; \/\/ relative or absolute directory where the planyo files are kept (leave unchanged for plain-javascript implementation, otherwise e.g. '\/planyo-files' when using the ULAP scripts)\n    var planyo_files_location = '\/planyo-salesforce-integration\/planyo-files'\n    var empty_mode = false; \/\/ should be always set to false\n<\/script>\n\n<script type=\"text\/javascript\">\n    function get_param(name) { name = name.replace(\/[\\[]\/, \"\\\\\\[\").replace(\/[\\]]\/, \"\\\\\\]\"); var regexS = \"[\\\\?&]\" + name + \"=([^&#]*)\"; var regex = new RegExp(regexS); var results = regex.exec(window.location.href); if (results == null) return null; else return results[1]; }\n    if (get_param('mode')) planyo_embed_mode = get_param('mode');\n    function get_full_planyo_file_path(name) { if (planyo_files_location.length == 0 || planyo_files_location.lastIndexOf('\/') == planyo_files_location.length - 1) return planyo_files_location + name; else return planyo_files_location + '\/' + name; }\n<\/script>\n<div id=\"planyo_content\" class=\"planyo\"><img decoding=\"async\" src=\"https:\/\/www.planyo.com\/images\/hourglass.gif\" align=\"middle\"><\/div>\n<script src=\"https:\/\/www.planyo.com\/Plugins\/PlanyoFiles\/booking-utils.js\" type=\"text\/javascript\"><\/script>\n<style>\n    div.search-box,\n    #row_start_date,\n    #row_end_date,\n    .poweredby,\n    .site-footer>.container>.row {\n        display: none;\n    }\n\n    #search-results>.col-md-12 {\n        margin-bottom: 2em;\n        padding: 1em 0 2em 0;\n        border-bottom: 1px #F3F3F3 solid;\n    }\n\n    .search-price,\n    .action-buttons {\n        display: inline-block;\n    }\n\n    .action-buttons {\n        vertical-align: text-bottom;\n    }\n\n    select.form-control {\n        height: auto;\n    }\n\n    .resource-name {\n        max-width: 100%;\n    }\n\n    .resource-info {\n        border-bottom: 1px solid #f3f3f3;\n    }\n\n    .centered-content {\n        border-right: 0 none;\n    }\n\n    .planyo #product-page .btn-group .btn-primary {\n        padding: 6px 10px 6px 10px;\n        margin-right: 5px;\n    }\n\n    .planyo #product-page h4 {\n        font-weight: 500;\n    }\n\n    .planyo #product-page ul.list-group li::before {\n        content: none;\n        \/* Removes the manually added content *\/\n        margin: 0;\n        \/* Remove default margin *\/\n        padding: 0;\n        \/* Remove default padding *\/\n        margin-left: 0;\n        \/* Remove default margin *\/\n    }\n\n    .planyo #product-page ul {\n        margin: 0;\n        \/* Remove default margin *\/\n        margin-left: 0;\n        \/* Remove default margin *\/\n    }\n\n    .planyo #product-page .row div {\n        padding-right: 0;\n        padding-left: 0;\n    }\n\n    .planyo #product-page #res_form_buttons {\n        text-align: right;\n    }\n<\/style>\n\n\n\n","protected":false},"excerpt":{"rendered":"<p>Veuillez remplir un formulaire d&rsquo;inscription par personne. Vous trouverez ci-dessous toutes les options d&rsquo;h\u00e9bergement disponibles. Si vous ne voyez aucun lit disponible ou le type d&rsquo;h\u00e9bergement souhait\u00e9, cela signifie qu&rsquo;ils ont tous \u00e9t\u00e9 r\u00e9serv\u00e9s. Des places se lib\u00e9reront en cas d&rsquo;annulations. Vous pouvez donc revenir consulter la page d&rsquo;inscription pour v\u00e9rifier les disponibilit\u00e9s. A Bien<\/p>\n","protected":false},"author":1000,"featured_media":0,"parent":285068,"menu_order":0,"comment_status":"closed","ping_status":"closed","template":"","meta":{"_acf_changed":false,"sync_status":"","episode_type":"","audio_file":"","podmotor_file_id":"","podmotor_episode_id":"","castos_file_data":"","cover_image":"","cover_image_id":"","duration":"","filesize":"","filesize_raw":"","date_recorded":"","explicit":"","block":"","itunes_episode_number":"","itunes_title":"","itunes_season_number":"","itunes_episode_type":"","ep_exclude_from_search":false,"footnotes":""},"class_list":["post-596926","page","type-page","status-publish","hentry"],"acf":[],"_links":{"self":[{"href":"https:\/\/plumvillage.org\/fr\/wp-json\/wp\/v2\/pages\/596926","targetHints":{"allow":["GET"]}}],"collection":[{"href":"https:\/\/plumvillage.org\/fr\/wp-json\/wp\/v2\/pages"}],"about":[{"href":"https:\/\/plumvillage.org\/fr\/wp-json\/wp\/v2\/types\/page"}],"author":[{"embeddable":true,"href":"https:\/\/plumvillage.org\/fr\/wp-json\/wp\/v2\/users\/1000"}],"replies":[{"embeddable":true,"href":"https:\/\/plumvillage.org\/fr\/wp-json\/wp\/v2\/comments?post=596926"}],"version-history":[{"count":4,"href":"https:\/\/plumvillage.org\/fr\/wp-json\/wp\/v2\/pages\/596926\/revisions"}],"predecessor-version":[{"id":641013,"href":"https:\/\/plumvillage.org\/fr\/wp-json\/wp\/v2\/pages\/596926\/revisions\/641013"}],"up":[{"embeddable":true,"href":"https:\/\/plumvillage.org\/fr\/wp-json\/wp\/v2\/pages\/285068"}],"wp:attachment":[{"href":"https:\/\/plumvillage.org\/fr\/wp-json\/wp\/v2\/media?parent=596926"}],"curies":[{"name":"wp","href":"https:\/\/api.w.org\/{rel}","templated":true}]}}