{"id":155896,"date":"2022-03-26T16:40:58","date_gmt":"2022-03-26T15:40:58","guid":{"rendered":"https:\/\/plumvillage.org\/the-14-mindfulness-trainings\/"},"modified":"2023-04-05T16:14:24","modified_gmt":"2023-04-05T14:14:24","slug":"the-14-mindfulness-trainings","status":"publish","type":"page","link":"https:\/\/plumvillage.org\/it\/the-14-mindfulness-trainings","title":{"rendered":"I Quattordici Addestramenti alla Consapevolezza"},"content":{"rendered":"\n<figure class=\"wp-block-image alignright\"><img loading=\"lazy\" decoding=\"async\" width=\"1024\" height=\"576\" src=\"https:\/\/plumvillage.org\/wp-content\/uploads\/2019\/08\/DSC07927-1024x576.jpg\" alt=\"\" class=\"wp-image-139467\" srcset=\"https:\/\/plumvillage.org\/wp-content\/uploads\/2019\/08\/DSC07927-1024x576.jpg 1024w, https:\/\/plumvillage.org\/wp-content\/uploads\/2019\/08\/DSC07927-499x281.jpg 499w, https:\/\/plumvillage.org\/wp-content\/uploads\/2019\/08\/DSC07927-768x432.jpg 768w, https:\/\/plumvillage.org\/wp-content\/uploads\/2019\/08\/DSC07927.jpg 1920w\" sizes=\"auto, (max-width: 1024px) 100vw, 1024px\" \/><\/figure>\n\n\n\n<p class=\"has-large-font-size\">I quattordici addestramenti alla consapevolezza sono un distillato moderno dei tradizionali precetti del Bodhisattva del Buddismo Mahayana e sono stati creati da Thich Nhat Hanh a Saigon nel 1966.<\/p>\n\n\n\n<p>I monaci e gli amici laici che hanno fatto voto, con una cerimonia formale, di ricevere, studiare e osservare questi quattordici addestramenti sono conosciuti come &#8220;Membri dell&#8217;Ordine dell&#8217;Interessere&#8221;. L&#8217;Ordine dell&#8217;Interessere, attraverso il lignaggio del Plum Village di Thich Nhat Hanh, appartiene alla tradizione Linji (Rinzai) del Buddismo Zen.<\/p>\n\n\n\n<p>I primi sei membri dell&#8217;Ordine erano colleghi e studenti di Thich Nhat Hanh, che lavoravano con lui per alleviare le sofferenze della guerra in Vietnam. Unendosi all&#8217;Ordine dell&#8217;Interessere, si sono dedicati alla pratica continua della consapevolezza, al comportamento etico e all&#8217;azione compassionevole nella societ\u00e0.<\/p>\n\n\n\n<p>Oggi questi quattordici addestramenti delineano un modo di praticare armoniosamente in comunit\u00e0, seguito dai residenti di tutti i <a href=\"https:\/\/plumvillage.org\/it\/community\/monastic-practice-centres\/\" target=\"_blank\" rel=\"noreferrer noopener\">centri di pratica monastica internazionali<\/a> della tradizione di Plum Village. Al giorno d&#8217;oggi, ci sono pi\u00f9 di 2.000 membri laici, uomini e donne, dell&#8217;Ordine dell&#8217;Interessere, attivi nelle comunit\u00e0 locali di tutto il mondo.<\/p>\n\n\n\n<p>Per saperne di pi\u00f9 sui quattordici addestramenti alla consapevolezza e per scoprire come vengono applicati nel mondo di oggi, visitate <a href=\"https:\/\/www.interessere.it\/comunita-italiana-dellordine-dellinteressere\/\" target=\"_blank\" rel=\"noreferrer noopener\">il sito Internet dell&#8217;Ordine dell&#8217;Interessere in Italia<\/a>.<\/p>\n\n\n\n<p><em>Questa versione riveduta dei Quattordici addestramenti alla consapevolezza \u00e8 stata presentata da Thich Nhat Hanh alla Grande Cerimonia di Ordinazione tenutasi a Plum Village nel febbraio 2012.<\/em><\/p>\n\n\n\n<hr class=\"wp-block-separator has-css-opacity\"\/>\n\n\n\n<h2 class=\"wp-block-heading\">I Quattordici Addestramenti alla Consapevolezza<\/h2>\n\n\n\n<p><em><em>Gli Addestramenti alla Consapevolezza sono l\u2019autentica essenza dell\u2019Ordine dell\u2019Interessere. Sono la torcia che illumina il nostro sentiero, la barca che ci trasporta, il maestro che ci guida; ci permettono di entrare in contatto con la natura dell\u2019interessere in tutto ci\u00f2 che esiste e di renderci conto che la nostra felicit\u00e0 personale non \u00e8 separata dalla felicit\u00e0 degli altri. L\u2019interessere non \u00e8 una teoria, \u00e8 una realt\u00e0 della quale ognuno di noi pu\u00f2 fare esperienza diretta in ogni momento della vita quotidiana. I Quattordici Addestramenti alla Consapevolezza ci aiutano a coltivare in noi la concentrazione e la visione profonda che ci liberano dalla paura e dall\u2019illusione di un s\u00e9 separato.<\/em><\/em><\/p>\n\n\n\n<h4 class=\"wp-block-heading\">Il Primo Addestramento: Apertura<\/h4>\n\n\n\n<p>Consapevoli della sofferenza creata dal fanatismo e dall\u2019intolleranza, siamo determinati a non idolatrare n\u00e9 ritenere vincolante alcuna dottrina, teoria o ideologia, neppure quelle buddhiste. Ci impegniamo a considerare gli insegnamenti buddhisti come strumenti che ci guidano e ci aiutano a imparare a guardare in profondit\u00e0 e a sviluppare comprensione e compassione. Non sono dottrine per cui combattere, uccidere o morire. Comprendiamo che il fanatismo nelle sue molte forme, \u00e8 il risultato di una percezione dualistica e discriminante delle cose. Ci addestreremo a guardare ogni cosa con apertura e con la visione profonda dell\u2019interessere, per trasformare il dogmatismo e la violenza in noi stessi e nel mondo.<\/p>\n\n\n\n<h4 class=\"wp-block-heading\">Il Secondo Addestramento: Non attaccamento alle opinioni<\/h4>\n\n\n\n<p>Consapevoli della sofferenza creata dall\u2019attaccamento alle opinioni e alle percezioni erronee, siamo determinati a non avere una mente ristretta, legata alle opinioni attuali. Siamo determinati a imparare e praticare il non attaccamento alle opinioni e l\u2019apertura alla visione profonda e alle esperienze degli altri, cos\u00ec da trarre beneficio dalla saggezza collettiva. La visione profonda si rivela attraverso la pratica dell\u2019ascolto compassionevole, dell\u2019osservazione profonda e del lasciar andare le nozioni, non attraverso l\u2019accrescimento della conoscenza intellettuale. Siamo consapevoli che la conoscenza che possediamo al momento non \u00e8 l\u2019immutabile e assoluta verit\u00e0. La verit\u00e0 si trova nella vita e noi osserveremo la vita in noi e intorno a noi in ogni momento, pronti a imparare da essa.<\/p>\n\n\n\n<h4 class=\"wp-block-heading\">Il Terzo Addestramento: Libert\u00e0 di pensiero<\/h4>\n\n\n\n<p>Consapevoli della sofferenza che si genera quando imponiamo agli altri le nostre opinioni, siamo determinati a non forzare gli altri, neppure i nostri figli, ad adottare le nostre opinioni, con alcun mezzo: autorit\u00e0, minacce, denaro, propaganda o indottrinamento. Ci impegniamo a rispettare il diritto degli altri di essere diversi e di scegliere in cosa credere e come decidere. Tuttavia impareremo ad aiutare gli altri ad abbandonare e trasformare la ristrettezza mentale utilizzando la parola amorevole e il dialogo compassionevole.<\/p>\n\n\n\n<h4 class=\"wp-block-heading\">Il Quarto Addestramento: Consapevolezza della sofferenza<\/h4>\n\n\n\n<p>Consapevoli che guardare in profondit\u00e0 la natura della sofferenza pu\u00f2 aiutarci a sviluppare la comprensione e la compassione, siamo determinati a tornare a noi stessi, a riconoscere, accettare, abbracciare e ascoltare la sofferenza con l\u2019energia della consapevolezza. Faremo del nostro meglio per non fuggire dalla nostra sofferenza n\u00e9 coprirla con consumi compulsivi; praticheremo invece la consapevolezza del respiro e la meditazione camminata per osservare in profondit\u00e0 le sue radici. Sappiamo che solo comprendendo le radici della sofferenza possiamo trovare la via che conduce alla sua trasformazione. Una volta compresa la nostra sofferenza personale, saremo in grado di comprendere quella degli altri. Ci impegniamo a trovare il modo \u2013 attraverso contatti personali, telefonici, informatici, audiovisivi e altri \u2013 per stare con coloro che soffrono aiutandoli cos\u00ec a trasformare la sofferenza in compassione, pace e gioia.<\/p>\n\n\n\n<h4 class=\"wp-block-heading\">Il Quinto Addestramento: Vita sana fondata sulla compassione<\/h4>\n\n\n\n<p>Consapevoli che la vera felicit\u00e0 si fonda sulla pace, la stabilit\u00e0, la libert\u00e0 e la compassione, siamo determinati a non accumulare ricchezze mentre ci sono milioni di esseri che hanno fame e muoiono, e a non porci come scopo della vita la fama, il profitto, la ricchezza o il piacere dei sensi, che possono portare molta sofferenza e disperazione. Praticheremo l\u2019osservazione profonda del modo in cui nutriamo il corpo e la mente con cibo commestibile, impressioni dei sensi, volizione e coscienza. Ci impegniamo a non giocare d\u2019azzardo e a non fare uso di alcol, droghe n\u00e9 di altri prodotti e stimoli che introducano tossine nel nostro corpo e nella nostra coscienza, cos\u00ec come nel corpo e nella coscienza collettivi, come certi siti web, giochi elettronici, brani musicali, programmi televisivi, film, riviste, libri e conversazioni. Orienteremo le nostre scelte di consumatori in modo da proteggere la compassione, la pace, la gioia e il benessere nel nostro corpo e nella nostra coscienza, come nel corpo e nella coscienza collettivi della nostra famiglia, della societ\u00e0 e della Terra.<\/p>\n\n\n\n<h4 class=\"wp-block-heading\">Il Sesto Addestramento: Prendersi cura della rabbia<\/h4>\n\n\n\n<p>Consapevoli che la rabbia blocca la comunicazione e crea sofferenza, siamo determinati a prenderci cura dell\u2019energia della rabbia quando sorge e a riconoscerne e trasformarne i semi che giacciono nel profondo della nostra coscienza. Quando sorge la rabbia, siamo determinati a non fare e a non dire nulla, praticando invece il respiro consapevole e la meditazione camminata, per riconoscere, abbracciare e guardare in profondit\u00e0 la rabbia. Sappiamo che le radici della rabbia non sono al di fuori di noi ma possono essere trovate nelle nostre percezioni erronee e nella nostra mancanza di comprensione della sofferenza in noi stessi e nell\u2019altro. Contemplando l\u2019impermanenza saremo in grado di guardare con gli occhi della compassione noi stessi e coloro che pensiamo essere la causa della nostra rabbia, e a riconoscere la preziosit\u00e0 delle nostre relazioni umane. Praticheremo la Retta Diligenza per nutrire la nostra capacit\u00e0 di comprensione, amore, gioia e inclusivit\u00e0, trasformando gradualmente la nostra rabbia, violenza e paura e aiutando gli altri a fare lo stesso.<\/p>\n\n\n\n<h4 class=\"wp-block-heading\">Il Settimo Addestramento: Dimorare felicemente nel momento presente<\/h4>\n\n\n\n<p>Consapevoli che la vita \u00e8 disponibile solo nel momento presente ci impegniamo ad addestrarci a vivere a fondo ogni momento della nostra vita quotidiana. Cercheremo di non perderci nella dispersione n\u00e9 di lasciarci trascinare dai rimpianti del passato, dalle preoccupazioni per il futuro, o dall\u2019avidit\u00e0, dalla rabbia e dalla gelosia nel presente. Praticheremo la consapevolezza del respiro per essere coscienti di ci\u00f2 che accade qui e ora. Siamo determinati a imparare l\u2019arte di vivere in consapevolezza, entrando in contatto, in ogni situazione, con gli elementi meravigliosi, vitali e salutari che esistono in noi e intorno a noi. Cos\u00ec facendo saremo in grado di coltivare semi di gioia, pace, amore e comprensione in noi stessi, facilitando l\u2019opera di trasformazione e di guarigione della nostra coscienza. Siamo consapevoli che la felicit\u00e0 dipende innanzitutto dal nostro atteggiamento mentale e non da condizioni esterne, e che per vivere felicemente nel momento presente ci basta ricordare di avere gi\u00e0 condizioni pi\u00f9 che sufficienti per essere felici.<\/p>\n\n\n\n<h4 class=\"wp-block-heading\">L\u2019Ottavo Addestramento: Vera comunit\u00e0 e comunicazione<\/h4>\n\n\n\n<p>Consapevoli che la mancanza di comunicazione porta sempre divisione e sofferenza, ci impegniamo ad addestrarci nella pratica dell\u2019ascolto compassionevole e della parola amorevole. Sapendo che una vera comunit\u00e0 si fonda sull\u2019inclusivit\u00e0 e sulla pratica concreta dell\u2019armonia di visione, pensiero e parola, praticheremo la condivisione della nostra comprensione e delle nostre esperienze con i membri della comunit\u00e0, per raggiungere una visione profonda collettiva. Siamo determinati a imparare ad ascoltare in profondit\u00e0 senza giudicare o reagire e ad astenerci dal pronunciare parole che possano generare discordia o divisione nella comunit\u00e0. <\/p>\n\n\n\n<p>Ogni volta che sorger\u00e0 una difficolt\u00e0 rimarremo nel sangha e praticheremo l\u2019osservazione profonda di noi stessi e degli altri per riconoscere tutte le cause e condizioni, comprese le nostre energie dell\u2019abitudine, che hanno generato quella difficolt\u00e0. Ci assumeremo la responsabilit\u00e0 dei comportamenti con cui abbiamo contribuito a far nascere il conflitto e manterremo aperta la comunicazione. Non ci comporteremo da vittime ma cercheremo attivamente il modo di ricomporre e risolvere tutti i conflitti, per quanto piccoli.<\/p>\n\n\n\n<h4 class=\"wp-block-heading\">Il Nono Addestramento: Parola veritiera e amorevole<\/h4>\n\n\n\n<p>Consapevoli che le parole possono creare sofferenza o felicit\u00e0, ci impegniamo a imparare a parlare in modo veritiero, amorevole e costruttivo. Useremo solo parole che ispirino gioia, fiducia e speranza e che promuovano la riconciliazione e la pace in noi stessi e fra gli altri. Parleremo e ascolteremo in modi che possano aiutare noi stessi e gli altri a trasformare la sofferenza e a trovare una via d\u2019uscita da situazioni difficili. Siamo determinati a non dire il falso a vantaggio di interessi personali o per impressionare gli altri e a non pronunciare parole che causino divisione e odio. Proteggeremo la gioia e l\u2019armonia del sangha astenendoci dal parlare degli errori di altri in loro assenza e ci chiederemo sempre se le nostre percezioni siano corrette. Parleremo solo con l\u2019intenzione di comprendere la situazione e di contribuire a trasformarla. Non diffonderemo notizie di cui non siamo certi e non condanneremo cose di cui non siamo sicuri. Faremo del nostro meglio per denunciare situazioni di ingiustizia, anche quando ci\u00f2 potrebbe crearci difficolt\u00e0 o minacciare la nostra sicurezza.<\/p>\n\n\n\n<h4 class=\"wp-block-heading\">Il Decimo Addestramento: Proteggere e nutrire il Sangha<\/h4>\n\n\n\n<p>Consapevoli che l\u2019essenza e lo scopo di un Sangha \u00e8 la pratica della comprensione e della compassione, siamo determinati a non usare la comunit\u00e0 buddhista per trarne potere o profitto personale e a non trasformare la nostra comunit\u00e0 in uno strumento politico. Tuttavia, in quanto membri di una comunit\u00e0 spirituale, dovremmo prendere una posizione chiara contro l\u2019oppressione e l\u2019ingiustizia e dovremmo lottare per cambiare la situazione, senza prendere le parti di nessuno nei conflitti. Ci impegniamo a guardare le cose con gli occhi dell\u2019interessere e a imparare a considerare noi stessi e gli altri come cellule di un unico corpo del Sangha. Ognuno di noi, in quanto vera cellula del corpo del Sangha \u2013 che genera la consapevolezza, la concentrazione e la visione profonda di cui nutre se stessa e l\u2019intera comunit\u00e0 \u2013 \u00e8 allo stesso tempo anche una cellula del corpo del Buddha. Costruiremo attivamente la fratellanza e la sorellanza, scorreremo insieme come un fiume e praticheremo per sviluppare i tre veri poteri \u2013 comprensione, amore e capacit\u00e0 di attraversare le afflizioni \u2013 per realizzare il risveglio collettivo.<\/p>\n\n\n\n<h4 class=\"wp-block-heading\">L\u2019Undicesimo Addestramento: Retto sostentamento<\/h4>\n\n\n\n<p>Consapevoli che l\u2019ambiente e la societ\u00e0 hanno sub\u00ecto grandi violenze e ingiustizie, ci impegniamo a non vivere di una professione dannosa per gli esseri umani e per la natura. Faremo del nostro meglio per scegliere un mezzo di sostentamento che contribuisca al benessere di tutte le specie sulla Terra e che ci aiuti a realizzare il nostro ideale di comprensione e di compassione. Consapevoli delle realt\u00e0 economiche politiche e sociali in tutto il mondo, come anche della nostra personale interrelazione con l\u2019ecosistema, siamo determinati a comportarci in modo responsabile come consumatori e come cittadini. Non faremo investimenti o acquisti presso aziende che contribuiscano all\u2019esaurimento delle risorse naturali, danneggino la Terra e privino altre persone della possibilit\u00e0 di vivere.<\/p>\n\n\n\n<h4 class=\"wp-block-heading\">Il Dodicesimo Addestramento: Rispetto profondo per la vita<\/h4>\n\n\n\n<p>Consapevoli che molta sofferenza \u00e8 causata da guerre e conflitti, siamo determinati a coltivare nella vita quotidiana la nonviolenza, la compassione e la visione profonda dell\u2019interessere e a promuovere l\u2019educazione alla pace, la mediazione consapevole e la riconciliazione nelle famiglie, nelle comunit\u00e0, in gruppi etnici e religiosi, fra le nazioni, nel mondo. Ci impegniamo a non uccidere e a non lasciare che altri uccidano. Non daremo il nostro sostegno ad alcun atto di uccisione nel mondo, nel nostro pensiero o nel nostro modo di vivere. Con il nostro Sangha praticheremo diligentemente l\u2019osservazione profonda per scoprire modi migliori per proteggere la vita, prevenire la guerra, costruire la pace.<\/p>\n\n\n\n<h4 class=\"wp-block-heading\">Il Tredicesimo Addestramento: Generosit\u00e0<\/h4>\n\n\n\n<p>Consapevoli della sofferenza causata da sfruttamento, ingiustizia sociale, furto e oppressione, ci impegniamo a coltivare la generosit\u00e0 nel nostro modo di pensare, di parlare e di agire. Praticheremo la gentilezza amorevole operando per la felicit\u00e0 di persone, animali, piante e minerali e condividendo tempo, energie e risorse materiali con chi \u00e8 in stato di bisogno. Siamo determinati a non rubare e a non impadronirci di nulla che potrebbe appartenere ad altri. Rispetteremo la propriet\u00e0 altrui, ma cercheremo di impedire che altri traggano profitto dalla sofferenza umana e dalla sofferenza di altri esseri.<\/p>\n\n\n\n<h4 class=\"wp-block-heading\">Il Quattordicesimo Addestramento: Vero amore<\/h4>\n\n\n\n<p><strong>[Per i membri laici:]<\/strong>\u00a0Consapevoli che il desiderio sessuale non \u00e8 amore e che le relazioni sessuali motivate dal desiderio non possono dissipare la sensazione di solitudine, ma creeranno maggiore sofferenza, frustrazione e isolamento, siamo determinati a non intraprendere relazioni sessuali senza comprensione reciproca, amore e un profondo impegno a lungo termine. Ci impegniamo a trovare un sostegno spirituale per l&#8217;integrit\u00e0 delle nostre relazioni da parte di familiari, amici e sangha con cui c&#8217;\u00e8 sostegno e fiducia. Sappiamo che per preservare la felicit\u00e0 nostra e degli altri, dobbiamo rispettare i diritti e gli impegni nostri e degli altri. Riconoscendo la diversit\u00e0 dell&#8217;esperienza umana, ci impegniamo a non discriminare alcuna forma di identit\u00e0 di genere o di orientamento sessuale. Poich\u00e9 il corpo e la mente sono interrelati, ci impegniamo a imparare modi appropriati per prenderci cura della nostra energia sessuale e a coltivare la gentilezza amorevole, la compassione, la gioia e l&#8217;inclusivit\u00e0 per la nostra felicit\u00e0 e quella degli altri. Dobbiamo essere consapevoli della sofferenza futura che pu\u00f2 essere causata dai rapporti sessuali. Tratteremo il nostro corpo con compassione e rispetto. Siamo determinati ad investigare profondamente i Quattro Nutrimenti e ad apprendere modi per preservare e canalizzare le nostre energie vitali (sessuali, del respiro, dello spirito) per la realizzazione del nostro ideale di bodhisattva. Faremo tutto ci\u00f2 che \u00e8 in nostro potere per proteggere i bambini dagli abusi sessuali e per proteggere le coppie e le famiglie dall&#8217;essere distrutte da una scorretta condotta sessuale. Saremo pienamente consapevoli della responsabilit\u00e0 di mettere al mondo nuove vite e mediteremo regolarmente sul loro ambiente futuro.<\/p>\n\n\n\n<p><strong>[Per i membri monastici:]<\/strong>\u00a0Consapevoli che la profonda aspirazione di un monaco o di una monaca pu\u00f2 essere realizzata solo quando abbandoniamo completamente i legami dell&#8217;amore sensuale, ci impegniamo a praticare la castit\u00e0 e ad aiutare gli altri a proteggersi. Siamo consapevoli che la solitudine e la sofferenza non possono essere alleviate da una relazione sessuale, ma dalla pratica della gentilezza amorevole, della compassione, della gioia e dell&#8217;inclusivit\u00e0. Sappiamo che una relazione sessuale distrugger\u00e0 la nostra vita monastica, ci impedir\u00e0 di realizzare il nostro ideale di servire gli esseri viventi e dannegger\u00e0 gli altri. Impareremo a prenderci cura della nostra energia sessuale in modo appropriato. Siamo determinati a non sopprimere o maltrattare il nostro corpo, n\u00e9 a considerarlo solo uno strumento, ma impareremo a gestirlo con compassione e rispetto. Investigheremo profondamente i Quattro Nutrimenti per preservare e canalizzare le nostre energie vitali (sessuali, del respiro, dello spirito) per la realizzazione del nostro ideale di bodhisattva.<\/p>\n\n\n\n<p><\/p>\n\n\n\n<div class=\"wp-block-file\"><a id=\"wp-block-file--media-606f0f8c-183b-432a-8c90-47fb7597ce79\" href=\"https:\/\/plumvillage.org\/wp-content\/uploads\/2019\/11\/The-Fourteen-Mindfulness-Trainings2012-1.pdf\">The Fourteen Mindfulness Trainings (2012) pdf<\/a><a href=\"https:\/\/plumvillage.org\/wp-content\/uploads\/2019\/11\/The-Fourteen-Mindfulness-Trainings2012-1.pdf\" class=\"wp-block-file__button wp-element-button\" download aria-describedby=\"wp-block-file--media-606f0f8c-183b-432a-8c90-47fb7597ce79\">Download<\/a><\/div>\n","protected":false},"excerpt":{"rendered":"<p>I quattordici addestramenti alla consapevolezza sono un distillato moderno dei tradizionali precetti del Bodhisattva del Buddismo Mahayana e sono stati creati da Thich Nhat Hanh a Saigon nel 1966. I monaci e gli amici laici che hanno fatto voto, con una cerimonia formale, di ricevere, studiare e osservare questi quattordici addestramenti sono conosciuti come &#8220;Membri<\/p>\n","protected":false},"author":9,"featured_media":0,"parent":0,"menu_order":0,"comment_status":"closed","ping_status":"closed","template":"","meta":{"_acf_changed":false,"sync_status":"","episode_type":"","audio_file":"","castos_file_data":"","podmotor_file_id":"","cover_image":"","cover_image_id":"","duration":"","filesize":"","filesize_raw":"","date_recorded":"","explicit":"","block":"","itunes_episode_number":"","itunes_title":"","itunes_season_number":"","itunes_episode_type":"","ep_exclude_from_search":false,"footnotes":""},"class_list":["post-155896","page","type-page","status-publish","hentry"],"acf":[],"_links":{"self":[{"href":"https:\/\/plumvillage.org\/it\/wp-json\/wp\/v2\/pages\/155896","targetHints":{"allow":["GET"]}}],"collection":[{"href":"https:\/\/plumvillage.org\/it\/wp-json\/wp\/v2\/pages"}],"about":[{"href":"https:\/\/plumvillage.org\/it\/wp-json\/wp\/v2\/types\/page"}],"author":[{"embeddable":true,"href":"https:\/\/plumvillage.org\/it\/wp-json\/wp\/v2\/users\/9"}],"replies":[{"embeddable":true,"href":"https:\/\/plumvillage.org\/it\/wp-json\/wp\/v2\/comments?post=155896"}],"version-history":[{"count":3,"href":"https:\/\/plumvillage.org\/it\/wp-json\/wp\/v2\/pages\/155896\/revisions"}],"predecessor-version":[{"id":372178,"href":"https:\/\/plumvillage.org\/it\/wp-json\/wp\/v2\/pages\/155896\/revisions\/372178"}],"wp:attachment":[{"href":"https:\/\/plumvillage.org\/it\/wp-json\/wp\/v2\/media?parent=155896"}],"curies":[{"name":"wp","href":"https:\/\/api.w.org\/{rel}","templated":true}]}}