{"id":275650,"date":"2022-03-14T19:40:24","date_gmt":"2022-03-14T18:40:24","guid":{"rendered":"https:\/\/plumvillage.org\/?page_id=275650"},"modified":"2022-03-14T19:40:25","modified_gmt":"2022-03-14T18:40:25","slug":"protocollo-sanitario-per-i-ritiri-a-plum-village","status":"publish","type":"page","link":"https:\/\/plumvillage.org\/it\/retreats\/protocollo-sanitario-per-i-ritiri-a-plum-village","title":{"rendered":"Protocollo sanitario per i ritiri a Plum Village"},"content":{"rendered":"\n<p>AGGIORNAMENTO: A partire dal 14 marzo 2022, alla luce dell\u2019allentamento delle restrizioni Covid in Francia, la comunit\u00e0 di Plum Village ha sospeso la maggior parte dei nostri precedenti protocolli sanitari.<\/p>\n\n\n\n<p>I principali protocolli che ora chiediamo a tutti gli ospiti di seguire \u00e8 quello di mantenere le distanze sociali durante il ritiro e di indossare una maschera durante il nostro servizio navetta il giorno di arrivo. Gli ospiti sono invitati a indossare una maschera durante il ritiro se lo desiderano, tuttavia, questo non sar\u00e0 pi\u00f9 un requisito della comunit\u00e0.<\/p>\n\n\n\n<p>Inoltre, se hai dei sintomi e risulti positivo al Covid-19 durante il tuo soggiorno a Plum Village, potremmo chiederti di tornare a casa per curarti.<\/p>\n\n\n\n<p>Se si verificano sintomi di Covid prima del vostro arrivo, si prega di non venire a Plum Village e ci organizzeremo per un altro momento per voi di venire.<\/p>\n\n\n\n<p>Chiediamo anche che, oltre a praticare la distanza sociale, tutti gli ospiti pratichino le misure generali di protezione, tra cui ventilare regolarmente le camere da letto e gli spazi interni durante il giorno, lavarsi le mani o applicare il gel igienizzante per le mani, tossire e starnutire nel gomito o in un fazzoletto e metterlo nel cestino dei rifiuti, e poi lavarsi le mani.&nbsp;<\/p>\n\n\n\n<p>Nel caso in cui si verifichi un\u2019epidemia, la comunit\u00e0 in cui sei iscritto pu\u00f2 ritenere necessario annullare il ritiro, per evitare la diffusione del virus. Questo pu\u00f2 significare l\u2019annullamento nelle settimane o nei giorni che precedono il giorno dell\u2019arrivo, o il giorno dell\u2019arrivo, o durante il ritiro. Ci\u00f2 potrebbe significare che, in tal caso, dovrete essere preparati a fare piani di viaggio e di alloggio alternativi. Si prega di fare riferimento alla nostra politica relativa alle cancellazioni legate al Covid-19 qui.<\/p>\n\n\n\n<p><br>Le raccomandiamo di controllare regolarmente le eventuali restrizioni di viaggio e i requisiti per entrare e viaggiare in Francia <a href=\"https:\/\/www.diplomatie.gouv.fr\/en\/coming-to-france\/coming-to-france-your-covid-19-questions-answered\/\">qui<\/a> o direttamente con l\u2019ambasciata del suo paese.<\/p>\n\n\n\n<p><em>Nota bene: questi protocolli sanitari sono soggetti a modifiche in base alla situazione attuale.<\/em><\/p>\n","protected":false},"excerpt":{"rendered":"<p>AGGIORNAMENTO: A partire dal 14 marzo 2022, alla luce dell\u2019allentamento delle restrizioni Covid in Francia, la comunit\u00e0 di Plum Village ha sospeso la maggior parte dei nostri precedenti protocolli sanitari. I principali protocolli che ora chiediamo a tutti gli ospiti di seguire \u00e8 quello di mantenere le distanze sociali durante il ritiro e di indossare<\/p>\n","protected":false},"author":1088,"featured_media":0,"parent":156044,"menu_order":5,"comment_status":"closed","ping_status":"closed","template":"","meta":{"_acf_changed":false,"sync_status":"","episode_type":"","audio_file":"","castos_file_data":"","podmotor_file_id":"","cover_image":"","cover_image_id":"","duration":"","filesize":"","filesize_raw":"","date_recorded":"","explicit":"","block":"","itunes_episode_number":"","itunes_title":"","itunes_season_number":"","itunes_episode_type":"","ep_exclude_from_search":false,"footnotes":""},"class_list":["post-275650","page","type-page","status-publish","hentry"],"acf":[],"_links":{"self":[{"href":"https:\/\/plumvillage.org\/it\/wp-json\/wp\/v2\/pages\/275650","targetHints":{"allow":["GET"]}}],"collection":[{"href":"https:\/\/plumvillage.org\/it\/wp-json\/wp\/v2\/pages"}],"about":[{"href":"https:\/\/plumvillage.org\/it\/wp-json\/wp\/v2\/types\/page"}],"author":[{"embeddable":true,"href":"https:\/\/plumvillage.org\/it\/wp-json\/wp\/v2\/users\/1088"}],"replies":[{"embeddable":true,"href":"https:\/\/plumvillage.org\/it\/wp-json\/wp\/v2\/comments?post=275650"}],"version-history":[{"count":0,"href":"https:\/\/plumvillage.org\/it\/wp-json\/wp\/v2\/pages\/275650\/revisions"}],"up":[{"embeddable":true,"href":"https:\/\/plumvillage.org\/it\/wp-json\/wp\/v2\/pages\/156044"}],"wp:attachment":[{"href":"https:\/\/plumvillage.org\/it\/wp-json\/wp\/v2\/media?parent=275650"}],"curies":[{"name":"wp","href":"https:\/\/api.w.org\/{rel}","templated":true}]}}