{"id":367868,"date":"2023-03-02T00:00:27","date_gmt":"2023-03-01T23:00:27","guid":{"rendered":"https:\/\/plumvillage.org\/coming-with-friends-who-also-have-children\/"},"modified":"2023-03-03T23:20:39","modified_gmt":"2023-03-03T22:20:39","slug":"coming-with-friends-who-also-have-children","status":"publish","type":"page","link":"https:\/\/plumvillage.org\/it\/coming-with-friends-who-also-have-children","title":{"rendered":"Venire con amici che hanno anche loro figli"},"content":{"rendered":"\n<p><\/p>\n\n\n\n<h2 class=\"wp-block-heading\">Se venite con amici che hanno bambini, vi preghiamo di effettuare <strong>una prenotazione per famiglia<\/strong>, poich\u00e9 il nostro sistema non pu\u00f2 accettare pi\u00f9 di 3 adulti e 6 bambini per prenotazione.<\/h2>\n\n\n\n<p><\/p>\n\n\n\n<p><strong><a href=\"https:\/\/typebot.io\/family-2023-it\">Cliccare qui<\/a> <\/strong>per iniziare a registrare la prima famiglia.<\/p>\n\n\n\n<p><strong><a href=\"https:\/\/typebot.io\/family-2023-it\">Cliccare qui<\/a> <\/strong>per iniziare a registrare qualsiasi altra famiglia..<\/p>\n\n\n\n<p><strong>Se desiderate stare insieme, aggiungete il nome dell&#8217;altra famiglia nella sezione Note alla fine dell&#8217;ultima prenotazione.<\/strong><\/p>\n\n\n\n<p>Non possiamo garantire l&#8217;abbinamento nella stessa frazione.<\/p>\n\n\n\n<p class=\"has-text-align-center has-small-font-size\"><a href=\"https:\/\/plumvillage.org\/it\/retreats\/info\/apertura-estiva-2023\/\">Torna alla pagina di registrazione est<\/a><a href=\"https:\/\/plumvillage.org\/summer-retreat-registration-page\/\">iva<\/a><\/p>\n","protected":false},"excerpt":{"rendered":"<p>Se venite con amici che hanno bambini, vi preghiamo di effettuare una prenotazione per famiglia, poich\u00e9 il nostro sistema non pu\u00f2 accettare pi\u00f9 di 3 adulti e 6 bambini per prenotazione. Cliccare qui per iniziare a registrare la prima famiglia. Cliccare qui per iniziare a registrare qualsiasi altra famiglia.. Se desiderate stare insieme, aggiungete il<\/p>\n","protected":false},"author":1112,"featured_media":0,"parent":0,"menu_order":0,"comment_status":"closed","ping_status":"closed","template":"","meta":{"_acf_changed":false,"sync_status":"","episode_type":"","audio_file":"","castos_file_data":"","podmotor_file_id":"","cover_image":"","cover_image_id":"","duration":"","filesize":"","filesize_raw":"","date_recorded":"","explicit":"","block":"","itunes_episode_number":"","itunes_title":"","itunes_season_number":"","itunes_episode_type":"","ep_exclude_from_search":false,"footnotes":""},"class_list":["post-367868","page","type-page","status-publish","hentry"],"acf":[],"_links":{"self":[{"href":"https:\/\/plumvillage.org\/it\/wp-json\/wp\/v2\/pages\/367868","targetHints":{"allow":["GET"]}}],"collection":[{"href":"https:\/\/plumvillage.org\/it\/wp-json\/wp\/v2\/pages"}],"about":[{"href":"https:\/\/plumvillage.org\/it\/wp-json\/wp\/v2\/types\/page"}],"author":[{"embeddable":true,"href":"https:\/\/plumvillage.org\/it\/wp-json\/wp\/v2\/users\/1112"}],"replies":[{"embeddable":true,"href":"https:\/\/plumvillage.org\/it\/wp-json\/wp\/v2\/comments?post=367868"}],"version-history":[{"count":2,"href":"https:\/\/plumvillage.org\/it\/wp-json\/wp\/v2\/pages\/367868\/revisions"}],"predecessor-version":[{"id":367877,"href":"https:\/\/plumvillage.org\/it\/wp-json\/wp\/v2\/pages\/367868\/revisions\/367877"}],"wp:attachment":[{"href":"https:\/\/plumvillage.org\/it\/wp-json\/wp\/v2\/media?parent=367868"}],"curies":[{"name":"wp","href":"https:\/\/api.w.org\/{rel}","templated":true}]}}